{"id":7295,"date":"2024-03-02T19:49:49","date_gmt":"2024-03-02T19:49:49","guid":{"rendered":"https:\/\/be-healthy.taniko.me\/?post_type=product&#038;p=7295"},"modified":"2024-10-10T16:08:05","modified_gmt":"2024-10-10T16:08:05","slug":"avalon-organics-shampoo-scalp-treatment-tea-tree-32-fl-oz-946-ml","status":"publish","type":"product","link":"https:\/\/be-healthy.taniko.me\/uk\/product\/avalon-organics-shampoo-scalp-treatment-tea-tree-32-fl-oz-946-ml\/","title":{"rendered":"Avalon Organics, Shampoo, Scalp Treatment,  32 fl oz (946 ml)"},"content":{"rendered":"<div class=\"row item-row\">\n<div class=\"col-xs-24\">\n<p>\u041e\u043f\u0438\u0441<br \/>\nPoti\u010de dobrobit vlasi\u0161ta i ostavlja kosu mekom i zdravog izgleda<br \/>\nNSF certificiran<br \/>\nBez GMO-a<br \/>\nveganska<br \/>\nBiorazgradivo<br \/>\nDuboko ukorijenjena njega ljepote<br \/>\nHain nebeski<br \/>\nZeko ska\u010du\u0107i certificiran<br \/>\nCertificiran od strane QAI prema NSF\/ANSI 305<br \/>\npH uravnote\u017een<br \/>\nSadr\u017ei organske sastojke<\/p>\n<p>\u0160ampon za njegu vlasi\u0161ta s eteri\u010dnim uljem \u010dajevca<\/p>\n<p>Formuliran protiv nelagode na vlasi\u0161tu, ovaj \u0161ampon, koji sadr\u017ei mje\u0161avinu eteri\u010dnog ulja \u010dajevca, beta-glukana, aloe, proteina kvinoje i vitamina E, djeluje na nje\u017eno \u010di\u0161\u0107enje i njegu kose te pru\u017ea ugodu vlasi\u0161tu.<\/p>\n<p>\u0420\u0435\u043a\u043e\u043c\u0435\u043d\u0434\u0430\u0446\u0456\u0457 \u0456\u0437 \u0437\u0430\u0441\u0442\u043e\u0441\u0443\u0432\u0430\u043d\u043d\u044f<\/p>\n<p>Nje\u017eno masiranje u mokru kosu stvara bogatu pjenu za \u010di\u0161\u0107enje. Ispiranje i naknadno kori\u0161tenje regeneratora za njegu vlasi\u0161ta \u010dajevca daje najbolje rezultate.<\/p>\n<p>\u0406\u043d\u0448\u0456 \u0456\u043d\u0433\u0440\u0435\u0434\u0456\u0454\u043d\u0442\u0438<\/p>\n<p>Sok lista Aloe barbadensis\u00b9, voda (aqua), natrijev kokosulfat, natrijev laurilglukozid hidroksipropilsulfonat, decil glukozid, ulje kore citrus aurantium dulcis (naran\u010de), ulje lista eukaliptusa globulusa, ulje lista melaleuca alternifolia (\u010dajevac)\u00b9, ulje lista mente arvensis, ulje menthe piperita (paprene metvice), ulje lista rosmarinus officinalis (ru\u017emarin), mekinje avena sativa (zobene), ekstrakt cvijeta nevena\u00b9, ekstrakt cvijeta chamomilla recutita (matricaria)\u00b9, sjeme chenopodium quinoa\u00b9, tokoferil acetat, babassu ulje poligliceril-4 esteri, beta -glukan, bisabolol, limunska kiselina, koko-glukozid, gliceril oleat, inulin\u00b9, natrijev klorid, natrijev fitat, natrijev sulfat, alkohol, benzil alkohol, kalijev sorbat, natrijev benzoat, limonen.<\/p>\n<p>\u00b9Certificirani organski sastojak<\/p>\n<p>Formulirano bez GMO-a, natrijevog lauril\/lauret sulfata, sinteti\u010dkih boja ili mirisa, ftalata ili testiranja na \u017eivotinjama.<\/p>\n<p>\u041f\u043e\u043f\u0435\u0440\u0435\u0434\u0436\u0435\u043d\u043d\u044f<\/p>\n<p>Samo za vanjsku upotrebu. Izbjegavati kontakt s o\u010dima. \u010cuvati izvan dohvata djece.<\/p>\n<\/div>\n<\/div>","protected":false},"excerpt":{"rendered":"<p>Opis Poti\u010de dobrobit vlasi\u0161ta i ostavlja kosu mekom i zdravog izgleda NSF certificiran Bez GMO-a veganska Biorazgradivo Duboko ukorijenjena njega ljepote Hain nebeski Zeko ska\u010du\u0107i certificiran Certificiran od strane QAI prema NSF\/ANSI 305 pH uravnote\u017een Sadr\u017ei organske sastojke \u0160ampon za njegu vlasi\u0161ta s eteri\u010dnim uljem \u010dajevca Formuliran protiv nelagode na vlasi\u0161tu, ovaj \u0161ampon, koji sadr\u017ei[&#8230;]<\/p>","protected":false},"featured_media":7300,"comment_status":"open","ping_status":"closed","template":"","meta":{"inline_featured_image":false},"product_cat":[25,74],"product_tag":[],"class_list":{"0":"post-7295","1":"product","2":"type-product","3":"status-publish","4":"has-post-thumbnail","6":"product_cat-beauty","7":"product_cat-hair-care","9":"first","10":"instock","11":"featured","12":"shipping-taxable","13":"purchasable","14":"product-type-variable"},"_links":{"self":[{"href":"https:\/\/be-healthy.taniko.me\/uk\/wp-json\/wp\/v2\/product\/7295","targetHints":{"allow":["GET"]}}],"collection":[{"href":"https:\/\/be-healthy.taniko.me\/uk\/wp-json\/wp\/v2\/product"}],"about":[{"href":"https:\/\/be-healthy.taniko.me\/uk\/wp-json\/wp\/v2\/types\/product"}],"replies":[{"embeddable":true,"href":"https:\/\/be-healthy.taniko.me\/uk\/wp-json\/wp\/v2\/comments?post=7295"}],"wp:featuredmedia":[{"embeddable":true,"href":"https:\/\/be-healthy.taniko.me\/uk\/wp-json\/wp\/v2\/media\/7300"}],"wp:attachment":[{"href":"https:\/\/be-healthy.taniko.me\/uk\/wp-json\/wp\/v2\/media?parent=7295"}],"wp:term":[{"taxonomy":"product_cat","embeddable":true,"href":"https:\/\/be-healthy.taniko.me\/uk\/wp-json\/wp\/v2\/product_cat?post=7295"},{"taxonomy":"product_tag","embeddable":true,"href":"https:\/\/be-healthy.taniko.me\/uk\/wp-json\/wp\/v2\/product_tag?post=7295"}],"curies":[{"name":"wp","href":"https:\/\/api.w.org\/{rel}","templated":true}]}}