{"id":7303,"date":"2024-03-02T19:54:41","date_gmt":"2024-03-02T19:54:41","guid":{"rendered":"https:\/\/be-healthy.taniko.me\/?post_type=product&#038;p=7303"},"modified":"2024-10-10T16:06:45","modified_gmt":"2024-10-10T16:06:45","slug":"avalon-organics-thickening-shampoo-biotin-b-complex-32-fl-oz-946-ml","status":"publish","type":"product","link":"https:\/\/be-healthy.taniko.me\/uk\/product\/avalon-organics-thickening-shampoo-biotin-b-complex-32-fl-oz-946-ml\/","title":{"rendered":"Avalon Organics, Thickening Shampoo, Biotin B-Complex, 32 fl oz (946 ml)"},"content":{"rendered":"<div class=\"row item-row\">\n<div class=\"col-xs-24\">\n<p>\u041e\u043f\u0438\u0441<br \/>\nBogatija pjena<br \/>\nAvena Sativa<br \/>\nPodr\u017eava energizirano vlasi\u0161te i gu\u0161\u0107u, punu kosu<br \/>\nNSF certificiran<br \/>\nBez GMO-a<br \/>\nveganska<br \/>\nBiorazgradivo<br \/>\npH uravnote\u017een<br \/>\nDuboko ukorijenjeno &#8211; njega ljepote<br \/>\nSadr\u017ei organske sastojke<br \/>\nZeko ska\u010du\u0107i certificiran<\/p>\n<p>Formuliran s pa\u017eljivo uravnote\u017eenom mje\u0161avinom biotina, pile palme, proteina kvinoje i vitamina E, ovaj \u0161ampon djeluje u skladu s:<\/p>\n<p>Pomozite u izgradnji tijela tanke, prorije\u0111ene kose<br \/>\n\u010cisti i njeguje kosu od korijena do vrhova<br \/>\nPomozite oja\u010dati pramenove kose<\/p>\n<p>Certificiran od strane QAI prema NSF\/ANSI 305, ameri\u010dkom nacionalnom standardu za proizvode za osobnu njegu koji sadr\u017ee organske sastojke.<\/p>\n<p>\u0420\u0435\u043a\u043e\u043c\u0435\u043d\u0434\u0430\u0446\u0456\u0457 \u0456\u0437 \u0437\u0430\u0441\u0442\u043e\u0441\u0443\u0432\u0430\u043d\u043d\u044f<\/p>\n<p>Masiranje kroz mokru kosu stvara bogatu pjenu za \u010di\u0161\u0107enje. Nano\u0161enje Biotin B-Complex regeneratora za zgu\u0161njavanje nakon ispiranja daje najbolje rezultate.<\/p>\n<p>\u0406\u043d\u0448\u0456 \u0456\u043d\u0433\u0440\u0435\u0434\u0456\u0454\u043d\u0442\u0438<\/p>\n<p>Sok lista Aloe barbadensis (1), voda (aqua), natrijev kokosulfat, natrijev laurilglukozid hidroksipropilsulfonat, decil glukozid, ulje jezgre arganije spinosa (1), ulje kore cedrus atlantica, ulje citrus aurantifolia (limeta), citrus aurantium dulcis (naran\u010da) ) ulje kore, ulje kore citrus limona (limun), ulje kore citrus paradisi (grejpfrut), ulje listova eukaliptusa globulusa, ulje sjemenki helianthus annuus (suncokret) (1), ulje sjemenki juniperus virginiana, ulje sjemenki orbignya oleifera (babassu) (1) , ulje listova rosmarinus officinalis (ru\u017emarin), ulje sjemenki simmondsia chinensis (jojoba) (1), ulje korijena zingiber officinale (\u0111umbir), ekstrakt jezgre Avena sativa (zob) (1), ekstrakt cvijeta nevena (1), chamomilla recutita ( matricaria) ekstrakt cvijeta (1), sjeme chenopodium quinoe (1), ekstrakt ploda citrus grandis (grejpfrut), ekstrakt korijena daucus carota sativa (mrkva) (1), ekstrakt ploda persea gratissima (avokado) (1), rubus idaeus (malina) ) ekstrakt vo\u0107a (1), ekstrakt ploda serenoa serrulata (2), ekstrakt ploda\/li\u0161\u0107a\/stabljike Solanum lycopersicum (raj\u010dica) (1), biotin, niacinamid, tokoferil acetat, babassu ulje poligliceril-4 esteri, beta-kariofilen, limunska kiselina , koko-glukozid, glicerin (1), gliceril oleat, inulin (1), natrijev klorid, natrijev fitat, natrijev sulfat, alkohol, benzil alkohol, kalijev sorbat, natrijev benzoat, limonen.<\/p>\n<p>(1)\u00a0Certificirani organski sastojak<\/p>\n<p>(2) Ekstrakt pile palme<\/p>\n<p>Formulirano bez GMO-a, natrijevog lauril\/lauret sulfata, sinteti\u010dkih boja ili mirisa, ftalata ili testiranja na \u017eivotinjama.<\/p>\n<p>\u041f\u043e\u043f\u0435\u0440\u0435\u0434\u0436\u0435\u043d\u043d\u044f<\/p>\n<p>Samo za vanjsku upotrebu. Izbjegavati kontakt s o\u010dima. \u010cuvati izvan dohvata djece.<\/p>\n<\/div>\n<\/div>","protected":false},"excerpt":{"rendered":"<p>Opis Bogatija pjena Avena Sativa Podr\u017eava energizirano vlasi\u0161te i gu\u0161\u0107u, punu kosu NSF certificiran Bez GMO-a veganska Biorazgradivo pH uravnote\u017een Duboko ukorijenjeno &#8211; njega ljepote Sadr\u017ei organske sastojke Zeko ska\u010du\u0107i certificiran Formuliran s pa\u017eljivo uravnote\u017eenom mje\u0161avinom biotina, pile palme, proteina kvinoje i vitamina E, ovaj \u0161ampon djeluje u skladu s: Pomozite u izgradnji tijela tanke,[&#8230;]<\/p>","protected":false},"featured_media":7305,"comment_status":"open","ping_status":"closed","template":"","meta":{"inline_featured_image":false},"product_cat":[25,74],"product_tag":[],"class_list":{"0":"post-7303","1":"product","2":"type-product","3":"status-publish","4":"has-post-thumbnail","6":"product_cat-beauty","7":"product_cat-hair-care","9":"first","10":"instock","11":"featured","12":"shipping-taxable","13":"purchasable","14":"product-type-simple"},"_links":{"self":[{"href":"https:\/\/be-healthy.taniko.me\/uk\/wp-json\/wp\/v2\/product\/7303","targetHints":{"allow":["GET"]}}],"collection":[{"href":"https:\/\/be-healthy.taniko.me\/uk\/wp-json\/wp\/v2\/product"}],"about":[{"href":"https:\/\/be-healthy.taniko.me\/uk\/wp-json\/wp\/v2\/types\/product"}],"replies":[{"embeddable":true,"href":"https:\/\/be-healthy.taniko.me\/uk\/wp-json\/wp\/v2\/comments?post=7303"}],"wp:featuredmedia":[{"embeddable":true,"href":"https:\/\/be-healthy.taniko.me\/uk\/wp-json\/wp\/v2\/media\/7305"}],"wp:attachment":[{"href":"https:\/\/be-healthy.taniko.me\/uk\/wp-json\/wp\/v2\/media?parent=7303"}],"wp:term":[{"taxonomy":"product_cat","embeddable":true,"href":"https:\/\/be-healthy.taniko.me\/uk\/wp-json\/wp\/v2\/product_cat?post=7303"},{"taxonomy":"product_tag","embeddable":true,"href":"https:\/\/be-healthy.taniko.me\/uk\/wp-json\/wp\/v2\/product_tag?post=7303"}],"curies":[{"name":"wp","href":"https:\/\/api.w.org\/{rel}","templated":true}]}}