{"id":7306,"date":"2024-03-02T20:00:37","date_gmt":"2024-03-02T20:00:37","guid":{"rendered":"https:\/\/be-healthy.taniko.me\/?post_type=product&#038;p=7306"},"modified":"2024-10-10T16:05:22","modified_gmt":"2024-10-10T16:05:22","slug":"jason-natural-anti-dandruff-scalp-care-2-in-1-shampoo-conditioner-12-fl-oz-355-ml","status":"publish","type":"product","link":"https:\/\/be-healthy.taniko.me\/uk\/product\/jason-natural-anti-dandruff-scalp-care-2-in-1-shampoo-conditioner-12-fl-oz-355-ml\/","title":{"rendered":"Jason Natural, Anti-Dandruff Scalp Care, 2 in 1, Shampoo + Conditioner, 12 fl oz (355 ml)"},"content":{"rendered":"<div class=\"row item-row\">\n<div class=\"col-xs-24\">\n<p>\u041e\u043f\u0438\u0441<br \/>\nLijekovi za kosu<br \/>\nLije\u010di i kontrolira perut<br \/>\ngr\u010dki za iscjelitelja<br \/>\nNe: Testiranje na \u017eivotinjama, ftalati, sulfati, parabeni, vazelin<br \/>\nBiorazgradiva formula<br \/>\nUbla\u017eavanje peruti<br \/>\nHain nebeski<br \/>\nZeko ska\u010du\u0107i certificiran<br \/>\nBez okrutnosti i veganski<\/p>\n<p>Medicinska formula s dvostrukim djelovanjem koja \u010disti i njeguje u jednom jednostavnom koraku, dok kontrolira dermatitis vlasi\u0161ta i blagu psorijazu. Pyrithione Zinc kontrolira perut, uklanja ljuskice i svrbe\u017e. Pro\u017eeta uljem jojobe, ova formula poma\u017ee da kosa bude njegovana i mekana.<\/p>\n<p>koristi:<\/p>\n<p>Kontrolira ponovnu pojavu perutanja, ljuskanja i svrbe\u017ea povezanih s prhuti.<br \/>\nPoma\u017ee u prevenciji seboroi\u010dnog dermatitisa.<br \/>\n\u0420\u0435\u043a\u043e\u043c\u0435\u043d\u0434\u0430\u0446\u0456\u0457 \u0456\u0437 \u0437\u0430\u0441\u0442\u043e\u0441\u0443\u0432\u0430\u043d\u043d\u044f<\/p>\n<p>Za najbolje rezultate koristite najmanje tri puta tjedno. Namo\u010dite kosu i zapjenite, umasirajte na vlasi\u0161te. Isperite i ponovite ako \u017eelite.<\/p>\n<p>\u0406\u043d\u0448\u0456 \u0456\u043d\u0433\u0440\u0435\u0434\u0456\u0454\u043d\u0442\u0438<\/p>\n<table style=\"font-size: 16px;\" border=\"1\" width=\"100%\" cellspacing=\"0\" cellpadding=\"3\">\n<tbody>\n<tr align=\"left\" valign=\"top\">\n<td colspan=\"2\"><strong>Drug Facts<\/strong><\/td>\n<\/tr>\n<tr align=\"left\" valign=\"top\">\n<td width=\"50%\"><strong>Active Ingredients<\/strong><\/td>\n<td width=\"50%\"><strong>Purpose<\/strong><\/td>\n<\/tr>\n<tr align=\"left\" valign=\"top\">\n<td>Zinc Pyrithione 1.1%<\/td>\n<td>Controls Dandruff<\/td>\n<\/tr>\n<tr align=\"left\" valign=\"top\">\n<td colspan=\"2\"><strong>Inactive Ingredients:\u00a0<\/strong><br \/>\nWater (aqua), sodium cocoyl isethionate, cetyl alcohol, glycerin, cocamidopropyl hydroxysultaine, sodium cocoyl glutamate, sodium laurylglucosides hydroxypropylsulfonate, glyceryl stearate SE, coco-glucoside, glyceryl oleate, sodium chloride, butyrospermum parkii (shea) butter unsaponifiables, citrus aurantium dulcis (orange) peel oil, olea europaea (olive) fruit oil (1), simmondsia chinensis (jojoba) seed oil (1), soybean glycerides, chenopodium quinoa seed (1), ascorbyl palmitate, babassu oil polyglyceryl-4 esters, benzyl acetate, caprylic\/capric triglyceride, capryloyl glycerin\/sebacic acid copolymer, cellulose gum, citric acid, diheptyl succinate, guar hydroxypropyltrimonium chloride, maltodextrin, phenethyl alcohol, sodium hydroxide, sodium PCA, terpineol, triethyl citrate, xanthan gum, zinc carbonate, alcohol (1), ethylhexylglycerin, phenoxyethanol, potassium sorbate, limonene, linalool.<br \/>\n(1) Certified Organic Ingredient<\/td>\n<\/tr>\n<\/tbody>\n<\/table>\n<\/div>\n<\/div>\n<div class=\"row item-row\">\n<div class=\"col-xs-24\">\n<p>\u041f\u043e\u043f\u0435\u0440\u0435\u0434\u0436\u0435\u043d\u043d\u044f<\/p>\n<p>Samo za vanjsku upotrebu.<\/p>\n<p>Prilikom kori\u0161tenja ovog proizvoda izbjegavajte kontakt s o\u010dima. Ako do\u0111e do kontakta, temeljito isperite vodom.<\/p>\n<p>Prestanite koristiti i pitajte lije\u010dnika ako se stanje pogor\u0161a ili ne popravi nakon redovite upotrebe ovog proizvoda prema uputama. Ako imate stanje koje pokriva veliko podru\u010dje tijela, posavjetujte se s lije\u010dnikom prije upotrebe ovog proizvoda.<\/p>\n<p>\u010cuvati izvan dohvata djece. Ako se proguta, potra\u017eite lije\u010dni\u010dku pomo\u0107 ili odmah kontaktirajte Centar za kontrolu trovanja.<\/p>\n<p>\u010cuvati izme\u0111u 40\u00b0 i 100\u00b0F (4\u00b0 do 38\u00b0C).<\/p>\n<\/div>\n<\/div>","protected":false},"excerpt":{"rendered":"<p>Opis Lijekovi za kosu Lije\u010di i kontrolira perut gr\u010dki za iscjelitelja Ne: Testiranje na \u017eivotinjama, ftalati, sulfati, parabeni, vazelin Biorazgradiva formula Ubla\u017eavanje peruti Hain nebeski Zeko ska\u010du\u0107i certificiran Bez okrutnosti i veganski Medicinska formula s dvostrukim djelovanjem koja \u010disti i njeguje u jednom jednostavnom koraku, dok kontrolira dermatitis vlasi\u0161ta i blagu psorijazu. Pyrithione Zinc kontrolira[&#8230;]<\/p>","protected":false},"featured_media":7308,"comment_status":"open","ping_status":"closed","template":"","meta":{"inline_featured_image":false},"product_cat":[25,74],"product_tag":[],"class_list":{"0":"post-7306","1":"product","2":"type-product","3":"status-publish","4":"has-post-thumbnail","6":"product_cat-beauty","7":"product_cat-hair-care","9":"first","10":"instock","11":"featured","12":"shipping-taxable","13":"purchasable","14":"product-type-simple"},"_links":{"self":[{"href":"https:\/\/be-healthy.taniko.me\/uk\/wp-json\/wp\/v2\/product\/7306","targetHints":{"allow":["GET"]}}],"collection":[{"href":"https:\/\/be-healthy.taniko.me\/uk\/wp-json\/wp\/v2\/product"}],"about":[{"href":"https:\/\/be-healthy.taniko.me\/uk\/wp-json\/wp\/v2\/types\/product"}],"replies":[{"embeddable":true,"href":"https:\/\/be-healthy.taniko.me\/uk\/wp-json\/wp\/v2\/comments?post=7306"}],"wp:featuredmedia":[{"embeddable":true,"href":"https:\/\/be-healthy.taniko.me\/uk\/wp-json\/wp\/v2\/media\/7308"}],"wp:attachment":[{"href":"https:\/\/be-healthy.taniko.me\/uk\/wp-json\/wp\/v2\/media?parent=7306"}],"wp:term":[{"taxonomy":"product_cat","embeddable":true,"href":"https:\/\/be-healthy.taniko.me\/uk\/wp-json\/wp\/v2\/product_cat?post=7306"},{"taxonomy":"product_tag","embeddable":true,"href":"https:\/\/be-healthy.taniko.me\/uk\/wp-json\/wp\/v2\/product_tag?post=7306"}],"curies":[{"name":"wp","href":"https:\/\/api.w.org\/{rel}","templated":true}]}}