{"id":7309,"date":"2024-03-02T20:31:39","date_gmt":"2024-03-02T20:31:39","guid":{"rendered":"https:\/\/be-healthy.taniko.me\/?post_type=product&#038;p=7309"},"modified":"2024-10-10T15:50:23","modified_gmt":"2024-10-10T15:50:23","slug":"pura-dor-anti-hair-thinning-biotin-shampoo-16-fl-oz-473-ml","status":"publish","type":"product","link":"https:\/\/be-healthy.taniko.me\/uk\/product\/pura-dor-anti-hair-thinning-biotin-shampoo-16-fl-oz-473-ml\/","title":{"rendered":"Pura D&#8217;or, Anti-Hair Thinning Biotin Shampoo, 16 fl oz (473 ml)"},"content":{"rendered":"<div class=\"row item-row\">\n<div class=\"col-xs-24\">\n<p>\u041e\u043f\u0438\u0441<br \/>\n\u0160ampon s biotinom*<br \/>\nOriginalna zlatna etiketa<br \/>\nFormula na bazi aloe vere<br \/>\nNajfiniji sastojci<br \/>\nUSDA certificirani proizvod na biolo\u0161koj bazi &#8211; proizvod 90%<br \/>\nNema SLS-a<br \/>\nBez parabena<br \/>\n\u0411\u0435\u0437 \u0433\u043b\u044e\u0442\u0435\u043d\u0443<br \/>\nZa mu\u0161karce i \u017eene<br \/>\nHipoalergijski<br \/>\nSigurno u boji<br \/>\nPotpuno zadovoljstvo zajam\u010deno<br \/>\nBez okrutnosti<br \/>\nPrijatelj Zemlje<br \/>\nveganska<\/p>\n<p>17 Vlasni\u010dka biljna mje\u0161avina:<\/p>\n<p>Ulje \u010dajevca<br \/>\nCrvena korejska morska trava<br \/>\nEkstrakt lista koprive<br \/>\nHe Shou Wu<br \/>\nAmla ulje<br \/>\nUlje vitamina E<br \/>\nUlje sjemenki crnog kima<br \/>\nSaw Palmetto<br \/>\nArganovo ulje<br \/>\nI vi\u0161e&#8230;<\/p>\n<p>Na\u0161a originalna ekskluzivna Premium formula pro\u017eeta je vitaminima i biljnim tvarima kako bi se smanjila stanjivanje kose* bez upotrebe jakih kemikalija. Dodatna biolo\u0161ka sredstva za \u010di\u0161\u0107enje promi\u010du zdraviji izgled kose, maksimiziraju\u0107i rezultate.<\/p>\n<p>PURA D&#8217;OR Original Gold Label \u0161ampon napravljen od prirodnih konzervansa dobivenih iz biljnih ekstrakata i ima USDA certificirani biobazirani na 90%+. Ova sna\u017ena mje\u0161avina koristi prednosti vrhunskih sastojaka kako bi kosa izgledala zdravo, a ne sadr\u017ei SLS (sulfate), parabene ili bilo koje druge \u0161tetne kemikalije. Na\u0161a vrlo u\u010dinkovita formula sadr\u017ei sastojke cjelovitog \u0161irokog spektra u biljnoj za\u0161ti\u0107enoj mje\u0161avini koja poma\u017ee u sprje\u010davanju stanjivanja kose. Biotin, arganovo ulje i na\u0161a ekskluzivna mje\u0161avina zajedno ja\u010daju, hrane i promoviraju zdraviji izgled kose.<\/p>\n<p>*Smanjuje stanjivanje i poti\u010de debljinu smanjuju\u0107i lomljenje. Na temelju (1) ponovljenog testa \u010detkanja koji analizira lomljenje nakon kori\u0161tenja PURA D&#8217;OR originalnog \u0161ampona i regeneratora Gold Label u usporedbi s kori\u0161tenjem samog \u0161ampona i (2) korisni\u010dke samoprocjene debljine, snage i smanjenog lomljenja kose u usporedbi s osnovnom vrijedno\u0161\u0107u nakon 8 tjedana kori\u0161tenja PURA D&#8217;OR Gold sustava.<\/p>\n<p>\u0420\u0435\u043a\u043e\u043c\u0435\u043d\u0434\u0430\u0446\u0456\u0457 \u0456\u0437 \u0437\u0430\u0441\u0442\u043e\u0441\u0443\u0432\u0430\u043d\u043d\u044f<\/p>\n<p>Nanesite na mokru kosu, umasirajte i ostavite 2 minute. Ispiranje. Dopustite najmanje 3 mjeseca svakodnevne upotrebe za vidljive rezultate. Nakon toga nastavite koristiti. Za najbolje rezultate koristite s PURA D&#8217;OR regeneratorom za dubinsku hidrataciju.<\/p>\n<p>\u0406\u043d\u0448\u0456 \u0456\u043d\u0433\u0440\u0435\u0434\u0456\u0454\u043d\u0442\u0438<\/p>\n<p>Dekolorizirani sok lista aloe barbadensis (aloe vera), decil glukozid, kokamidopropil hidroksisultain, polikvaternij-71, kokamid mipa, dinatrijev lauret sulfosukcinat, polikvaternij-73, dinatrijev lauril sulfosukcinat, ferment laktobacila, ekstrakt kore salix alba (vrbe), (he shou). wu ) korijen melaleuca alternifolia (\u010dajevac) ulje listova\u2020, argania spinosa (arganovo) ulje ko\u0161tica\u2020, nigella sativa (crni kim) ulje sjemenki\u2020, urtica dioica (kopriva) ekstrakt lista\u2020, grateloupia elliptica (crvena korejska morska trava) ekstrakt, biotin , ekstrakt ploda serenoa serrulata (saw palmetto)\u2020, ulje kore cedrus atlantica (cedrovo drvo), ulje listova rosmarinus officinalis (ru\u017emarin)\u2020, ulje salvia sclarea (klarina)\u2020, ekstrakt korijena polygonum multiflorum (he shou wu)\u2020, hibiscus sabdariffa ( ekstrakt cvije\u0107a hibiskusa\u2020, ekstrakt kore afri\u010dkog prunusa (pygeum)\u2020, ulje sjemenki bundeve\u2020, ekstrakt li\u0161\u0107a camellia sinensis (zeleni \u010daj), cink, izoflavoni soje\u2020\u2020, beta-sitosterol, plod phyllanthus emblica (amla) ulje, ulje kore limuna (limuna)\u2020, ulje sjemenki citrus grandis (grejpfrut)\u2020, ulje cymbopogon flexuosus (limunska trava)\u2020, nikotinska kiselina (niacin), tokoferol (vitamin e)\u2020, ekstrakt sorbitan oleata, krospolimer decilglukozida, ksilitil seskvikaprilat , limunska kiselina.<\/p>\n<p>\u2020\u2020Bez GMO-a \u2020Certificirano organsko<\/p>\n<p>Ne sadr\u017ei natrijev lauril sulfat, parabene, ftalate, umjetna bojila, mineralna ulja, vazelin, uobi\u010dajene alergene, propilen glikol, formaldehid, metalni aluminij, triklosan, toluen, gluten.<\/p>\n<p>\u041f\u043e\u043f\u0435\u0440\u0435\u0434\u0436\u0435\u043d\u043d\u044f<\/p>\n<p>Samo za vanjsku upotrebu. Izbjegavati kontakt s o\u010dima. Nemojte nanositi na slomljenu, nadra\u017eenu ko\u017eu ili podru\u010dja zahva\u0107ena osipom. Ako se pojavi iritacija, prestanite koristiti i potra\u017eite mi\u0161ljenje lije\u010dnika. Ne koristiti na djeci ili \u017eivotinjama. Ne gutati. \u010cuvati izvan dohvata djece.<\/p>\n<p>Individualni rezultati mogu varirati.<\/p>\n<\/div>\n<\/div>","protected":false},"excerpt":{"rendered":"<p>Opis \u0160ampon s biotinom* Originalna zlatna etiketa Formula na bazi aloe vere Najfiniji sastojci USDA certificirani proizvod na biolo\u0161koj bazi &#8211; proizvod 90% Nema SLS-a Bez parabena Bez glutena Za mu\u0161karce i \u017eene Hipoalergijski Sigurno u boji Potpuno zadovoljstvo zajam\u010deno Bez okrutnosti Prijatelj Zemlje veganska 17 Vlasni\u010dka biljna mje\u0161avina: Ulje \u010dajevca Crvena korejska morska trava[&#8230;]<\/p>","protected":false},"featured_media":7311,"comment_status":"open","ping_status":"closed","template":"","meta":{"inline_featured_image":false},"product_cat":[25,74],"product_tag":[],"class_list":{"0":"post-7309","1":"product","2":"type-product","3":"status-publish","4":"has-post-thumbnail","6":"product_cat-beauty","7":"product_cat-hair-care","9":"first","10":"instock","11":"featured","12":"shipping-taxable","13":"purchasable","14":"product-type-simple"},"_links":{"self":[{"href":"https:\/\/be-healthy.taniko.me\/uk\/wp-json\/wp\/v2\/product\/7309","targetHints":{"allow":["GET"]}}],"collection":[{"href":"https:\/\/be-healthy.taniko.me\/uk\/wp-json\/wp\/v2\/product"}],"about":[{"href":"https:\/\/be-healthy.taniko.me\/uk\/wp-json\/wp\/v2\/types\/product"}],"replies":[{"embeddable":true,"href":"https:\/\/be-healthy.taniko.me\/uk\/wp-json\/wp\/v2\/comments?post=7309"}],"wp:featuredmedia":[{"embeddable":true,"href":"https:\/\/be-healthy.taniko.me\/uk\/wp-json\/wp\/v2\/media\/7311"}],"wp:attachment":[{"href":"https:\/\/be-healthy.taniko.me\/uk\/wp-json\/wp\/v2\/media?parent=7309"}],"wp:term":[{"taxonomy":"product_cat","embeddable":true,"href":"https:\/\/be-healthy.taniko.me\/uk\/wp-json\/wp\/v2\/product_cat?post=7309"},{"taxonomy":"product_tag","embeddable":true,"href":"https:\/\/be-healthy.taniko.me\/uk\/wp-json\/wp\/v2\/product_tag?post=7309"}],"curies":[{"name":"wp","href":"https:\/\/api.w.org\/{rel}","templated":true}]}}