{"id":7315,"date":"2024-03-02T20:48:26","date_gmt":"2024-03-02T20:48:26","guid":{"rendered":"https:\/\/be-healthy.taniko.me\/?post_type=product&#038;p=7315"},"modified":"2024-10-10T15:46:52","modified_gmt":"2024-10-10T15:46:52","slug":"now-foods-magnesium-citrate-120-veg-capsules-2","status":"publish","type":"product","link":"https:\/\/be-healthy.taniko.me\/uk\/product\/now-foods-magnesium-citrate-120-veg-capsules-2\/","title":{"rendered":"NOW Foods, Magnesium Citrate, 120 Veg Capsules"},"content":{"rendered":"<div class=\"col-xs-24 col-md-14\">\n<div class=\"row item-row\">\n<div class=\"col-xs-24\">\n<p>\u041e\u043f\u0438\u0441<br \/>\nPodr\u0161ka \u017eiv\u010danom sustavu<br \/>\nPodr\u017eava proizvodnju energije<br \/>\nKriti\u010dno za funkciju enzima<br \/>\n\u0411\u0435\u0437 \u0413\u041c\u041e<br \/>\n\u0414\u0456\u0454\u0442\u0438\u0447\u043d\u0430 \u0434\u043e\u0431\u0430\u0432\u043a\u0430<br \/>\nVegetarijanac\/vegan<br \/>\nKo\u0161er<br \/>\nMinerali<br \/>\nU obiteljskom vlasni\u0161tvu od 1968<br \/>\nZajam\u010dena GMP kvaliteta<br \/>\nHalal<\/p>\n<p>Magnezij je mineral koji je klju\u010dan za proizvodnju energije i metabolizam, kontrakciju mi\u0161i\u0107a, prijenos \u017eiv\u010danih impulsa i mineralizaciju kostiju. Potreban je kofaktor za oko 300 enzima. Me\u0111u reakcijama koje kataliziraju ovi enzimi su sinteza masnih kiselina, sinteza proteina i metabolizam glukoze. Status magnezija tako\u0111er je va\u017ean za regulaciju ravnote\u017ee kalcija kroz njegove u\u010dinke na paratireoidnu \u017elijezdu.<\/p>\n<p>\u0420\u0435\u043a\u043e\u043c\u0435\u043d\u0434\u0430\u0446\u0456\u0457 \u0456\u0437 \u0437\u0430\u0441\u0442\u043e\u0441\u0443\u0432\u0430\u043d\u043d\u044f<\/p>\n<p>Uzmite 3 kapsule dnevno, po mogu\u0107nosti u podijeljenim dozama, uz obrok.<\/p>\n<p>\u0406\u043d\u0448\u0456 \u0456\u043d\u0433\u0440\u0435\u0434\u0456\u0454\u043d\u0442\u0438<\/p>\n<p>Hipromeloza (celulozna kapsula), askorbil palmitat i silicijev dioksid.<\/p>\n<p>Proizvedeno i ispitana kvaliteta u SAD-u sa sastojcima iz globalnih izvora<\/p>\n<p>Nije proizveden od sastojaka p\u0161enice, glutena, soje, mlijeka, jaja, ribe, \u0161koljki, oraha ili sezama. Proizvedeno u GMP postrojenju koje obra\u0111uje druge sastojke koji sadr\u017ee te alergene.<\/p>\n<p>Ovaj magnezijev citrat potpuno je reagirao mineralni dodatak.<\/p>\n<p>\u041f\u043e\u043f\u0435\u0440\u0435\u0434\u0436\u0435\u043d\u043d\u044f<\/p>\n<p>Samo za odrasle. Posavjetujte se s lije\u010dnikom ako ste trudni\/dojite, uzimate lijekove ili imate zdravstveno stanje. \u010cuvati izvan dohvata djece.<\/p>\n<p>U ovom proizvodu mo\u017ee do\u0107i do prirodne varijacije boje.<\/p>\n<p>\u010cuvati na hladnom i suhom mjestu nakon otvaranja.<\/p>\n<\/div>\n<\/div>\n<\/div>\n<div class=\"col-xs-24 col-md-10\">\n<div class=\"supplement-facts-container\">\n<table border=\"1\" width=\"100%\" cellspacing=\"0\" cellpadding=\"3\">\n<tbody>\n<tr valign=\"top\">\n<td colspan=\"3\"><strong>Supplement Facts<\/strong><\/td>\n<\/tr>\n<tr valign=\"top\">\n<td colspan=\"3\"><strong>Serving Size:<\/strong>\u00a03 Veg Capsules<\/td>\n<\/tr>\n<tr valign=\"top\">\n<td colspan=\"3\"><strong>Servings Per Container:<\/strong>\u00a040<\/td>\n<\/tr>\n<tr valign=\"top\">\n<td width=\"70%\"><\/td>\n<td width=\"15%\"><strong>Amount Per Serving<\/strong><\/td>\n<td width=\"15%\"><strong>%Daily Value<\/strong><\/td>\n<\/tr>\n<tr valign=\"top\">\n<td>Magnesium (elemental) (from 2,667 mg Magnesium Citrate)<\/td>\n<td>400 mg<\/td>\n<td>95%<\/td>\n<\/tr>\n<\/tbody>\n<\/table>\n<\/div>\n<\/div>","protected":false},"excerpt":{"rendered":"<p>Opis Podr\u0161ka \u017eiv\u010danom sustavu Podr\u017eava proizvodnju energije Kriti\u010dno za funkciju enzima Ne-GMO Dodatak prehrani Vegetarijanac\/vegan Ko\u0161er Minerali U obiteljskom vlasni\u0161tvu od 1968 Zajam\u010dena GMP kvaliteta Halal Magnezij je mineral koji je klju\u010dan za proizvodnju energije i metabolizam, kontrakciju mi\u0161i\u0107a, prijenos \u017eiv\u010danih impulsa i mineralizaciju kostiju. Potreban je kofaktor za oko 300 enzima. Me\u0111u reakcijama koje[&#8230;]<\/p>","protected":false},"featured_media":7317,"comment_status":"open","ping_status":"closed","template":"","meta":{"inline_featured_image":false},"product_cat":[15,29],"product_tag":[],"class_list":{"0":"post-7315","1":"product","2":"type-product","3":"status-publish","4":"has-post-thumbnail","6":"product_cat-supplements","7":"product_cat-heart","9":"first","10":"instock","11":"featured","12":"shipping-taxable","13":"purchasable","14":"product-type-simple"},"_links":{"self":[{"href":"https:\/\/be-healthy.taniko.me\/uk\/wp-json\/wp\/v2\/product\/7315","targetHints":{"allow":["GET"]}}],"collection":[{"href":"https:\/\/be-healthy.taniko.me\/uk\/wp-json\/wp\/v2\/product"}],"about":[{"href":"https:\/\/be-healthy.taniko.me\/uk\/wp-json\/wp\/v2\/types\/product"}],"replies":[{"embeddable":true,"href":"https:\/\/be-healthy.taniko.me\/uk\/wp-json\/wp\/v2\/comments?post=7315"}],"wp:featuredmedia":[{"embeddable":true,"href":"https:\/\/be-healthy.taniko.me\/uk\/wp-json\/wp\/v2\/media\/7317"}],"wp:attachment":[{"href":"https:\/\/be-healthy.taniko.me\/uk\/wp-json\/wp\/v2\/media?parent=7315"}],"wp:term":[{"taxonomy":"product_cat","embeddable":true,"href":"https:\/\/be-healthy.taniko.me\/uk\/wp-json\/wp\/v2\/product_cat?post=7315"},{"taxonomy":"product_tag","embeddable":true,"href":"https:\/\/be-healthy.taniko.me\/uk\/wp-json\/wp\/v2\/product_tag?post=7315"}],"curies":[{"name":"wp","href":"https:\/\/api.w.org\/{rel}","templated":true}]}}