{"id":7318,"date":"2024-03-02T20:54:27","date_gmt":"2024-03-02T20:54:27","guid":{"rendered":"https:\/\/be-healthy.taniko.me\/?post_type=product&#038;p=7318"},"modified":"2024-10-10T15:44:58","modified_gmt":"2024-10-10T15:44:58","slug":"now-foods-sunflower-lecithin-1200-mg-200-softgels","status":"publish","type":"product","link":"https:\/\/be-healthy.taniko.me\/uk\/product\/now-foods-sunflower-lecithin-1200-mg-200-softgels\/","title":{"rendered":"NOW Foods, Sunflower Lecithin, 1,200 mg, 200 Softgels"},"content":{"rendered":"<div class=\"col-xs-24 col-md-14\">\n<div class=\"row item-row\">\n<div class=\"col-xs-24\">\n<p>\u041e\u043f\u0438\u0441<br \/>\nPodr\u0161ka \u017eiv\u010danom sustavu<br \/>\nBez soje, bez GMO-a<br \/>\nFosfatidil kolin<br \/>\n\u0414\u0456\u0454\u0442\u0438\u0447\u043d\u0430 \u0434\u043e\u0431\u0430\u0432\u043a\u0430<br \/>\nKo\u0161er sadr\u017ei \u017eelatinu<br \/>\nOp\u0107e zdravlje<br \/>\nU obiteljskom vlasni\u0161tvu od 1968<\/p>\n<p>NOW\u00ae suncokretov lecitin sadr\u017ei fosfatidil kolin, najzastupljeniji fosfolipid u stani\u010dnoj membrani, gdje igra klju\u010dnu ulogu u stani\u010dnoj signalizaciji i sinapti\u010dkoj funkciji. NOW\u00ae suncokretov lecitin tako\u0111er prirodno obiluje fosfatidil inozitolom, fosfatidil etanolaminom i esencijalnim masnim kiselinama. Lecitin u prehrani poma\u017ee u emulgiranju masti, omogu\u0107uju\u0107i im da se raspr\u0161e u vodi; i kao fosfolipid koji sadr\u017ei kolin, njegov kolin tijelo lako apsorbira i iskori\u0161tava. NOW\u00ae meke gelove s lecitinom suncokreta nisu GMO i ne sadr\u017ee soju.<\/p>\n<p>\u0420\u0435\u043a\u043e\u043c\u0435\u043d\u0434\u0430\u0446\u0456\u0457 \u0456\u0437 \u0437\u0430\u0441\u0442\u043e\u0441\u0443\u0432\u0430\u043d\u043d\u044f<\/p>\n<p>Uzmite 2 softgel dnevno uz obrok.<\/p>\n<p>\u0406\u043d\u0448\u0456 \u0456\u043d\u0433\u0440\u0435\u0434\u0456\u0454\u043d\u0442\u0438<\/p>\n<p>Softgel kapsula (gove\u0111a \u017eelatina, glicerin, voda) i organsko ekstra djevi\u010dansko maslinovo ulje.<\/p>\n<p>Nije proizveden od sastojaka kvasca, p\u0161enice, glutena, soje, kukuruza, mlijeka, jaja, ribe ili \u0161koljki. Proizvedeno u GMP postrojenju koje obra\u0111uje druge sastojke koji sadr\u017ee te alergene.<\/p>\n<p>U ovom proizvodu mo\u017ee do\u0107i do prirodne varijacije boje.<\/p>\n<p>\u041f\u043e\u043f\u0435\u0440\u0435\u0434\u0436\u0435\u043d\u043d\u044f<\/p>\n<p>\u010cuvati na hladnom i suhom mjestu nakon otvaranja.<\/p>\n<p>Oprez:\u00a0Samo za odrasle. Posavjetujte se s lije\u010dnikom ako ste trudni\/dojite, uzimate lijekove ili imate zdravstveno stanje. \u010cuvati izvan dohvata djece.<\/p>\n<\/div>\n<\/div>\n<div class=\"row item-row\">\n<div class=\"col-xs-24\"><\/div>\n<\/div>\n<\/div>\n<div class=\"col-xs-24 col-md-10\">\n<div class=\"supplement-facts-container\">\n<table border=\"1\" width=\"100%\" cellspacing=\"0\" cellpadding=\"3\">\n<tbody>\n<tr valign=\"top\">\n<td colspan=\"3\"><strong>Supplement Facts<\/strong><\/td>\n<\/tr>\n<tr valign=\"top\">\n<td colspan=\"3\"><strong>Serving Size:\u00a0<\/strong>2 Softgels<\/td>\n<\/tr>\n<tr valign=\"top\">\n<td colspan=\"3\"><strong>Servings Per Container:\u00a0<\/strong>100<\/td>\n<\/tr>\n<tr valign=\"top\">\n<td width=\"70%\"><\/td>\n<td width=\"15%\"><strong>Amount Per Serving<\/strong><\/td>\n<td width=\"15%\"><strong>% Daily Value<\/strong><\/td>\n<\/tr>\n<tr valign=\"top\">\n<td>Calories<\/td>\n<td>25<\/td>\n<td><\/td>\n<\/tr>\n<tr valign=\"top\">\n<td>Total Fat<\/td>\n<td>2 g<\/td>\n<td>3%*<\/td>\n<\/tr>\n<tr valign=\"top\">\n<td>Polyunsaturated Fat<\/td>\n<td>1 g<\/td>\n<td>\u2020<\/td>\n<\/tr>\n<tr valign=\"top\">\n<td>Sunflower Lecithin<\/td>\n<td>2.4 g (2,400 mg)<\/td>\n<td>\u2020<\/td>\n<\/tr>\n<tr valign=\"top\">\n<td>Phosphatidyl Choline<\/td>\n<td>360 mg<\/td>\n<td>\u2020<\/td>\n<\/tr>\n<tr valign=\"top\">\n<td colspan=\"3\">*Percent Daily Values are based on a 2,000 calorie diet.<br \/>\n\u2020 Daily Value not established.<\/td>\n<\/tr>\n<\/tbody>\n<\/table>\n<\/div>\n<\/div>","protected":false},"excerpt":{"rendered":"<p>Opis Podr\u0161ka \u017eiv\u010danom sustavu Bez soje, bez GMO-a Fosfatidil kolin Dodatak prehrani Ko\u0161er sadr\u017ei \u017eelatinu Op\u0107e zdravlje U obiteljskom vlasni\u0161tvu od 1968 NOW\u00ae suncokretov lecitin sadr\u017ei fosfatidil kolin, najzastupljeniji fosfolipid u stani\u010dnoj membrani, gdje igra klju\u010dnu ulogu u stani\u010dnoj signalizaciji i sinapti\u010dkoj funkciji. NOW\u00ae suncokretov lecitin tako\u0111er prirodno obiluje fosfatidil inozitolom, fosfatidil etanolaminom i esencijalnim[&#8230;]<\/p>","protected":false},"featured_media":7320,"comment_status":"open","ping_status":"closed","template":"","meta":{"inline_featured_image":false},"product_cat":[15,29],"product_tag":[],"class_list":{"0":"post-7318","1":"product","2":"type-product","3":"status-publish","4":"has-post-thumbnail","6":"product_cat-supplements","7":"product_cat-heart","9":"first","10":"instock","11":"featured","12":"shipping-taxable","13":"product-type-simple"},"_links":{"self":[{"href":"https:\/\/be-healthy.taniko.me\/uk\/wp-json\/wp\/v2\/product\/7318","targetHints":{"allow":["GET"]}}],"collection":[{"href":"https:\/\/be-healthy.taniko.me\/uk\/wp-json\/wp\/v2\/product"}],"about":[{"href":"https:\/\/be-healthy.taniko.me\/uk\/wp-json\/wp\/v2\/types\/product"}],"replies":[{"embeddable":true,"href":"https:\/\/be-healthy.taniko.me\/uk\/wp-json\/wp\/v2\/comments?post=7318"}],"wp:featuredmedia":[{"embeddable":true,"href":"https:\/\/be-healthy.taniko.me\/uk\/wp-json\/wp\/v2\/media\/7320"}],"wp:attachment":[{"href":"https:\/\/be-healthy.taniko.me\/uk\/wp-json\/wp\/v2\/media?parent=7318"}],"wp:term":[{"taxonomy":"product_cat","embeddable":true,"href":"https:\/\/be-healthy.taniko.me\/uk\/wp-json\/wp\/v2\/product_cat?post=7318"},{"taxonomy":"product_tag","embeddable":true,"href":"https:\/\/be-healthy.taniko.me\/uk\/wp-json\/wp\/v2\/product_tag?post=7318"}],"curies":[{"name":"wp","href":"https:\/\/api.w.org\/{rel}","templated":true}]}}