{"id":7321,"date":"2024-03-02T20:59:59","date_gmt":"2024-03-02T20:59:59","guid":{"rendered":"https:\/\/be-healthy.taniko.me\/?post_type=product&#038;p=7321"},"modified":"2024-10-10T15:42:42","modified_gmt":"2024-10-10T15:42:42","slug":"doctors-best-fully-active-folate-400-with-quatrefolic-400-mcg-90-veggie-caps","status":"publish","type":"product","link":"https:\/\/be-healthy.taniko.me\/uk\/product\/doctors-best-fully-active-folate-400-with-quatrefolic-400-mcg-90-veggie-caps\/","title":{"rendered":"Doctor&#8217;s Best, Fully Active Folate 400 with Quatrefolic, 400 mcg, 90 Veggie Caps"},"content":{"rendered":"<div class=\"col-xs-24 col-md-14\">\n<div class=\"row item-row\">\n<div class=\"col-xs-24\">\n<p>\u041e\u043f\u0438\u0441<br \/>\n\u041d\u0430\u0443\u043a\u043e\u0432\u043e \u043e\u0431\u0491\u0440\u0443\u043d\u0442\u043e\u0432\u0430\u043d\u0435 \u0445\u0430\u0440\u0447\u0443\u0432\u0430\u043d\u043d\u044f<br \/>\nveganska<br \/>\n\u0414\u0456\u0454\u0442\u0438\u0447\u043d\u0430 \u0434\u043e\u0431\u0430\u0432\u043a\u0430<br \/>\nBez GMO-a \/ bez glutena<\/p>\n<p>Doctor&#8217;s Best Fully Active Folate 400 s Quatrefolic\u00ae\ufe0f\u00a0sadr\u017ei\u00a0Quatrefolic\u00ae, glukozaminsku sol (6s)-5-metiltetrahidrofolata, bioraspolo\u017eivog oblika folata, koji pru\u017ea ve\u0107u stabilnost i topljivost u vodi.<\/p>\n<p>Na\u0161a tijela ne mogu sintetizirati folat, a zbog njegove prirode topivosti u vodi, tijelo pohranjuje folat u ograni\u010denoj mjeri. Folna kiselina i folat iz hrane treba se pretvoriti u svoj metaboli\u010dki aktivan oblik da bi ga tijelo moglo iskoristiti. Quatrefolic\u00ae je metaboli\u010dki aktivan folat, \u0161to ga \u010dini u\u010dinkovitijim od folne kiseline za maksimalnu korist!<\/p>\n<p>Folat je bitan vitamin za podr\u0161ku DNK, pravilnoj diobi stanica, kardiovaskularnom, mentalnom i emocionalnom blagostanju. Vitamin C je uklju\u010den za dodatnu stabilnost.<\/p>\n<p>Poma\u017ee u odr\u017eavanju kardiovaskularnog, mentalnog i emocionalnog blagostanja<br \/>\nQuatrefolic\u00ae je bioraspolo\u017eiviji oblik folata<br \/>\n\u0420\u0435\u043a\u043e\u043c\u0435\u043d\u0434\u0430\u0446\u0456\u0457 \u0456\u0437 \u0437\u0430\u0441\u0442\u043e\u0441\u0443\u0432\u0430\u043d\u043d\u044f<\/p>\n<p>Upotreba za odrasle:\u00a0Uzmite 1 kapsulu dnevno, po mogu\u0107nosti izme\u0111u obroka, ili prema preporuci lije\u010dnika nutricionista.<\/p>\n<p>\u0406\u043d\u0448\u0456 \u0456\u043d\u0433\u0440\u0435\u0434\u0456\u0454\u043d\u0442\u0438<\/p>\n<p>Mikrokristalna celuloza, hipromeloza (vegetarijanska kapsula).<\/p>\n<p>\u041f\u043e\u043f\u0435\u0440\u0435\u0434\u0436\u0435\u043d\u043d\u044f<\/p>\n<p>\u0417\u0431\u0435\u0440\u0456\u0433\u0430\u0442\u0438 \u0432 \u0441\u0443\u0445\u043e\u043c\u0443 \u043f\u0440\u043e\u0445\u043e\u043b\u043e\u0434\u043d\u043e\u043c\u0443 \u043c\u0456\u0441\u0446\u0456.<\/p>\n<\/div>\n<\/div>\n<div class=\"row item-row\">\n<div class=\"col-xs-24\"><\/div>\n<\/div>\n<\/div>\n<div class=\"col-xs-24 col-md-10\">\n<div class=\"supplement-facts-container\">\n<table border=\"1\" width=\"100%\" cellspacing=\"0\" cellpadding=\"3\">\n<tbody>\n<tr valign=\"top\">\n<td colspan=\"3\"><strong>Supplement Facts<\/strong><\/td>\n<\/tr>\n<tr valign=\"top\">\n<td colspan=\"3\"><strong>Serving Size:<\/strong>\u00a01 Veggie Capsule<\/td>\n<\/tr>\n<tr valign=\"top\">\n<td colspan=\"3\"><strong>Servings Per Container:\u00a0<\/strong>90<\/td>\n<\/tr>\n<tr valign=\"top\">\n<td width=\"70%\"><\/td>\n<td width=\"15%\"><strong>Amount Per Serving<\/strong><\/td>\n<td width=\"15%\"><strong>%Daily Value<\/strong><\/td>\n<\/tr>\n<tr valign=\"top\">\n<td>Vitamin C (as ascorbic acid)<\/td>\n<td>40 mg<\/td>\n<td>45%<\/td>\n<\/tr>\n<tr valign=\"top\">\n<td>Folate (from Quatrefolic\u00ae\ufe0f\u00a0, (6S)- 5- Methyltetrahydrofolic acid, glucosamine salt)<\/td>\n<td>400 mcg DFE**<\/td>\n<td>100%<\/td>\n<\/tr>\n<tr>\n<td colspan=\"3\">**DFE=Dietary Folate Equivalent<\/td>\n<\/tr>\n<\/tbody>\n<\/table>\n<\/div>\n<\/div>","protected":false},"excerpt":{"rendered":"<p>Opis Znanstveno utemeljena prehrana\u2122 veganska Dodatak prehrani Bez GMO-a \/ bez glutena Doctor&#8217;s Best Fully Active Folate 400 s Quatrefolic\u00ae\ufe0f\u00a0sadr\u017ei\u00a0Quatrefolic\u00ae, glukozaminsku sol (6s)-5-metiltetrahidrofolata, bioraspolo\u017eivog oblika folata, koji pru\u017ea ve\u0107u stabilnost i topljivost u vodi. Na\u0161a tijela ne mogu sintetizirati folat, a zbog njegove prirode topivosti u vodi, tijelo pohranjuje folat u ograni\u010denoj mjeri. Folna kiselina[&#8230;]<\/p>","protected":false},"featured_media":7323,"comment_status":"open","ping_status":"closed","template":"","meta":{"inline_featured_image":false},"product_cat":[15,29],"product_tag":[],"class_list":{"0":"post-7321","1":"product","2":"type-product","3":"status-publish","4":"has-post-thumbnail","6":"product_cat-supplements","7":"product_cat-heart","9":"first","10":"instock","11":"featured","12":"shipping-taxable","13":"purchasable","14":"product-type-simple"},"_links":{"self":[{"href":"https:\/\/be-healthy.taniko.me\/uk\/wp-json\/wp\/v2\/product\/7321","targetHints":{"allow":["GET"]}}],"collection":[{"href":"https:\/\/be-healthy.taniko.me\/uk\/wp-json\/wp\/v2\/product"}],"about":[{"href":"https:\/\/be-healthy.taniko.me\/uk\/wp-json\/wp\/v2\/types\/product"}],"replies":[{"embeddable":true,"href":"https:\/\/be-healthy.taniko.me\/uk\/wp-json\/wp\/v2\/comments?post=7321"}],"wp:featuredmedia":[{"embeddable":true,"href":"https:\/\/be-healthy.taniko.me\/uk\/wp-json\/wp\/v2\/media\/7323"}],"wp:attachment":[{"href":"https:\/\/be-healthy.taniko.me\/uk\/wp-json\/wp\/v2\/media?parent=7321"}],"wp:term":[{"taxonomy":"product_cat","embeddable":true,"href":"https:\/\/be-healthy.taniko.me\/uk\/wp-json\/wp\/v2\/product_cat?post=7321"},{"taxonomy":"product_tag","embeddable":true,"href":"https:\/\/be-healthy.taniko.me\/uk\/wp-json\/wp\/v2\/product_tag?post=7321"}],"curies":[{"name":"wp","href":"https:\/\/api.w.org\/{rel}","templated":true}]}}