{"id":7324,"date":"2024-03-02T21:08:16","date_gmt":"2024-03-02T21:08:16","guid":{"rendered":"https:\/\/be-healthy.taniko.me\/?post_type=product&#038;p=7324"},"modified":"2024-10-10T21:17:04","modified_gmt":"2024-10-10T21:17:04","slug":"21st-century-one-daily-mens-health-100-tablets","status":"publish","type":"product","link":"https:\/\/be-healthy.taniko.me\/uk\/product\/21st-century-one-daily-mens-health-100-tablets\/","title":{"rendered":"21st Century, One Daily, Men&#8217;s Health, 100 Tablets"},"content":{"rendered":"<div class=\"col-xs-24 col-md-14\">\n<div class=\"row item-row\">\n<div class=\"col-xs-24\">\n<h3>\u041e\u043f\u0438\u0441<\/h3>\n<h4>\n\u0420\u0435\u043a\u043e\u043c\u0435\u043d\u0434\u0430\u0446\u0456\u0457 \u0456\u0437 \u0437\u0430\u0441\u0442\u043e\u0441\u0443\u0432\u0430\u043d\u043d\u044f<\/h4>\n<p>Kao dodatak prehrani, odrasli uzimaju jednu (1) tabletu dnevno uz bilo koji obrok ili prema uputama lije\u010dnika. Nemojte prekora\u010diti preporu\u010denu dozu. Individualni rezultati mogu varirati.<\/p>\n<h3>\u0406\u043d\u0448\u0456 \u0456\u043d\u0433\u0440\u0435\u0434\u0456\u0454\u043d\u0442\u0438<\/h3>\n<p>Celuloza, \u0161krob, stearinska kiselina, guma akacija. Sadr\u017ei &lt;2%: kroskarmeloza natrij, dikalcijev fosfat, \u017eelatina, magnezijev silikat, magnezijev stearat, polietilen glikol, polisorbat, polivinilni alkohol, silicijev dioksid.<\/p>\n<h4>\u041f\u043e\u043f\u0435\u0440\u0435\u0434\u0436\u0435\u043d\u043d\u044f<\/h4>\n<p>Posavjetujte se s lije\u010dnikom prije uporabe ako ste trudni, dojite, uzimate lijekove, imate zdravstveno stanje ili planirate medicinski zahvat. Prestanite koristiti i obratite se lije\u010dniku ako se pojave nuspojave.<\/p>\n<p>\u010cuvati izvan dohvata djece. Nemojte koristiti ako se \u010dini da je proizvod neovla\u0161teno mijenjan ili je pe\u010dat slomljen. \u010cuvati na sobnoj temperaturi.<\/p>\n<\/div>\n<\/div>\n<div class=\"row item-row\">\n<div class=\"col-xs-24\"><\/div>\n<\/div>\n<\/div>\n<div class=\"col-xs-24 col-md-10\">\n<div class=\"supplement-facts-container\">\n<table border=\"1\" width=\"100%\" cellspacing=\"0\" cellpadding=\"3\">\n<tbody>\n<tr>\n<td colspan=\"3\"><strong>\u041f\u043e\u0436\u0438\u0432\u043d\u0430 \u0446\u0456\u043d\u043d\u0456\u0441\u0442\u044c<\/strong><\/td>\n<\/tr>\n<tr>\n<td colspan=\"3\"><strong>Veli\u010dina porcije:<\/strong> 1 tableta<\/td>\n<\/tr>\n<tr valign=\"top\" data-id=\"froala_1\">\n<td width=\"70%\"><\/td>\n<td width=\"15%\"><strong>\u041a\u0456\u043b\u044c\u043a\u0456\u0441\u0442\u044c \u0432 1 \u043f\u043e\u0440\u0446\u0456\u0457<\/strong><\/td>\n<td width=\"15%\"><strong>% DV<\/strong><\/td>\n<\/tr>\n<tr valign=\"top\" data-id=\"froala_2\">\n<td>Vitamin A (as Acetate &amp; 10% as Beta Carotene)<\/td>\n<td>900 mcg<\/td>\n<td>100%<\/td>\n<\/tr>\n<tr valign=\"top\" data-id=\"froala_3\">\n<td>Vitamin C (as Ascorbic Acid)<\/td>\n<td>99 mg<\/td>\n<td>110%<\/td>\n<\/tr>\n<tr valign=\"top\" data-id=\"froala_4\">\n<td>Vitamin D3 (as Cholecalciferol)<\/td>\n<td>25 mcg (1,000 IU)<\/td>\n<td>125%<\/td>\n<\/tr>\n<tr valign=\"top\" data-id=\"froala_5\">\n<td>Vitamin E (as dl-Alpha Tocopheryl Acetate)<\/td>\n<td>15 mg<\/td>\n<td>100%<\/td>\n<\/tr>\n<tr valign=\"top\" data-id=\"froala_6\">\n<td>Vitamin K (as Phytonadione)<\/td>\n<td>30 mcg<\/td>\n<td>25%<\/td>\n<\/tr>\n<tr valign=\"top\" data-id=\"froala_7\">\n<td>Thiamin (as Thiamin Mononitrate, B-1)<\/td>\n<td>1.32 mg<\/td>\n<td>110%<\/td>\n<\/tr>\n<tr valign=\"top\" data-id=\"froala_8\">\n<td>Riboflavin (Vitamin B-2)<\/td>\n<td>1.43 mg<\/td>\n<td>110%<\/td>\n<\/tr>\n<tr valign=\"top\" data-id=\"froala_9\">\n<td>Niacin (as Niacinamide)<\/td>\n<td>17.6 mg<\/td>\n<td>110%<\/td>\n<\/tr>\n<tr valign=\"top\" data-id=\"froala_10\">\n<td>Vitamin B-6 (as Pyridoxine HCl)<\/td>\n<td>2.17 mg<\/td>\n<td>128%<\/td>\n<\/tr>\n<tr valign=\"top\" data-id=\"froala_11\">\n<td>Folate<\/td>\n<td>400 mcg DFE (240 mcg Folic Acid)<\/td>\n<td>100%<\/td>\n<\/tr>\n<tr valign=\"top\" data-id=\"froala_12\">\n<td>Vitamin B-12 (as Cyanocobalamin)<\/td>\n<td>6.24 mcg<\/td>\n<td>260%<\/td>\n<\/tr>\n<tr valign=\"top\" data-id=\"froala_13\">\n<td>Biotin<\/td>\n<td>43 mcg<\/td>\n<td>143%<\/td>\n<\/tr>\n<tr valign=\"top\" data-id=\"froala_14\">\n<td>Pantothenic Acid (as d-Calcium Pantothenate)<\/td>\n<td>15.5 mg<\/td>\n<td>310%<\/td>\n<\/tr>\n<tr valign=\"top\" data-id=\"froala_15\">\n<td>Calcium (as Calcium Carbonate)<\/td>\n<td>210 mg<\/td>\n<td>16%<\/td>\n<\/tr>\n<tr>\n<td>Iodine (as Potassium Iodide)<\/td>\n<td>150 mcg<\/td>\n<td>100%<\/td>\n<\/tr>\n<tr valign=\"top\" data-id=\"froala_16\">\n<td>Magnesium (as Magnesium Oxide)<\/td>\n<td>120 mg<\/td>\n<td>29%<\/td>\n<\/tr>\n<tr valign=\"top\" data-id=\"froala_17\">\n<td>Zinc (as Zinc Oxide)<\/td>\n<td>11 mg<\/td>\n<td>100%<\/td>\n<\/tr>\n<tr valign=\"top\" data-id=\"froala_18\">\n<td>Selenium (as Sodium Selenate)<\/td>\n<td>55 mcg<\/td>\n<td>100%<\/td>\n<\/tr>\n<tr valign=\"top\" data-id=\"froala_19\">\n<td>Copper (as Copper Oxide)<\/td>\n<td>0.9 mg<\/td>\n<td>100%<\/td>\n<\/tr>\n<tr valign=\"top\" data-id=\"froala_20\">\n<td>Manganese (as Manganese Sulfate)<\/td>\n<td>2.3 mg<\/td>\n<td>100%<\/td>\n<\/tr>\n<tr valign=\"top\" data-id=\"froala_21\">\n<td>Chromium (as Chromium Chloride)<\/td>\n<td>35 mcg<\/td>\n<td>100%<\/td>\n<\/tr>\n<tr valign=\"top\" data-id=\"froala_22\">\n<td>Lycopene<\/td>\n<td>300 mcg<\/td>\n<td>**<\/td>\n<\/tr>\n<tr valign=\"top\">\n<td colspan=\"3\">** Dnevna vrijednost (DV) nije utvr\u0111ena.<\/td>\n<\/tr>\n<\/tbody>\n<\/table>\n<\/div>\n<\/div>","protected":false},"excerpt":{"rendered":"<ul>\n<li>Bez GMO<\/li>\n<li>\u0411\u0435\u0437 \u0433\u043b\u044e\u0442\u0435\u043d\u0443<\/li>\n<li>Multivitaminski\/multimineralni dodatak<\/li>\n<li>Usporedi s One A Day\u00ae Mu\u0161ki<\/li>\n<li>Bez dodanog kvasca, umjetnih zasla\u0111iva\u010da, boja ili aroma<\/li>\n<li>Zajam\u010dena kvaliteta<\/li>\n<li>Laboratorijski ispitano<\/li>\n<li>Pouzdana kvaliteta vi\u0161e od 30 godina<\/li>\n<\/ul>","protected":false},"featured_media":7327,"comment_status":"open","ping_status":"closed","template":"","meta":{"inline_featured_image":false},"product_cat":[15,46],"product_tag":[],"class_list":{"0":"post-7324","1":"product","2":"type-product","3":"status-publish","4":"has-post-thumbnail","6":"product_cat-supplements","7":"product_cat-mens-health","9":"first","10":"instock","11":"shipping-taxable","12":"purchasable","13":"product-type-simple"},"_links":{"self":[{"href":"https:\/\/be-healthy.taniko.me\/uk\/wp-json\/wp\/v2\/product\/7324","targetHints":{"allow":["GET"]}}],"collection":[{"href":"https:\/\/be-healthy.taniko.me\/uk\/wp-json\/wp\/v2\/product"}],"about":[{"href":"https:\/\/be-healthy.taniko.me\/uk\/wp-json\/wp\/v2\/types\/product"}],"replies":[{"embeddable":true,"href":"https:\/\/be-healthy.taniko.me\/uk\/wp-json\/wp\/v2\/comments?post=7324"}],"wp:featuredmedia":[{"embeddable":true,"href":"https:\/\/be-healthy.taniko.me\/uk\/wp-json\/wp\/v2\/media\/7327"}],"wp:attachment":[{"href":"https:\/\/be-healthy.taniko.me\/uk\/wp-json\/wp\/v2\/media?parent=7324"}],"wp:term":[{"taxonomy":"product_cat","embeddable":true,"href":"https:\/\/be-healthy.taniko.me\/uk\/wp-json\/wp\/v2\/product_cat?post=7324"},{"taxonomy":"product_tag","embeddable":true,"href":"https:\/\/be-healthy.taniko.me\/uk\/wp-json\/wp\/v2\/product_tag?post=7324"}],"curies":[{"name":"wp","href":"https:\/\/api.w.org\/{rel}","templated":true}]}}