{"id":7328,"date":"2024-03-02T21:16:42","date_gmt":"2024-03-02T21:16:42","guid":{"rendered":"https:\/\/be-healthy.taniko.me\/?post_type=product&#038;p=7328"},"modified":"2024-10-10T21:13:51","modified_gmt":"2024-10-10T21:13:51","slug":"now-foods-adam-superior-mens-multi-180-softgels","status":"publish","type":"product","link":"https:\/\/be-healthy.taniko.me\/uk\/product\/now-foods-adam-superior-mens-multi-180-softgels\/","title":{"rendered":"NOW Foods, ADAM, Superior Men&#8217;s Multi, 180 Softgels"},"content":{"rendered":"<div class=\"col-xs-24 col-md-14\">\n<div class=\"row item-row\">\n<div class=\"col-xs-24\">\n<h3>\u041e\u043f\u0438\u0441<\/h3>\n<p>Ove multivitaminske meke gelove lak\u0161e je progutati i formulirane su za bolju podno\u0161ljivost gastrointestinalnog trakta.<\/p>\n<h4>\u0420\u0435\u043a\u043e\u043c\u0435\u043d\u0434\u0430\u0446\u0456\u0457 \u0456\u0437 \u0437\u0430\u0441\u0442\u043e\u0441\u0443\u0432\u0430\u043d\u043d\u044f<\/h4>\n<p>Uzmite 2 softgel dnevno uz obrok.<\/p>\n<h4>\u0406\u043d\u0448\u0456 \u0456\u043d\u0433\u0440\u0435\u0434\u0456\u0454\u043d\u0442\u0438<\/h4>\n<p>Softgel kapsula [gove\u0111a \u017eelatina (bez bse), glicerin, voda, roga\u010d], bu\u010dino ulje, suncokretov lecitin, p\u010delinji vosak i prah kore cimeta.<\/p>\n<p>Sadr\u017ei soju.<\/p>\n<p>Nije proizveden od sastojaka p\u0161enice, glutena, mlijeka, jaja, ribe ili \u0161koljki. Proizvedeno u GMP postrojenju koje obra\u0111uje druge sastojke koji sadr\u017ee te alergene.<\/p>\n<p>\u041f\u043e\u043f\u0435\u0440\u0435\u0434\u0436\u0435\u043d\u043d\u044f<\/p>\n<p>U ovom proizvodu mo\u017ee do\u0107i do prirodne varijacije boje.<\/p>\n<p>\u010cuvati na hladnom i suhom mjestu nakon otvaranja.<\/p>\n<p>Samo za odrasle. Posavjetujte se s lije\u010dnikom ako ste trudni\/dojite, uzimate lijekove ili imate zdravstveno stanje. \u010cuvati izvan dohvata djece. Ovaj proizvod sadr\u017ei biotin koji mo\u017ee utjecati na rezultate nekih krvnih pretraga.<\/p>\n<\/div>\n<\/div>\n<div class=\"row item-row\">\n<div class=\"col-xs-24\"><\/div>\n<\/div>\n<\/div>\n<div class=\"col-xs-24 col-md-10\">\n<div class=\"supplement-facts-container\">\n<table border=\"1\" width=\"100%\" cellspacing=\"0\" cellpadding=\"3\">\n<tbody>\n<tr valign=\"top\">\n<td colspan=\"3\"><strong>\u041f\u043e\u0436\u0438\u0432\u043d\u0430 \u0446\u0456\u043d\u043d\u0456\u0441\u0442\u044c<\/strong><\/td>\n<\/tr>\n<tr valign=\"top\">\n<td colspan=\"3\"><strong>Veli\u010dina serviranja:<\/strong> 2 meke gel kapsule<\/td>\n<\/tr>\n<tr valign=\"top\">\n<td colspan=\"3\"><strong>Porcija po spremniku<\/strong>: 90<\/td>\n<\/tr>\n<tr valign=\"top\" data-id=\"froala_1\">\n<td width=\"70%\"><\/td>\n<td width=\"15%\"><strong>\u041a\u0456\u043b\u044c\u043a\u0456\u0441\u0442\u044c \u0432 1 \u043f\u043e\u0440\u0446\u0456\u0457<\/strong><\/td>\n<td width=\"15%\"><strong>% \u0432\u0456\u0434 \u0434\u043e\u0431\u043e\u0432\u043e\u0457 \u043d\u043e\u0440\u043c\u0438<\/strong><\/td>\n<\/tr>\n<tr valign=\"top\" data-id=\"froala_2\">\n<td>Vitamin A [60% as Beta-Carotene (Betatene\u00ae) and 40% as Retinyl Palmitate]<\/td>\n<td>3,000 mcg<\/td>\n<td>333%<\/td>\n<\/tr>\n<tr valign=\"top\" data-id=\"froala_3\">\n<td>Vitamin C (from Calcium Ascorbate)<\/td>\n<td>250 mg<\/td>\n<td>278%<\/td>\n<\/tr>\n<tr valign=\"top\" data-id=\"froala_4\">\n<td>Vitamin D-3 (as Cholecalciferol)<\/td>\n<td>25 mcg (1,000 IU)<\/td>\n<td>125%<\/td>\n<\/tr>\n<tr valign=\"top\" data-id=\"froala_5\">\n<td>Vitamin E (as d-alpha Tocopherol)<\/td>\n<td>75 mg<\/td>\n<td>500%<\/td>\n<\/tr>\n<tr valign=\"top\" data-id=\"froala_6\">\n<td>Vitamin K-1 (as Phytonadione)<\/td>\n<td>35 mcg<\/td>\n<td>29%<\/td>\n<\/tr>\n<tr valign=\"top\" data-id=\"froala_7\">\n<td>Thiamin (Vitamin B-1) (from Thiamin HCl)<\/td>\n<td>25 mg<\/td>\n<td>2083%<\/td>\n<\/tr>\n<tr valign=\"top\" data-id=\"froala_8\">\n<td>Riboflavin (Vitamin B-2)<\/td>\n<td>25 mg<\/td>\n<td>1923%<\/td>\n<\/tr>\n<tr valign=\"top\" data-id=\"froala_9\">\n<td>Niacin (Vitamin B-3) (as Niacinamide)<\/td>\n<td>35 mg<\/td>\n<td>219%<\/td>\n<\/tr>\n<tr valign=\"top\" data-id=\"froala_10\">\n<td>Vitamin B-6 (from Pyridoxine HCl and Pyridoxal-5-Phosphate (P-5-P))<\/td>\n<td>25 mg<\/td>\n<td>1471%<\/td>\n<\/tr>\n<tr valign=\"top\" data-id=\"froala_11\">\n<td>Folate<\/td>\n<td>680 mcg DFE<br \/>\n(400 mcg folic acid)<\/td>\n<td>170%<\/td>\n<\/tr>\n<tr valign=\"top\" data-id=\"froala_12\">\n<td>Vitamin B-12 (as Methylcobalamin)<\/td>\n<td>120 mcg<\/td>\n<td>5000%<\/td>\n<\/tr>\n<tr valign=\"top\" data-id=\"froala_13\">\n<td>Biotin<\/td>\n<td>300 mcg<\/td>\n<td>1000%<\/td>\n<\/tr>\n<tr valign=\"top\" data-id=\"froala_14\">\n<td>Pantothenic Acid (Vitamin B-5) (from Calcium Pantothenate)<\/td>\n<td>50 mg<\/td>\n<td>1000%<\/td>\n<\/tr>\n<tr data-id=\"froala_15\">\n<td>Choline (from Choline Bitartrate)<\/td>\n<td>25 mg<\/td>\n<td>5%<\/td>\n<\/tr>\n<tr valign=\"top\" data-id=\"froala_16\">\n<td>Calcium (from Cal. Ascorbate, Aquamin\u00ae\u00a0Seaweed Derived Minerals and Calcium Pantothenate)<\/td>\n<td>55 mg<\/td>\n<td>4%<\/td>\n<\/tr>\n<tr valign=\"top\" data-id=\"froala_17\">\n<td>Iodine (from Potassium Iodide)<\/td>\n<td>225 mcg<\/td>\n<td>150%<\/td>\n<\/tr>\n<tr valign=\"top\" data-id=\"froala_18\">\n<td>Magnesium (from Magnesium Citrate and Aquamin\u00ae\u00a0Seaweed Derived Minerals)<\/td>\n<td>25 mg<\/td>\n<td>6%<\/td>\n<\/tr>\n<tr valign=\"top\" data-id=\"froala_19\">\n<td>Zinc (from Zinc Picolinate)<\/td>\n<td>15 mg<\/td>\n<td>136%<\/td>\n<\/tr>\n<tr valign=\"top\" data-id=\"froala_20\">\n<td>Selenium (from Selenium Glycinate)(Albion\u2122)<\/td>\n<td>200 mcg<\/td>\n<td>364%<\/td>\n<\/tr>\n<tr valign=\"top\" data-id=\"froala_21\">\n<td>Copper (from Copper Bisglycinate) (TRAACS\u2122)<\/td>\n<td>0.5 mg<\/td>\n<td>56%<\/td>\n<\/tr>\n<tr valign=\"top\" data-id=\"froala_22\">\n<td>Manganese (from Manganese Bisglycinate) (TRAACS\u2122)<\/td>\n<td>2 mg<\/td>\n<td>87%<\/td>\n<\/tr>\n<tr valign=\"top\" data-id=\"froala_23\">\n<td>Chromium (from Chromium Nicotinate Glycinate) (TRAACS\u2122)<\/td>\n<td>120 mcg<\/td>\n<td>343%<\/td>\n<\/tr>\n<tr valign=\"top\" data-id=\"froala_24\">\n<td>Molybdenum (from Molybdenum Glycinate) (TRAACS\u2122)<\/td>\n<td>75 mcg<\/td>\n<td>167%<\/td>\n<\/tr>\n<tr valign=\"top\" data-id=\"froala_25\">\n<td>Potassium (from Potassium Chloride)<\/td>\n<td>25 mg<\/td>\n<td>&lt;1%<\/td>\n<\/tr>\n<tr valign=\"top\" data-id=\"froala_26\">\n<td>Saw Palmetto Extract (Berry) (Serenoa repens) (min. 85% Fatty Acids)<\/td>\n<td>160 mg<\/td>\n<td>\u2020<\/td>\n<\/tr>\n<tr valign=\"top\" data-id=\"froala_27\">\n<td>Phytosterols (Plant Sterols) (with Beta-Sitosterol)<\/td>\n<td>50 mg<\/td>\n<td>\u2020<\/td>\n<\/tr>\n<tr valign=\"top\" data-id=\"froala_28\">\n<td>Alpha Lipoic Acid<\/td>\n<td>25 mg<\/td>\n<td>\u2020<\/td>\n<\/tr>\n<tr valign=\"top\" data-id=\"froala_29\">\n<td>Grape Seed Extract (Vitis vinifera)<\/td>\n<td>25 mg<\/td>\n<td>\u2020<\/td>\n<\/tr>\n<tr valign=\"top\" data-id=\"froala_30\">\n<td>Inositol<\/td>\n<td>10 mg<\/td>\n<td>\u2020<\/td>\n<\/tr>\n<tr valign=\"top\" data-id=\"froala_31\">\n<td>CoQ10 (as Ubiquinone)<\/td>\n<td>10 mg<\/td>\n<td>\u2020<\/td>\n<\/tr>\n<tr valign=\"top\" data-id=\"froala_32\">\n<td class=\"\">Lycopene (LYC-O-MATO\u00ae) (from Tomato Extract)<\/td>\n<td>3 mg<\/td>\n<td>\u2020<\/td>\n<\/tr>\n<tr valign=\"top\" data-id=\"froala_33\">\n<td>Lutein (from Marigold Flowers Extract) (Tagetes erecta) (FloraGlo\u00ae)<\/td>\n<td>500 mcg<\/td>\n<td>\u2020<\/td>\n<\/tr>\n<tr data-id=\"froala_34\">\n<td>Vitamin K-2 (as Menaquinone)<\/td>\n<td>45 mcg<\/td>\n<td>\u2020<\/td>\n<\/tr>\n<tr valign=\"top\">\n<td colspan=\"3\">\u2020Dnevna vrijednost nije utvr\u0111ena<\/td>\n<\/tr>\n<\/tbody>\n<\/table>\n<\/div>\n<\/div>","protected":false},"excerpt":{"rendered":"<ul>\n<li>Sa Saw Palmetto, biljnim sterolima, likopenom i CoQ10<\/li>\n<li>Nje\u017enije i lak\u0161e za gutanje i upijanje<\/li>\n<li>\u0414\u0456\u0454\u0442\u0438\u0447\u043d\u0430 \u0434\u043e\u0431\u0430\u0432\u043a\u0430<\/li>\n<li>Kosher &#8211; Sadr\u017ei \u017eelatinu<\/li>\n<li>U obiteljskom vlasni\u0161tvu od 1968<\/li>\n<li>Halal<\/li>\n<li>Kvaliteta GMP zajam\u010dena<\/li>\n<\/ul>","protected":false},"featured_media":7332,"comment_status":"open","ping_status":"closed","template":"","meta":{"inline_featured_image":false},"product_cat":[15,46],"product_tag":[],"class_list":{"0":"post-7328","1":"product","2":"type-product","3":"status-publish","4":"has-post-thumbnail","6":"product_cat-supplements","7":"product_cat-mens-health","9":"first","10":"instock","11":"shipping-taxable","12":"purchasable","13":"product-type-simple"},"_links":{"self":[{"href":"https:\/\/be-healthy.taniko.me\/uk\/wp-json\/wp\/v2\/product\/7328","targetHints":{"allow":["GET"]}}],"collection":[{"href":"https:\/\/be-healthy.taniko.me\/uk\/wp-json\/wp\/v2\/product"}],"about":[{"href":"https:\/\/be-healthy.taniko.me\/uk\/wp-json\/wp\/v2\/types\/product"}],"replies":[{"embeddable":true,"href":"https:\/\/be-healthy.taniko.me\/uk\/wp-json\/wp\/v2\/comments?post=7328"}],"wp:featuredmedia":[{"embeddable":true,"href":"https:\/\/be-healthy.taniko.me\/uk\/wp-json\/wp\/v2\/media\/7332"}],"wp:attachment":[{"href":"https:\/\/be-healthy.taniko.me\/uk\/wp-json\/wp\/v2\/media?parent=7328"}],"wp:term":[{"taxonomy":"product_cat","embeddable":true,"href":"https:\/\/be-healthy.taniko.me\/uk\/wp-json\/wp\/v2\/product_cat?post=7328"},{"taxonomy":"product_tag","embeddable":true,"href":"https:\/\/be-healthy.taniko.me\/uk\/wp-json\/wp\/v2\/product_tag?post=7328"}],"curies":[{"name":"wp","href":"https:\/\/api.w.org\/{rel}","templated":true}]}}