{"id":7333,"date":"2024-03-02T21:31:08","date_gmt":"2024-03-02T21:31:08","guid":{"rendered":"https:\/\/be-healthy.taniko.me\/?post_type=product&#038;p=7333"},"modified":"2024-10-10T21:06:50","modified_gmt":"2024-10-10T21:06:50","slug":"life-extension-ultra-prostate-formula-60-softgels","status":"publish","type":"product","link":"https:\/\/be-healthy.taniko.me\/uk\/product\/life-extension-ultra-prostate-formula-60-softgels\/","title":{"rendered":"Life Extension, Ultra Prostate Formula, 60 Softgels"},"content":{"rendered":"<div class=\"col-xs-24 col-md-14\">\n<div class=\"row item-row\">\n<div class=\"col-xs-24\">\n<h3>\u041e\u043f\u0438\u0441<\/h3>\n<p>Ultra Prostate Formula na\u0161 je najbolji dodatak za prostatu jer je prepun sastojaka poput beta-sitosterola i pile palme za promicanje zdrave funkcije prostate, zdrav protok urina i vi\u0161e.<\/p>\n<p>\u0160to je Ultra Prostate Formula?<\/p>\n<p>Neophodno je za mu\u0161karce da o\u010duvaju zdravlje prostate kako stare. Ultra Prostate Formula donosi desetak komplementarnih sastojaka koji podupiru zdravlje stanica prostate i zdrave obrasce mokrenja, poma\u017eu u odr\u017eavanju ravnote\u017ee hormona, promi\u010du zdrav upalni odgovor i vi\u0161e.<\/p>\n<p>Ultra Prostate Formula posebno je dizajnirana za rje\u0161avanje vi\u0161e \u010dimbenika bitnih za trajno zdravlje prostate.<\/p>\n<p>Prednosti Ultra Prostate Formula<\/p>\n<ul>\n<li>Promi\u010de zdravu veli\u010dinu i funkciju prostate<\/li>\n<li>Poma\u017ee u odr\u017eavanju ve\u0107 zdrave razine antigena specifi\u010dnog za prostatu (PSA).<\/li>\n<li>Podr\u017eava zdravu diobu stanica prostate<\/li>\n<li>Poma\u017ee u suzbijanju upale kako bi se podr\u017ealo zdravo mokrenje<\/li>\n<li>Poti\u010de zdrav metabolizam hormona u prostati<\/li>\n<\/ul>\n<p>Podr\u017eava zdravu veli\u010dinu prostate i strukturu stanica<\/p>\n<p>Likopen\u2014antioksidans karotenoid koji poti\u010de zdravu veli\u010dinu i funkciju prostate.<\/p>\n<p>Bor\u2014Mineral u tragovima, bor podr\u017eava zdrav metabolizam hormona.<\/p>\n<p>CO2 ekstrakt Saw palmetto\u2014Ovaj ekstrakt donosi standardiziranu dozu Serenoa repens, koja podr\u017eava zdravo mokrenje i poma\u017ee u odr\u017eavanju zdrave strukture i funkcije prostate.<\/p>\n<p>Inhibira upalne \u010dimbenike za promicanje zdravog mokrenja<\/p>\n<p>Apr\u00e8sFlex\u00ae\u2014 5-LOX je enzim koji pretvara masne kiseline u \u010dimbenike upale. Ovaj ultra-upijaju\u0107i ekstrakt bosvelije inhibira aktivnost 5-LOX na stani\u010dnoj razini.<\/p>\n<p>\u200bGraminex\u00ae Flower Pollen Extract\u2122\u2014 Ovaj koncentrirani ekstrakt peludi poti\u010de zdrav upalni odgovor<\/p>\n<p>Pygeum\u2014ekstrakt stabla afri\u010dke tre\u0161nje, pygeum sadr\u017ei botani\u010dki spoj beta-sitosterol i podr\u017eava zdrave obrasce mokrenja.<\/p>\n<p>Beta-sitosterol i sjemenke bundeve\u2014Na\u0161a \u200b\u200bformula sadr\u017ei dodatni beta-sitosterol (iz bora), kao i ulje sjemenki bundeve koji nadopunjuju u\u010dinke ekstrakta palme i pigeuma.<\/p>\n<p>Fosfolipidi\u2014izvedeni iz suncokreta, fosfolipidi imaju brojne zdravstvene prednosti i poma\u017eu va\u0161em tijelu da apsorbira druge aktivne spojeve ove formule.<\/p>\n<p>Odr\u017eavanje zdrave razine hormona<\/p>\n<p>Stanice prostate osjetljive su i na mu\u0161ke i na \u017eenske hormone (testosteron i estrogen). Stoga smo uklju\u010dili mo\u0107ne biljke koje poma\u017eu u promicanju zdravog metabolizma hormona prostate.<\/p>\n<p>Sjeme lana i obi\u010dna smreka\u2014Ova za\u0161ti\u0107ena kombinacija standardiziranih lignana iz sjemena lana i obi\u010dne smreke pretvara se u enterolakton nakon \u0161to se proguta. Enterolakton poma\u017ee u odr\u017eavanju zdravog metabolizma hormona i diobe stanica prostate.<\/p>\n<p>Korijen koprive i koprive\u2014ekstrakt koprive podr\u017eava zdravlje prostate i mokra\u0107nog sustava.<\/p>\n<p><strong>\u0420\u0435\u043a\u043e\u043c\u0435\u043d\u0434\u0430\u0446\u0456\u0457 \u0456\u0437 \u0437\u0430\u0441\u0442\u043e\u0441\u0443\u0432\u0430\u043d\u043d\u044f<\/strong><\/p>\n<p>Pro\u010ditajte cijelu etiketu i pa\u017eljivo slijedite upute.<\/p>\n<p>Uzmite dvije (2) meke gelove dnevno podijeljeno izme\u0111u jutra i ve\u010deri, s hranom ili prema preporuci lije\u010dnika.<\/p>\n<p><strong>\u0406\u043d\u0448\u0456 \u0456\u043d\u0433\u0440\u0435\u0434\u0456\u0454\u043d\u0442\u0438<\/strong><\/p>\n<p>\u017delatina, suncokretovo ulje, glicerin, maltodekstrin, pro\u010di\u0161\u0107ena voda, p\u010delinji vosak, trikalcijev fosfat, boja roga\u010da, ekstrakt ru\u017emarina.<\/p>\n<p><strong>\u041f\u043e\u043f\u0435\u0440\u0435\u0434\u0436\u0435\u043d\u043d\u044f<\/strong><\/p>\n<p>\u010cuvati dobro zatvoreno na hladnom i suhom mjestu.<\/p>\n<p>\u010cuvati izvan dohvata djece.<br \/>\nNemojte prekora\u010diti preporu\u010denu dozu.<br \/>\nNe kupujte ako je vanjska brtva o\u0161te\u0107ena.<br \/>\nPosavjetujte se sa svojim lije\u010dnikom ako ste podvrgnuti lije\u010denju zbog nekog zdravstvenog stanja ili ako ste trudni ili dojite.<br \/>\nOdricanje<\/p>\n<\/div>\n<\/div>\n<div class=\"row item-row\">\n<div class=\"col-xs-24\"><\/div>\n<\/div>\n<\/div>\n<div class=\"col-xs-24 col-md-10\">\n<div class=\"supplement-facts-container\">\n<table border=\"1\" width=\"100%\" cellspacing=\"0\" cellpadding=\"3\">\n<tbody>\n<tr valign=\"top\">\n<td colspan=\"3\"><strong>\u041f\u043e\u0436\u0438\u0432\u043d\u0430 \u0446\u0456\u043d\u043d\u0456\u0441\u0442\u044c<\/strong><\/td>\n<\/tr>\n<tr valign=\"top\">\n<td colspan=\"3\"><strong>Veli\u010dina serviranja:<\/strong> 2 meke gel kapsule<\/td>\n<\/tr>\n<tr valign=\"top\">\n<td colspan=\"3\"><strong>\u041f\u043e\u0440\u0446\u0456\u0439 \u0432 \u0443\u043f\u0430\u043a\u043e\u0432\u0446\u0456<\/strong> 30<\/td>\n<\/tr>\n<tr valign=\"top\">\n<td width=\"70%\"><\/td>\n<td width=\"15%\"><strong>\u041a\u0456\u043b\u044c\u043a\u0456\u0441\u0442\u044c \u0432 1 \u043f\u043e\u0440\u0446\u0456\u0457<\/strong><\/td>\n<td width=\"15%\"><strong>% \u0432\u0456\u0434 \u0434\u043e\u0431\u043e\u0432\u043e\u0457 \u043d\u043e\u0440\u043c\u0438<\/strong><\/td>\n<\/tr>\n<tr valign=\"top\">\n<td>Calories<\/td>\n<td>15<\/td>\n<td><\/td>\n<\/tr>\n<tr valign=\"top\">\n<td>Total Fat<\/td>\n<td>1.5 g<\/td>\n<td>2%<\/td>\n<\/tr>\n<tr valign=\"top\">\n<td>Total Carbohydrate<\/td>\n<td>&lt;1 g<\/td>\n<td>&lt;1%<\/td>\n<\/tr>\n<tr valign=\"top\">\n<td>Protein<\/td>\n<td>&lt;1 g<\/td>\n<td><\/td>\n<\/tr>\n<tr valign=\"top\">\n<td>Saw Palmetto CO2 extract (fruit) [std. to 85% total fatty acids]<\/td>\n<td>320 mg<\/td>\n<td>**<\/td>\n<\/tr>\n<tr valign=\"top\">\n<td>Stinging and dwarf nettle extracts (root)<\/td>\n<td>240 mg<\/td>\n<td>**<\/td>\n<\/tr>\n<tr valign=\"top\">\n<td>Pumpkin oil (seed) [std. to 85% total fatty acids]<\/td>\n<td>200 mg<\/td>\n<td>**<\/td>\n<\/tr>\n<tr valign=\"top\">\n<td>Beta-Sitosterol<\/td>\n<td>180 mg<\/td>\n<td>**<\/td>\n<\/tr>\n<tr valign=\"top\">\n<td>Phospholipids<\/td>\n<td>160 mg<\/td>\n<td>**<\/td>\n<\/tr>\n<tr valign=\"top\">\n<td>Pygeum extract (bark)<\/td>\n<td>100 mg<\/td>\n<td>**<\/td>\n<\/tr>\n<tr valign=\"top\">\n<td>ApresFlex\u00ae Indian frankincense (Boswellia serrata) extract (gum resin) [std. to 20% AKBA^]<\/td>\n<td>70 mg<\/td>\n<td>**<\/td>\n<\/tr>\n<tr valign=\"top\">\n<td>Graminex\u00ae Flower Pollen Extract\u2122 and NAX\u2122 Paste (std. to 7% phytosterol) (from rye)<\/td>\n<td>63 mg<\/td>\n<td>**<\/td>\n<\/tr>\n<tr valign=\"top\">\n<td>Proprietary Enterolactone Precursors Blend [HMRlignan\u2122 Norway spruce (Picea abies) (knot wood) and flax lignan (seed) extracts]<\/td>\n<td>20.15 mg<\/td>\n<td>**<\/td>\n<\/tr>\n<tr valign=\"top\">\n<td>Lycopene [from Lyc-O-Mato\u00ae natural tomato extract (fruit)]<\/td>\n<td>10 mg<\/td>\n<td>**<\/td>\n<\/tr>\n<tr valign=\"top\">\n<td>Boron (as boron glycinate)<\/td>\n<td>3 mg<\/td>\n<td>**<\/td>\n<\/tr>\n<tr valign=\"top\">\n<td colspan=\"3\">**Dnevna vrijednost nije utvr\u0111ena.<br \/>\n\u2020Dnevna vrijednost temelji se na dijeti od 2000 kalorija.<br \/>\n^3-O-acetyl-11-keto-\u03b2-boswellic acid.<\/td>\n<\/tr>\n<\/tbody>\n<\/table>\n<\/div>\n<\/div>","protected":false},"excerpt":{"rendered":"<ul>\n<li>\u0411\u0435\u0437 \u0433\u043b\u044e\u0442\u0435\u043d\u0443<\/li>\n<li>Bez GMO LE certifikata<\/li>\n<li>Sveobuhvatna podr\u0161ka za starenje \u017elijezda prostate<\/li>\n<li>\u0414\u0456\u0454\u0442\u0438\u0447\u043d\u0430 \u0434\u043e\u0431\u0430\u0432\u043a\u0430<\/li>\n<\/ul>","protected":false},"featured_media":7335,"comment_status":"open","ping_status":"closed","template":"","meta":{"inline_featured_image":false},"product_cat":[15,46],"product_tag":[],"class_list":{"0":"post-7333","1":"product","2":"type-product","3":"status-publish","4":"has-post-thumbnail","6":"product_cat-supplements","7":"product_cat-mens-health","9":"first","10":"instock","11":"shipping-taxable","12":"purchasable","13":"product-type-simple"},"_links":{"self":[{"href":"https:\/\/be-healthy.taniko.me\/uk\/wp-json\/wp\/v2\/product\/7333","targetHints":{"allow":["GET"]}}],"collection":[{"href":"https:\/\/be-healthy.taniko.me\/uk\/wp-json\/wp\/v2\/product"}],"about":[{"href":"https:\/\/be-healthy.taniko.me\/uk\/wp-json\/wp\/v2\/types\/product"}],"replies":[{"embeddable":true,"href":"https:\/\/be-healthy.taniko.me\/uk\/wp-json\/wp\/v2\/comments?post=7333"}],"wp:featuredmedia":[{"embeddable":true,"href":"https:\/\/be-healthy.taniko.me\/uk\/wp-json\/wp\/v2\/media\/7335"}],"wp:attachment":[{"href":"https:\/\/be-healthy.taniko.me\/uk\/wp-json\/wp\/v2\/media?parent=7333"}],"wp:term":[{"taxonomy":"product_cat","embeddable":true,"href":"https:\/\/be-healthy.taniko.me\/uk\/wp-json\/wp\/v2\/product_cat?post=7333"},{"taxonomy":"product_tag","embeddable":true,"href":"https:\/\/be-healthy.taniko.me\/uk\/wp-json\/wp\/v2\/product_tag?post=7333"}],"curies":[{"name":"wp","href":"https:\/\/api.w.org\/{rel}","templated":true}]}}