{"id":7340,"date":"2024-03-03T14:48:31","date_gmt":"2024-03-03T14:48:31","guid":{"rendered":"https:\/\/be-healthy.taniko.me\/?post_type=product&#038;p=7340"},"modified":"2024-10-10T20:57:47","modified_gmt":"2024-10-10T20:57:47","slug":"swanson-vitamin-a-10000-iu-250-softgels","status":"publish","type":"product","link":"https:\/\/be-healthy.taniko.me\/uk\/product\/swanson-vitamin-a-10000-iu-250-softgels\/","title":{"rendered":"Swanson, Vitamin A, 10,000 IU, 250 Softgels"},"content":{"rendered":"<div class=\"col-xs-24 col-md-14\">\n<div class=\"row item-row\">\n<div class=\"col-xs-24\">\n<h3>\u041e\u043f\u0438\u0441<\/h3>\n<p>Znanstveno potkrijepljena kvaliteta od 1969<\/p>\n<p>Za zdrave o\u010di, ko\u017eu i imunolo\u0161ki sustav isprobajte Swanson vitamin A. Izveden iz ulja riblje jetre i vitamina A palmitata, pru\u017ea sna\u017enu antioksidacijsku za\u0161titu za cijelo tijelo.<\/p>\n<p><strong>\u0420\u0435\u043a\u043e\u043c\u0435\u043d\u0434\u0430\u0446\u0456\u0457 \u0456\u0437 \u0437\u0430\u0441\u0442\u043e\u0441\u0443\u0432\u0430\u043d\u043d\u044f<\/strong><\/p>\n<p>Kao dodatak prehrani, uzmite jednu meku gel dnevno s vodom.<\/p>\n<p><strong>\u0406\u043d\u0448\u0456 \u0456\u043d\u0433\u0440\u0435\u0434\u0456\u0454\u043d\u0442\u0438<\/strong><\/p>\n<p>Sojino ulje, \u017eelatina, glicerin, pro\u010di\u0161\u0107ena voda.<\/p>\n<p>Sadr\u017ei ribu (bakalar) i soju.<\/p>\n<\/div>\n<\/div>\n<div class=\"row item-row\">\n<div class=\"col-xs-24\"><\/div>\n<\/div>\n<div class=\"row item-row\">\n<div class=\"col-xs-24\"><\/div>\n<\/div>\n<\/div>\n<div class=\"col-xs-24 col-md-10\">\n<div class=\"supplement-facts-container\">\n<table border=\"1\" width=\"100%\" cellspacing=\"0\" cellpadding=\"3\">\n<tbody>\n<tr align=\"left\" valign=\"top\">\n<td colspan=\"3\"><strong>\u041f\u043e\u0436\u0438\u0432\u043d\u0430 \u0446\u0456\u043d\u043d\u0456\u0441\u0442\u044c<\/strong><\/td>\n<\/tr>\n<tr align=\"left\" valign=\"top\">\n<td colspan=\"3\"><strong>Veli\u010dina porcije<\/strong>: 1 mekana gel tableta<\/td>\n<\/tr>\n<tr align=\"left\" valign=\"top\" data-id=\"froala_311\">\n<td width=\"70%\"><\/td>\n<td width=\"15%\">\u041a\u0456\u043b\u044c\u043a\u0456\u0441\u0442\u044c \u0432 1 \u043f\u043e\u0440\u0446\u0456\u0457<\/td>\n<td width=\"15%\"><strong>% \u0432\u0456\u0434 \u0434\u043e\u0431\u043e\u0432\u043e\u0457 \u043d\u043e\u0440\u043c\u0438<\/strong><\/td>\n<\/tr>\n<tr align=\"left\" valign=\"top\" data-id=\"froala_312\">\n<td>Vitamin A (iz ulja jetre bakalara i palmitata vitamina A)<\/td>\n<td>\u00a03,000 mcg RAE<\/td>\n<td>333%<\/td>\n<\/tr>\n<tr>\n<td class=\"fr-selected-cell\" colspan=\"3\">10,000 IU = 3,000 mcg RAE<\/td>\n<\/tr>\n<\/tbody>\n<\/table>\n<\/div>\n<\/div>","protected":false},"excerpt":{"rendered":"<ul>\n<li>Zdravlje o\u010diju i vida<\/li>\n<li>Vitaminski dodatak<\/li>\n<li>10 000 IU po softgelu<\/li>\n<li>Podr\u017eava zdravlje o\u010diju<\/li>\n<li>Odr\u017eava zdravlje imuniteta<\/li>\n<li>Poma\u017ee u odr\u017eavanju zdrave ko\u017ee i kose<\/li>\n<li>Podr\u017eava zdravlje kostiju<\/li>\n<li>Znanstveno potkrijepljena kvaliteta od 1969<\/li>\n<\/ul>","protected":false},"featured_media":7342,"comment_status":"open","ping_status":"closed","template":"","meta":{"inline_featured_image":false},"product_cat":[15,98],"product_tag":[],"class_list":{"0":"post-7340","1":"product","2":"type-product","3":"status-publish","4":"has-post-thumbnail","6":"product_cat-supplements","7":"product_cat-vitamin-a-b-c-d-e-k","9":"first","10":"instock","11":"shipping-taxable","12":"purchasable","13":"product-type-simple"},"_links":{"self":[{"href":"https:\/\/be-healthy.taniko.me\/uk\/wp-json\/wp\/v2\/product\/7340","targetHints":{"allow":["GET"]}}],"collection":[{"href":"https:\/\/be-healthy.taniko.me\/uk\/wp-json\/wp\/v2\/product"}],"about":[{"href":"https:\/\/be-healthy.taniko.me\/uk\/wp-json\/wp\/v2\/types\/product"}],"replies":[{"embeddable":true,"href":"https:\/\/be-healthy.taniko.me\/uk\/wp-json\/wp\/v2\/comments?post=7340"}],"wp:featuredmedia":[{"embeddable":true,"href":"https:\/\/be-healthy.taniko.me\/uk\/wp-json\/wp\/v2\/media\/7342"}],"wp:attachment":[{"href":"https:\/\/be-healthy.taniko.me\/uk\/wp-json\/wp\/v2\/media?parent=7340"}],"wp:term":[{"taxonomy":"product_cat","embeddable":true,"href":"https:\/\/be-healthy.taniko.me\/uk\/wp-json\/wp\/v2\/product_cat?post=7340"},{"taxonomy":"product_tag","embeddable":true,"href":"https:\/\/be-healthy.taniko.me\/uk\/wp-json\/wp\/v2\/product_tag?post=7340"}],"curies":[{"name":"wp","href":"https:\/\/api.w.org\/{rel}","templated":true}]}}