{"id":7346,"date":"2024-03-03T15:03:07","date_gmt":"2024-03-03T15:03:07","guid":{"rendered":"https:\/\/be-healthy.taniko.me\/?post_type=product&#038;p=7346"},"modified":"2024-10-10T20:20:40","modified_gmt":"2024-10-10T20:20:40","slug":"swanson-vitamin-a-c-e-selenium-60-softgels","status":"publish","type":"product","link":"https:\/\/be-healthy.taniko.me\/uk\/product\/swanson-vitamin-a-c-e-selenium-60-softgels\/","title":{"rendered":"Swanson, Vitamin A, C, E &#038; Selenium, 60 Softgels"},"content":{"rendered":"<div class=\"col-xs-24 col-md-14\">\n<div class=\"row item-row\">\n<div class=\"col-xs-24\">\n<h3>\u041e\u043f\u0438\u0441<\/h3>\n<p>Ljubitelji zdravlja i wellnessa koji tra\u017ee popularan i mo\u0107an antioksidativni kompleks trebali bi pa\u017eljivo pogledati Swanson Ultra vitamine A, C, E i selen.<\/p>\n<h4>\u0420\u0435\u043a\u043e\u043c\u0435\u043d\u0434\u0430\u0446\u0456\u0457 \u0456\u0437 \u0437\u0430\u0441\u0442\u043e\u0441\u0443\u0432\u0430\u043d\u043d\u044f<\/h4>\n<p>Kao dodatak prehrani, uzmite jednu meku gel dnevno s vodom.<\/p>\n<h4>\u0406\u043d\u0448\u0456 \u0456\u043d\u0433\u0440\u0435\u0434\u0456\u0454\u043d\u0442\u0438<\/h4>\n<p>\u017delatina, glicerin, sojino ulje, kukuruzno ulje, sojin lecitin, karamel boja, p\u010delinji vosak, pro\u010di\u0161\u0107ena voda.<\/p>\n<p>Sadr\u017ei soju i sulfite.<\/p>\n<h4>\u041f\u043e\u043f\u0435\u0440\u0435\u0434\u0436\u0435\u043d\u043d\u044f<\/h4>\n<p>Samo za odrasle. Posavjetujte se sa svojim lije\u010dnikom prije kori\u0161tenja ovog ili bilo kojeg proizvoda ako ste trudni ili dojite, uzimate lijekove ili imate zdravstveno stanje.<\/p>\n<p>\u010cuvati izvan dohvata djece. Nemojte koristiti ako je pe\u010dat o\u0161te\u0107en. \u010cuvati na hladnom i suhom mjestu. Nemojte hladiti.<\/p>\n<\/div>\n<\/div>\n<div class=\"row item-row\">\n<div class=\"col-xs-24\"><\/div>\n<\/div>\n<div class=\"row item-row\">\n<div class=\"col-xs-24\"><\/div>\n<\/div>\n<\/div>\n<div class=\"col-xs-24 col-md-10\">\n<div class=\"supplement-facts-container\">\n<table border=\"1\" width=\"100%\" cellspacing=\"0\" cellpadding=\"3\">\n<tbody>\n<tr align=\"left\" valign=\"top\">\n<td colspan=\"3\"><strong>\u041f\u043e\u0436\u0438\u0432\u043d\u0430 \u0446\u0456\u043d\u043d\u0456\u0441\u0442\u044c<\/strong><\/td>\n<\/tr>\n<tr align=\"left\" valign=\"top\">\n<td colspan=\"3\"><strong>Veli\u010dina porcije:<\/strong> 1 mekana gel tableta<\/td>\n<\/tr>\n<tr align=\"left\" valign=\"top\" data-id=\"froala_1\">\n<td class=\"\" width=\"70%\"><\/td>\n<td width=\"15%\"><strong>\u041a\u0456\u043b\u044c\u043a\u0456\u0441\u0442\u044c \u0432 1 \u043f\u043e\u0440\u0446\u0456\u0457<\/strong><\/td>\n<td width=\"15%\"><strong>% \u0432\u0456\u0434 \u0434\u043e\u0431\u043e\u0432\u043e\u0457 \u043d\u043e\u0440\u043c\u0438<\/strong><\/td>\n<\/tr>\n<tr align=\"left\" valign=\"top\" data-id=\"froala_2\">\n<td>Vitamin A<br \/>\n(kao beta-karoten)<\/td>\n<td>7,500 mcg RAE<\/td>\n<td>833%<\/td>\n<\/tr>\n<tr align=\"left\" valign=\"top\" data-id=\"froala_3\">\n<td>Vitamin C<br \/>\n(kao askorbinska kiselina)<\/td>\n<td>500 mg<\/td>\n<td>556%<\/td>\n<\/tr>\n<tr align=\"left\" valign=\"top\" data-id=\"froala_4\">\n<td>Vitamin E<br \/>\n(kao d-alfa tokoferil acetat)<\/td>\n<td>180.2 mg<\/td>\n<td>1,201%<\/td>\n<\/tr>\n<tr align=\"left\" valign=\"top\" data-id=\"froala_5\">\n<td>Selen<br \/>\n(od selenskog kvasca)<\/td>\n<td>50 mcg<\/td>\n<td>91%<\/td>\n<\/tr>\n<\/tbody>\n<\/table>\n<\/div>\n<\/div>","protected":false},"excerpt":{"rendered":"<ul>\n<li>Antioksidativna podr\u0161ka<\/li>\n<li>Formula asova<\/li>\n<li>\u0414\u0456\u0454\u0442\u0438\u0447\u043d\u0430 \u0434\u043e\u0431\u0430\u0432\u043a\u0430<\/li>\n<li>Znanstveno dokazana mo\u0107 borbe protiv radikala<\/li>\n<li>Poja\u010dava antioksidacijsku aktivnost<\/li>\n<li>Podr\u017eava prevenciju o\u0161te\u0107enja stanica i tkiva<\/li>\n<li>Znanstveno potkrijepljena kvaliteta od 1969<\/li>\n<\/ul>","protected":false},"featured_media":7347,"comment_status":"open","ping_status":"closed","template":"","meta":{"inline_featured_image":false},"product_cat":[15,98],"product_tag":[],"class_list":{"0":"post-7346","1":"product","2":"type-product","3":"status-publish","4":"has-post-thumbnail","6":"product_cat-supplements","7":"product_cat-vitamin-a-b-c-d-e-k","9":"first","10":"instock","11":"shipping-taxable","12":"purchasable","13":"product-type-simple"},"_links":{"self":[{"href":"https:\/\/be-healthy.taniko.me\/uk\/wp-json\/wp\/v2\/product\/7346","targetHints":{"allow":["GET"]}}],"collection":[{"href":"https:\/\/be-healthy.taniko.me\/uk\/wp-json\/wp\/v2\/product"}],"about":[{"href":"https:\/\/be-healthy.taniko.me\/uk\/wp-json\/wp\/v2\/types\/product"}],"replies":[{"embeddable":true,"href":"https:\/\/be-healthy.taniko.me\/uk\/wp-json\/wp\/v2\/comments?post=7346"}],"wp:featuredmedia":[{"embeddable":true,"href":"https:\/\/be-healthy.taniko.me\/uk\/wp-json\/wp\/v2\/media\/7347"}],"wp:attachment":[{"href":"https:\/\/be-healthy.taniko.me\/uk\/wp-json\/wp\/v2\/media?parent=7346"}],"wp:term":[{"taxonomy":"product_cat","embeddable":true,"href":"https:\/\/be-healthy.taniko.me\/uk\/wp-json\/wp\/v2\/product_cat?post=7346"},{"taxonomy":"product_tag","embeddable":true,"href":"https:\/\/be-healthy.taniko.me\/uk\/wp-json\/wp\/v2\/product_tag?post=7346"}],"curies":[{"name":"wp","href":"https:\/\/api.w.org\/{rel}","templated":true}]}}