{"id":7349,"date":"2024-03-03T15:25:31","date_gmt":"2024-03-03T15:25:31","guid":{"rendered":"https:\/\/be-healthy.taniko.me\/?post_type=product&#038;p=7349"},"modified":"2024-10-10T19:56:51","modified_gmt":"2024-10-10T19:56:51","slug":"carlson-vitamin-a-d-100-soft-gels","status":"publish","type":"product","link":"https:\/\/be-healthy.taniko.me\/uk\/product\/carlson-vitamin-a-d-100-soft-gels\/","title":{"rendered":"Carlson, Vitamin A &#038; D, 100 Soft Gels"},"content":{"rendered":"<div class=\"col-xs-24 col-md-14\">\n<div class=\"row item-row\">\n<div class=\"col-xs-24\">\n<h3>\u041e\u043f\u0438\u0441<\/h3>\n<ul>\n<li>\u0414\u0456\u0454\u0442\u0438\u0447\u043d\u0430 \u0434\u043e\u0431\u0430\u0432\u043a\u0430<\/li>\n<li>Podr\u0161ka za vid<\/li>\n<li>Imunolo\u0161ka funkcija<\/li>\n<li>Zdravlje ko\u017ee<\/li>\n<li>3.000 mcg RAE (10.000 IU) vitamin A<\/li>\n<li>50 mcg (2000) IU vitamina D<\/li>\n<li>\u0411\u0435\u0437 \u0433\u043b\u044e\u0442\u0435\u043d\u0443<\/li>\n<li>Bez mlijeka\/kazeina<\/li>\n<\/ul>\n<h3>\u0420\u0435\u043a\u043e\u043c\u0435\u043d\u0434\u0430\u0446\u0456\u0457 \u0456\u0437 \u0437\u0430\u0441\u0442\u043e\u0441\u0443\u0432\u0430\u043d\u043d\u044f<\/h3>\n<p>Odrasli: uzmite jedan meki gel dnevno uz obrok.<\/p>\n<h4>\u0406\u043d\u0448\u0456 \u0456\u043d\u0433\u0440\u0435\u0434\u0456\u0454\u043d\u0442\u0438<\/h4>\n<p>Suncokretovo ulje, soft gel shell (gove\u0111a \u017eelatina, glicerin, voda).<\/p>\n<h4>\u041f\u043e\u043f\u0435\u0440\u0435\u0434\u0436\u0435\u043d\u043d\u044f<\/h4>\n<p>Nemojte uzimati ako ste trudni ili planirate zatrudnjeti.<\/p>\n<p>Poznato je da uzimanje vitamina A iz retinola u koli\u010dinama od 10.000 IU ili vi\u0161e uzrokuje uro\u0111ene mane ili druge reproduktivne \u0161tete.<\/p>\n<p>Reproduktivna \u0161teta. Prop65.<\/p>\n<\/div>\n<\/div>\n<div class=\"row item-row\">\n<div class=\"col-xs-24\"><\/div>\n<\/div>\n<\/div>\n<div class=\"col-xs-24 col-md-10\">\n<div class=\"supplement-facts-container\">\n<table border=\"1\" width=\"100%\" cellspacing=\"0\" cellpadding=\"3\">\n<tbody>\n<tr align=\"left\" valign=\"top\">\n<td colspan=\"3\"><strong>\u041f\u043e\u0436\u0438\u0432\u043d\u0430 \u0446\u0456\u043d\u043d\u0456\u0441\u0442\u044c<\/strong><\/td>\n<\/tr>\n<tr align=\"left\" valign=\"top\">\n<td colspan=\"3\"><strong>Veli\u010dina porcije:<\/strong> 1 meki gel<\/td>\n<\/tr>\n<tr align=\"left\" valign=\"top\">\n<td colspan=\"3\"><strong>\u041f\u043e\u0440\u0446\u0456\u0439 \u0432 \u0443\u043f\u0430\u043a\u043e\u0432\u0446\u0456<\/strong> 100<\/td>\n<\/tr>\n<tr align=\"left\" valign=\"top\">\n<td width=\"70%\"><\/td>\n<td width=\"15%\"><strong>\u041a\u0456\u043b\u044c\u043a\u0456\u0441\u0442\u044c \u0432 1 \u043f\u043e\u0440\u0446\u0456\u0457<\/strong><\/td>\n<td width=\"15%\"><strong>% \u0432\u0456\u0434 \u0434\u043e\u0431\u043e\u0432\u043e\u0457 \u043d\u043e\u0440\u043c\u0438<\/strong><\/td>\n<\/tr>\n<tr align=\"left\" valign=\"top\">\n<td>Vitamin A (kao retinil palmitat)<\/td>\n<td>3,000 mcg RAE<\/td>\n<td>333%<\/td>\n<\/tr>\n<tr align=\"left\" valign=\"top\">\n<td>Vitamin D (kao kolekalciferol)<\/td>\n<td>50 mcg (2,000 IU)<\/td>\n<td>250%<\/td>\n<\/tr>\n<\/tbody>\n<\/table>\n<\/div>\n<\/div>","protected":false},"excerpt":{"rendered":"<ul>\n<li>\u0414\u0456\u0454\u0442\u0438\u0447\u043d\u0430 \u0434\u043e\u0431\u0430\u0432\u043a\u0430<\/li>\n<li>Podr\u0161ka za vid<\/li>\n<li>Imunolo\u0161ka funkcija<\/li>\n<li>Zdravlje ko\u017ee<\/li>\n<li>3.000 mcg RAE (10.000 IU) vitamin A<\/li>\n<li>50 mcg (2000) IU vitamina D<\/li>\n<li>\u0411\u0435\u0437 \u0433\u043b\u044e\u0442\u0435\u043d\u0443<\/li>\n<li>Bez mlijeka\/kazeina<\/li>\n<li>Bez umjetnih konzervansa<\/li>\n<li>Ja\u010dina i kvaliteta zajam\u010dena<br \/>\n\u0420\u0435\u043a\u043e\u043c\u0435\u043d\u0434\u0430\u0446\u0456\u0457 \u0456\u0437 \u0437\u0430\u0441\u0442\u043e\u0441\u0443\u0432\u0430\u043d\u043d\u044f<\/li>\n<\/ul>","protected":false},"featured_media":7350,"comment_status":"open","ping_status":"closed","template":"","meta":{"inline_featured_image":false},"product_cat":[15,98],"product_tag":[],"class_list":{"0":"post-7349","1":"product","2":"type-product","3":"status-publish","4":"has-post-thumbnail","6":"product_cat-supplements","7":"product_cat-vitamin-a-b-c-d-e-k","9":"first","10":"instock","11":"shipping-taxable","12":"purchasable","13":"product-type-simple"},"_links":{"self":[{"href":"https:\/\/be-healthy.taniko.me\/uk\/wp-json\/wp\/v2\/product\/7349","targetHints":{"allow":["GET"]}}],"collection":[{"href":"https:\/\/be-healthy.taniko.me\/uk\/wp-json\/wp\/v2\/product"}],"about":[{"href":"https:\/\/be-healthy.taniko.me\/uk\/wp-json\/wp\/v2\/types\/product"}],"replies":[{"embeddable":true,"href":"https:\/\/be-healthy.taniko.me\/uk\/wp-json\/wp\/v2\/comments?post=7349"}],"wp:featuredmedia":[{"embeddable":true,"href":"https:\/\/be-healthy.taniko.me\/uk\/wp-json\/wp\/v2\/media\/7350"}],"wp:attachment":[{"href":"https:\/\/be-healthy.taniko.me\/uk\/wp-json\/wp\/v2\/media?parent=7349"}],"wp:term":[{"taxonomy":"product_cat","embeddable":true,"href":"https:\/\/be-healthy.taniko.me\/uk\/wp-json\/wp\/v2\/product_cat?post=7349"},{"taxonomy":"product_tag","embeddable":true,"href":"https:\/\/be-healthy.taniko.me\/uk\/wp-json\/wp\/v2\/product_tag?post=7349"}],"curies":[{"name":"wp","href":"https:\/\/api.w.org\/{rel}","templated":true}]}}