{"id":7352,"date":"2024-03-03T15:29:51","date_gmt":"2024-03-03T15:29:51","guid":{"rendered":"https:\/\/be-healthy.taniko.me\/?post_type=product&#038;p=7352"},"modified":"2024-10-10T18:42:59","modified_gmt":"2024-10-10T18:42:59","slug":"carlson-vitamins-a-d3-k2-60-soft-gels","status":"publish","type":"product","link":"https:\/\/be-healthy.taniko.me\/uk\/product\/carlson-vitamins-a-d3-k2-60-soft-gels\/","title":{"rendered":"Carlson, Vitamins A &#8211; D3 &#8211; K2, 60 Soft Gels"},"content":{"rendered":"<div class=\"col-xs-24 col-md-14\">\n<div class=\"row item-row\">\n<h3>\u041e\u043f\u0438\u0441<\/h3>\n<p class=\"col-xs-24\">Vitamini A, D3 i K2 rade zajedno kako bi maksimizirali zdravlje kardiovaskularnog i imunolo\u0161kog sustava, izgradnju kostiju i iskori\u0161tavanje kalcija.<\/p>\n<h4>\u0420\u0435\u043a\u043e\u043c\u0435\u043d\u0434\u0430\u0446\u0456\u0457 \u0456\u0437 \u0437\u0430\u0441\u0442\u043e\u0441\u0443\u0432\u0430\u043d\u043d\u044f<\/h4>\n<p class=\"col-xs-24\">Odrasli: uzmite jedan meki gel dnevno uz obrok.<\/p>\n<h4 class=\"col-xs-24\">\u0406\u043d\u0448\u0456 \u0456\u043d\u0433\u0440\u0435\u0434\u0456\u0454\u043d\u0442\u0438<\/h4>\n<p class=\"col-xs-24\">Ulje \u0161afranike, soft gel shell (gove\u0111a \u017eelatina, glicerin, voda), suncokretovo ulje, mje\u0161avina antioksidansa (d-alfa tokoferol, ekstrakt ru\u017emarina).<\/p>\n<h4 class=\"col-xs-24\">\u041f\u043e\u043f\u0435\u0440\u0435\u0434\u0436\u0435\u043d\u043d\u044f<\/h4>\n<p class=\"col-xs-24\">Nemojte uzimati ako ste trudni ili planirate zatrudnjeti.<\/p>\n<p class=\"col-xs-24\">Vitamin K mo\u017ee antagonizirati u\u010dinak antikoagulansa, uklju\u010duju\u0107i varfarin.<\/p>\n<p class=\"col-xs-24\">Nemojte uzimati ovaj proizvod ako uzimate varfarin ili ste trudni ili dojite bez prethodnog savjetovanja sa svojim lije\u010dnikom.<\/p>\n<p class=\"col-xs-24\">Poznato je da uzimanje vitamina A iz retinola u koli\u010dinama od 10.000 IU ili vi\u0161e uzrokuje uro\u0111ene mane ili druge reproduktivne \u0161tete.<\/p>\n<p class=\"col-xs-24\">Reproduktivna \u0161teta.<\/p>\n<\/div>\n<div class=\"row item-row\">\n<div class=\"col-xs-24\"><\/div>\n<\/div>\n<\/div>\n<div class=\"col-xs-24 col-md-10\">\n<div class=\"supplement-facts-container\">\n<table border=\"1\" width=\"100%\" cellspacing=\"0\" cellpadding=\"3\">\n<tbody>\n<tr align=\"left\" valign=\"top\">\n<td colspan=\"3\"><strong>\u041f\u043e\u0436\u0438\u0432\u043d\u0430 \u0446\u0456\u043d\u043d\u0456\u0441\u0442\u044c<\/strong><\/td>\n<\/tr>\n<tr align=\"left\" valign=\"top\">\n<td colspan=\"3\">Veli\u010dina porcije: 1 meki gel<\/td>\n<\/tr>\n<tr align=\"left\" valign=\"top\">\n<td colspan=\"3\"><strong>Porcija po spremniku:<\/strong> 60<\/td>\n<\/tr>\n<tr align=\"left\" valign=\"top\">\n<td width=\"70%\"><\/td>\n<td width=\"15%\"><strong>\u041a\u0456\u043b\u044c\u043a\u0456\u0441\u0442\u044c \u0432 1 \u043f\u043e\u0440\u0446\u0456\u0457<\/strong><\/td>\n<td width=\"15%\"><strong><strong>% \u0432\u0456\u0434 \u0434\u043e\u0431\u043e\u0432\u043e\u0457 \u043d\u043e\u0440\u043c\u0438<\/strong><\/strong><\/td>\n<\/tr>\n<tr align=\"left\" valign=\"top\">\n<td>Vitamin A (kao retinil palmitat)<\/td>\n<td>3,000 mcg RAE<\/td>\n<td>333%<\/td>\n<\/tr>\n<tr align=\"left\" valign=\"top\">\n<td>Vitamin D (kao kolekalciferol)<\/td>\n<td>125 mcg (5,000 IU)<\/td>\n<td>625%<\/td>\n<\/tr>\n<tr align=\"left\" valign=\"top\">\n<td>Vitamin K [kao MK-7 (menakinon-7)]<\/td>\n<td>90 mcg<\/td>\n<td>\u2020<\/td>\n<\/tr>\n<tr align=\"left\" valign=\"top\">\n<td colspan=\"3\">\u2020Dnevna vrijednost (DV) nije utvr\u0111ena.<\/td>\n<\/tr>\n<\/tbody>\n<\/table>\n<\/div>\n<\/div>","protected":false},"excerpt":{"rendered":"<ul>\n<li>A 3000 mcg RAE \u2022 D3 125 mcg \u2022 K2 90 mcg<\/li>\n<li>\u0414\u0456\u0454\u0442\u0438\u0447\u043d\u0430 \u0434\u043e\u0431\u0430\u0432\u043a\u0430<\/li>\n<li>Imunolo\u0161ka funkcija<\/li>\n<li>Podr\u0161ka za kosti<\/li>\n<li>Kardiovaskularno zdravlje<\/li>\n<li>Bez glutenaBez umjetnih konzervansa<\/li>\n<li>Ja\u010dina i kvaliteta zajam\u010dena<\/li>\n<li>Postrojenje regulirano FDA-om<\/li>\n<\/ul>","protected":false},"featured_media":7354,"comment_status":"open","ping_status":"closed","template":"","meta":{"inline_featured_image":false},"product_cat":[15,98,72,97],"product_tag":[],"class_list":{"0":"post-7352","1":"product","2":"type-product","3":"status-publish","4":"has-post-thumbnail","6":"product_cat-supplements","7":"product_cat-vitamin-a-b-c-d-e-k","8":"product_cat-vitamin-d","9":"product_cat-vitamin-k","11":"first","12":"instock","13":"shipping-taxable","14":"purchasable","15":"product-type-simple"},"_links":{"self":[{"href":"https:\/\/be-healthy.taniko.me\/uk\/wp-json\/wp\/v2\/product\/7352","targetHints":{"allow":["GET"]}}],"collection":[{"href":"https:\/\/be-healthy.taniko.me\/uk\/wp-json\/wp\/v2\/product"}],"about":[{"href":"https:\/\/be-healthy.taniko.me\/uk\/wp-json\/wp\/v2\/types\/product"}],"replies":[{"embeddable":true,"href":"https:\/\/be-healthy.taniko.me\/uk\/wp-json\/wp\/v2\/comments?post=7352"}],"wp:featuredmedia":[{"embeddable":true,"href":"https:\/\/be-healthy.taniko.me\/uk\/wp-json\/wp\/v2\/media\/7354"}],"wp:attachment":[{"href":"https:\/\/be-healthy.taniko.me\/uk\/wp-json\/wp\/v2\/media?parent=7352"}],"wp:term":[{"taxonomy":"product_cat","embeddable":true,"href":"https:\/\/be-healthy.taniko.me\/uk\/wp-json\/wp\/v2\/product_cat?post=7352"},{"taxonomy":"product_tag","embeddable":true,"href":"https:\/\/be-healthy.taniko.me\/uk\/wp-json\/wp\/v2\/product_tag?post=7352"}],"curies":[{"name":"wp","href":"https:\/\/api.w.org\/{rel}","templated":true}]}}