{"id":7355,"date":"2024-03-03T15:33:40","date_gmt":"2024-03-03T15:33:40","guid":{"rendered":"https:\/\/be-healthy.taniko.me\/?post_type=product&#038;p=7355"},"modified":"2024-10-10T18:03:26","modified_gmt":"2024-10-10T18:03:26","slug":"life-extension-low-dose-vitamin-k2-mk-7-45-mcg-90-softgels","status":"publish","type":"product","link":"https:\/\/be-healthy.taniko.me\/uk\/product\/life-extension-low-dose-vitamin-k2-mk-7-45-mcg-90-softgels\/","title":{"rendered":"Life Extension, Low Dose Vitamin K2 (MK-7), 45 mcg, 90 Softgels"},"content":{"rendered":"<div class=\"col-xs-24 col-md-14\">\n<div class=\"row item-row\">\n<div class=\"col-xs-24\">\n<h3>\u041e\u043f\u0438\u0441<\/h3>\n<p>Mala doza vitamina K2 sadr\u017ei menakinon-7 (MK7) oblik vitamina K2, koji se sporo metabolizira. To \u010dini MK7 dostupnijim kako bi osigurao dosljedniju opskrbu tijela vitaminom K.<\/p>\n<p>\u0160to je niska doza vitamina K2?<\/p>\n<p>Vitamin K je neophodan za zdravlje srca jer poma\u017ee u lak\u0161em transportu kalcija iz krvotoka. To se posti\u017ee putem proteina koji reguliraju kalcij u arterijama, a za rad im je potreban vitamin K.<\/p>\n<p>Istra\u017eivanja pokazuju da visoki unos vitamina K2 odgovara boljem zdravlju arterija.<\/p>\n<p>Prednosti niske doze vitamina K2<\/p>\n<p>Podr\u017eava zdravlje kardiovaskularnog sustava<br \/>\nVitamin K2 ostaje biolo\u0161ki aktivan u tijelu dulje od ostalih K oblika<br \/>\nIzvrsna alternativa dijetalnim izvorima K2 kao \u0161to su mlijeko, jaja, sir i riba<\/p>\n<p>Ograni\u010denja unosa vitamina K hranom<\/p>\n<p>Studije pokazuju da je te\u0161ko osloniti se samo na prehranu za opskrbu svim oblicima vitamina K. Na primjer, vitamin K2 u svojim najve\u0107im koncentracijama \u010desto se nalazi u hrani s visokim udjelom zasi\u0107enih masti. Morali biste konzumirati velike koli\u010dine sira da biste dobili optimalne razine K2 koje potvr\u0111uju klini\u010dka ispitivanja na ljudima. Ina\u010dice ove hrane s niskim udjelom masno\u0107e \u010desto imaju puno manje sadr\u017eaja vitamina K2.<\/p>\n<h4><strong>\u0420\u0435\u043a\u043e\u043c\u0435\u043d\u0434\u0430\u0446\u0456\u0457 \u0456\u0437 \u0437\u0430\u0441\u0442\u043e\u0441\u0443\u0432\u0430\u043d\u043d\u044f<\/strong><\/h4>\n<p>Pro\u010ditajte cijelu etiketu i pa\u017eljivo slijedite upute prije uporabe.<\/p>\n<p>Uzmite jednu (1) meku gel dnevno s hranom ili prema preporuci lije\u010dnika.<\/p>\n<p>Nemojte prekora\u010diti preporu\u010denu dozu.<\/p>\n<p><strong>\u0406\u043d\u0448\u0456 \u0456\u043d\u0433\u0440\u0435\u0434\u0456\u0454\u043d\u0442\u0438<\/strong><\/p>\n<p>Trigliceridi srednjeg lanca, \u017eelatina, glicerin, pro\u010di\u0161\u0107ena voda, boja od roga\u010da.<\/p>\n<p><strong>\u041f\u043e\u043f\u0435\u0440\u0435\u0434\u0436\u0435\u043d\u043d\u044f<\/strong><\/p>\n<p>Ako uzimate antagonist vitamina K (npr. varfarin), posavjetujte se sa svojim lije\u010dnikom prije uzimanja ovog proizvoda.<\/p>\n<p>\u010cuvati izvan dohvata djece.<br \/>\nNe kupujte ako je vanjska brtva o\u0161te\u0107ena.<br \/>\nPosavjetujte se sa svojim lije\u010dnikom ako ste podvrgnuti lije\u010denju zbog zdravstvenog stanja ili ako ste trudni ili dojite.<\/p>\n<p>\u010cuvati dobro zatvoreno na hladnom i suhom mjestu.<\/p>\n<\/div>\n<\/div>\n<\/div>\n<div class=\"col-xs-24 col-md-10\">\n<div class=\"supplement-facts-container\">\n<table border=\"1\" width=\"100%\" cellspacing=\"0\" cellpadding=\"3\">\n<tbody>\n<tr valign=\"top\">\n<td colspan=\"3\"><strong>\u041f\u043e\u0436\u0438\u0432\u043d\u0430 \u0446\u0456\u043d\u043d\u0456\u0441\u0442\u044c<\/strong><\/td>\n<\/tr>\n<tr valign=\"top\">\n<td colspan=\"3\"><strong>Veli\u010dina porcije:<\/strong> 1 mekana gel tableta<\/td>\n<\/tr>\n<tr valign=\"top\">\n<td width=\"70%\"><\/td>\n<td width=\"15%\"><strong>Koli\u010dina po obroku:<\/strong><\/td>\n<td width=\"15%\"><strong>% Dnevna vrijednost<\/strong><\/td>\n<\/tr>\n<tr valign=\"top\">\n<td>Vitamin K2 (as trans menaquinone-7)<\/td>\n<td>45 mcg<\/td>\n<td>38%<\/td>\n<\/tr>\n<\/tbody>\n<\/table>\n<\/div>\n<\/div>","protected":false},"excerpt":{"rendered":"<ul>\n<li>\u0411\u0435\u0437 \u0433\u043b\u044e\u0442\u0435\u043d\u0443<\/li>\n<li>Bez GMO LE certifikata<\/li>\n<li>Promi\u010de zdravlje arterija i zdrave kosti<\/li>\n<li>\u0414\u0456\u0454\u0442\u0438\u0447\u043d\u0430 \u0434\u043e\u0431\u0430\u0432\u043a\u0430<\/li>\n<\/ul>","protected":false},"featured_media":7357,"comment_status":"open","ping_status":"closed","template":"","meta":{"inline_featured_image":false},"product_cat":[15,98,97],"product_tag":[],"class_list":{"0":"post-7355","1":"product","2":"type-product","3":"status-publish","4":"has-post-thumbnail","6":"product_cat-supplements","7":"product_cat-vitamin-a-b-c-d-e-k","8":"product_cat-vitamin-k","10":"first","11":"instock","12":"shipping-taxable","13":"purchasable","14":"product-type-simple"},"_links":{"self":[{"href":"https:\/\/be-healthy.taniko.me\/uk\/wp-json\/wp\/v2\/product\/7355","targetHints":{"allow":["GET"]}}],"collection":[{"href":"https:\/\/be-healthy.taniko.me\/uk\/wp-json\/wp\/v2\/product"}],"about":[{"href":"https:\/\/be-healthy.taniko.me\/uk\/wp-json\/wp\/v2\/types\/product"}],"replies":[{"embeddable":true,"href":"https:\/\/be-healthy.taniko.me\/uk\/wp-json\/wp\/v2\/comments?post=7355"}],"wp:featuredmedia":[{"embeddable":true,"href":"https:\/\/be-healthy.taniko.me\/uk\/wp-json\/wp\/v2\/media\/7357"}],"wp:attachment":[{"href":"https:\/\/be-healthy.taniko.me\/uk\/wp-json\/wp\/v2\/media?parent=7355"}],"wp:term":[{"taxonomy":"product_cat","embeddable":true,"href":"https:\/\/be-healthy.taniko.me\/uk\/wp-json\/wp\/v2\/product_cat?post=7355"},{"taxonomy":"product_tag","embeddable":true,"href":"https:\/\/be-healthy.taniko.me\/uk\/wp-json\/wp\/v2\/product_tag?post=7355"}],"curies":[{"name":"wp","href":"https:\/\/api.w.org\/{rel}","templated":true}]}}