{"id":7358,"date":"2024-03-03T15:37:56","date_gmt":"2024-03-03T15:37:56","guid":{"rendered":"https:\/\/be-healthy.taniko.me\/?post_type=product&#038;p=7358"},"modified":"2024-10-10T17:40:05","modified_gmt":"2024-10-10T17:40:05","slug":"doctors-best-natural-vitamin-k2-mk-7-with-menaq7-100-mcg-60-veggie-caps","status":"publish","type":"product","link":"https:\/\/be-healthy.taniko.me\/uk\/product\/doctors-best-natural-vitamin-k2-mk-7-with-menaq7-100-mcg-60-veggie-caps\/","title":{"rendered":"Doctor&#8217;s Best, Natural Vitamin K2 MK-7 with MenaQ7, 100 mcg, 60 Veggie Caps"},"content":{"rendered":"<div class=\"col-xs-24 col-md-14\">\n<div class=\"row item-row\">\n<div class=\"col-xs-24\">\n<h3>\u041e\u043f\u0438\u0441<\/h3>\n<p>Prirodno jednostavno. Doctor&#8217;s Best prirodni Vitamin K2 sadr\u017ei MenaQ7\u00ae, klini\u010dki potvr\u0111en i patentiran vitamin K2 kao MK-7. K2 je superiorniji oblik vitamina K koji se zove menakinoni, koji je pokazao ve\u0107u bioraspolo\u017eivost od \u010de\u0161\u0107e kori\u0161tenog vitamina K1. Pro\u010di\u0161\u0107en od fermentiranog slanutka, ovaj dnevni dodatak prehrani odli\u010dan je na\u010din za usmjeravanje vitamina K2 u kosti, krvne \u017eile i druga meka tkiva poma\u017eu\u0107i u apsorpciji kalcija.<\/p>\n<ul>\n<li>Podr\u017eava metabolizam kalcija za odr\u017eavanje zdravih kostiju<\/li>\n<li>Poti\u010de elasti\u010dnost mekog tkiva u\u010dinkovitom distribucijom vitamina K2<\/li>\n<\/ul>\n<h4>\u0420\u0435\u043a\u043e\u043c\u0435\u043d\u0434\u0430\u0446\u0456\u0457 \u0456\u0437 \u0437\u0430\u0441\u0442\u043e\u0441\u0443\u0432\u0430\u043d\u043d\u044f<\/h4>\n<p>Upotreba za odrasle: Uzmite 1 kapsulu dnevno s hranom ili prema preporuci lije\u010dnika nutricionista.<\/p>\n<h4>\u0406\u043d\u0448\u0456 \u0456\u043d\u0433\u0440\u0435\u0434\u0456\u0454\u043d\u0442\u0438<\/h4>\n<p>Mikrokristalna celuloza, hipromeloza (vegetarijanska kapsula), glicerol monostearat, magnezijev stearat (biljni izvor), askorbil palmitat, ekstrakt ru\u017emarina.<\/p>\n<h4>\u041f\u043e\u043f\u0435\u0440\u0435\u0434\u0436\u0435\u043d\u043d\u044f<\/h4>\n<p>Ovaj proizvod sadr\u017ei vitamin K. Prije uporabe posavjetujte se s lije\u010dnikom ako uzimate lijekove za razrje\u0111ivanje krvi.<\/p>\n<p>\u0417\u0431\u0435\u0440\u0456\u0433\u0430\u0442\u0438 \u0432 \u0441\u0443\u0445\u043e\u043c\u0443 \u043f\u0440\u043e\u0445\u043e\u043b\u043e\u0434\u043d\u043e\u043c\u0443 \u043c\u0456\u0441\u0446\u0456.<\/p>\n<\/div>\n<\/div>\n<div class=\"row item-row\">\n<div class=\"col-xs-24\"><\/div>\n<\/div>\n<\/div>\n<div class=\"col-xs-24 col-md-10\">\n<div class=\"supplement-facts-container\">\n<table border=\"1\" width=\"100%\" cellspacing=\"0\" cellpadding=\"3\">\n<tbody>\n<tr valign=\"top\">\n<td colspan=\"3\">\u041f\u043e\u0436\u0438\u0432\u043d\u0430 \u0446\u0456\u043d\u043d\u0456\u0441\u0442\u044c<\/td>\n<\/tr>\n<tr valign=\"top\">\n<td colspan=\"3\"><strong>Veli\u010dina porcije:<\/strong> 1 vegetarijanska kapsula<\/td>\n<\/tr>\n<tr valign=\"top\">\n<td colspan=\"3\"><strong>Porcija po spremniku:<\/strong> 60<\/td>\n<\/tr>\n<tr valign=\"top\">\n<td width=\"70%\"><\/td>\n<td width=\"15%\"><strong>\u041a\u0456\u043b\u044c\u043a\u0456\u0441\u0442\u044c \u0432 1 \u043f\u043e\u0440\u0446\u0456\u0457<\/strong><\/td>\n<td width=\"15%\"><strong>% Dnevna vrijednost<\/strong><\/td>\n<\/tr>\n<tr valign=\"top\">\n<td>Vitamin K2 (from MenaQ7\u00ae Menaquinone, MK-7)<\/td>\n<td>100 mcg<\/td>\n<td>83%<\/td>\n<\/tr>\n<\/tbody>\n<\/table>\n<\/div>\n<\/div>","protected":false},"excerpt":{"rendered":"<ul>\n<li>\u041d\u0430\u0443\u043a\u043e\u0432\u043e \u043e\u0431\u0491\u0440\u0443\u043d\u0442\u043e\u0432\u0430\u043d\u0435 \u0445\u0430\u0440\u0447\u0443\u0432\u0430\u043d\u043d\u044f<\/li>\n<li>Vitamin K2 kao MK-7<\/li>\n<li>Bioraspolo\u017eivi oblik vitamina K za zdrave kosti i meka tkiva veganska<\/li>\n<li>\u0414\u0456\u0454\u0442\u0438\u0447\u043d\u0430 \u0434\u043e\u0431\u0430\u0432\u043a\u0430<\/li>\n<li>Bez GMO\/bez glutena\/bez soje<\/li>\n<\/ul>","protected":false},"featured_media":7360,"comment_status":"open","ping_status":"closed","template":"","meta":{"inline_featured_image":false},"product_cat":[15,98],"product_tag":[],"class_list":{"0":"post-7358","1":"product","2":"type-product","3":"status-publish","4":"has-post-thumbnail","6":"product_cat-supplements","7":"product_cat-vitamin-a-b-c-d-e-k","9":"first","10":"instock","11":"shipping-taxable","12":"purchasable","13":"product-type-simple"},"_links":{"self":[{"href":"https:\/\/be-healthy.taniko.me\/uk\/wp-json\/wp\/v2\/product\/7358","targetHints":{"allow":["GET"]}}],"collection":[{"href":"https:\/\/be-healthy.taniko.me\/uk\/wp-json\/wp\/v2\/product"}],"about":[{"href":"https:\/\/be-healthy.taniko.me\/uk\/wp-json\/wp\/v2\/types\/product"}],"replies":[{"embeddable":true,"href":"https:\/\/be-healthy.taniko.me\/uk\/wp-json\/wp\/v2\/comments?post=7358"}],"wp:featuredmedia":[{"embeddable":true,"href":"https:\/\/be-healthy.taniko.me\/uk\/wp-json\/wp\/v2\/media\/7360"}],"wp:attachment":[{"href":"https:\/\/be-healthy.taniko.me\/uk\/wp-json\/wp\/v2\/media?parent=7358"}],"wp:term":[{"taxonomy":"product_cat","embeddable":true,"href":"https:\/\/be-healthy.taniko.me\/uk\/wp-json\/wp\/v2\/product_cat?post=7358"},{"taxonomy":"product_tag","embeddable":true,"href":"https:\/\/be-healthy.taniko.me\/uk\/wp-json\/wp\/v2\/product_tag?post=7358"}],"curies":[{"name":"wp","href":"https:\/\/api.w.org\/{rel}","templated":true}]}}