{"id":7361,"date":"2024-03-03T15:43:07","date_gmt":"2024-03-03T15:43:07","guid":{"rendered":"https:\/\/be-healthy.taniko.me\/?post_type=product&#038;p=7361"},"modified":"2024-10-10T17:28:45","modified_gmt":"2024-10-10T17:28:45","slug":"now-foods-vitamin-d-3-k-2-120-veg-capsules","status":"publish","type":"product","link":"https:\/\/be-healthy.taniko.me\/uk\/product\/now-foods-vitamin-d-3-k-2-120-veg-capsules\/","title":{"rendered":"NOW Foods, Vitamin D-3 &#038; K-2, 120 Veg Capsules"},"content":{"rendered":"<div class=\"col-xs-24 col-md-14\">\n<div class=\"row item-row\">\n<div class=\"col-xs-24\">\n<h3>\u041e\u043f\u0438\u0441<\/h3>\n<p>NOW kombinira dva hranjiva sastojka koji su opse\u017eno istra\u017eivani zbog njihovog doprinosa zdravlju kostiju, zuba i kardiovaskularnog sustava. Vitamin D3 poti\u010de transport i apsorpciju kalcija. Nedavne studije pokazuju da vitamin D3 mo\u017ee igrati ulogu u pravilnom djelovanju inzulina i metabolizmu glukoze te da ima va\u017enu funkciju u imunolo\u0161kom sustavu. Vitamin K je kriti\u010dan za formiranje zdrave, jake ko\u0161tane matrice. Uloga vitamina K u zdravlju arterija vrti se oko njegove sposobnosti da podr\u017ei pravilan metabolizam kalcija u vaskularnim strukturama. Vitamin K2 je lako aktivan i biolo\u0161ki dostupan oblik vitamina K.<\/p>\n<h4>\u0420\u0435\u043a\u043e\u043c\u0435\u043d\u0434\u0430\u0446\u0456\u0457 \u0456\u0437 \u0437\u0430\u0441\u0442\u043e\u0441\u0443\u0432\u0430\u043d\u043d\u044f<\/h4>\n<p>Uzmite 1 kapsulu 1 do 2 puta dnevno uz obrok.<\/p>\n<h4>\u0406\u043d\u0448\u0456 \u0456\u043d\u0433\u0440\u0435\u0434\u0456\u0454\u043d\u0442\u0438<\/h4>\n<p>Ri\u017eino bra\u0161no, hipromeloza (celulozna kapsula), askorbil palmitat i silicijev dioksid.<\/p>\n<p>Nije proizvedeno sa sastojcima p\u0161enice, glutena, soje, mlijeka, jaja, ribe ili \u0161koljki. Proizvedeno u GMP postrojenju koje obra\u0111uje druge sastojke koji sadr\u017ee te alergene.<\/p>\n<h4>\u041f\u043e\u043f\u0435\u0440\u0435\u0434\u0436\u0435\u043d\u043d\u044f<\/h4>\n<p>\u010cuvati na hladnom i suhom mjestu nakon otvaranja.<\/p>\n<p>Samo za odrasle. Posavjetujte se s lije\u010dnikom ako ste trudni\/dojite, uzimate bilo koji lijek protiv zgru\u0161avanja krvi (kao \u0161to je varfarin, kumadin, heparin) ili druge lijekove ili ako imate zdravstveno stanje. \u010cuvati izvan dohvata djece.<\/p>\n<p>U ovom proizvodu mo\u017ee do\u0107i do prirodne varijacije boje.<\/p>\n<\/div>\n<\/div>\n<div class=\"row item-row\">\n<div class=\"col-xs-24\"><\/div>\n<\/div>\n<\/div>\n<div class=\"col-xs-24 col-md-10\">\n<div class=\"supplement-facts-container\">\n<table border=\"1\" width=\"100%\" cellspacing=\"0\" cellpadding=\"3\">\n<tbody>\n<tr valign=\"top\">\n<td class=\"fr-cell-fixed fr-selected-cell\" colspan=\"3\"><strong>\u041f\u043e\u0436\u0438\u0432\u043d\u0430 \u0446\u0456\u043d\u043d\u0456\u0441\u0442\u044c<\/strong><\/td>\n<\/tr>\n<tr valign=\"top\">\n<td class=\"fr-selected-cell\" colspan=\"3\"><strong>Veli\u010dina porcije:<\/strong> 1 vegetabilna kapsula<\/td>\n<\/tr>\n<tr valign=\"top\">\n<td class=\"fr-selected-cell\" width=\"70%\"><\/td>\n<td class=\"fr-selected-cell\" width=\"15%\"><strong>\u041a\u0456\u043b\u044c\u043a\u0456\u0441\u0442\u044c \u0432 1 \u043f\u043e\u0440\u0446\u0456\u0457<\/strong><\/td>\n<td class=\"fr-selected-cell\" width=\"15%\"><strong>% \u0432\u0456\u0434 \u0434\u043e\u0431\u043e\u0432\u043e\u0457 \u043d\u043e\u0440\u043c\u0438<\/strong><\/td>\n<\/tr>\n<tr valign=\"top\">\n<td class=\"fr-selected-cell\">Vitamin D3<br \/>\n(kao holekalciferol) (iz lanolina)<\/td>\n<td class=\"fr-selected-cell\">25 mcg (1,000 IU)<\/td>\n<td class=\"fr-selected-cell\">125%<\/td>\n<\/tr>\n<tr valign=\"top\">\n<td class=\"fr-selected-cell\">Vitamin K2<br \/>\n(kao menakinon-4) (MK-4)<\/td>\n<td class=\"fr-selected-cell\">45 mcg<\/td>\n<td class=\"fr-selected-cell\">\u2020<\/td>\n<\/tr>\n<tr>\n<td class=\"fr-cell-handler fr-selected-cell\" colspan=\"3\">\u2020Dnevna vrijednost nije utvr\u0111ena.<\/td>\n<\/tr>\n<\/tbody>\n<\/table>\n<\/div>\n<\/div>","protected":false},"excerpt":{"rendered":"<ul>\n<li>Vitamin D-3 1.000 IU \/ Vitamin K-2 45 mcg<\/li>\n<li>Podr\u017eava zdravlje kostiju<\/li>\n<li>Plus kardiovaskularna podr\u0161ka<\/li>\n<li>\u0411\u0435\u0437 \u0413\u041c\u041e<\/li>\n<li>\u0414\u0456\u0454\u0442\u0438\u0447\u043d\u0430 \u0434\u043e\u0431\u0430\u0432\u043a\u0430<\/li>\n<li>Ko\u0161er Vitamini<\/li>\n<li>U obiteljskom vlasni\u0161tvu od 1968<\/li>\n<li>Halal<\/li>\n<li>Zajam\u010dena GMP kvaliteta<\/li>\n<\/ul>","protected":false},"featured_media":7363,"comment_status":"open","ping_status":"closed","template":"","meta":{"inline_featured_image":false},"product_cat":[15,98],"product_tag":[],"class_list":{"0":"post-7361","1":"product","2":"type-product","3":"status-publish","4":"has-post-thumbnail","6":"product_cat-supplements","7":"product_cat-vitamin-a-b-c-d-e-k","9":"first","10":"instock","11":"shipping-taxable","12":"purchasable","13":"product-type-simple"},"_links":{"self":[{"href":"https:\/\/be-healthy.taniko.me\/uk\/wp-json\/wp\/v2\/product\/7361","targetHints":{"allow":["GET"]}}],"collection":[{"href":"https:\/\/be-healthy.taniko.me\/uk\/wp-json\/wp\/v2\/product"}],"about":[{"href":"https:\/\/be-healthy.taniko.me\/uk\/wp-json\/wp\/v2\/types\/product"}],"replies":[{"embeddable":true,"href":"https:\/\/be-healthy.taniko.me\/uk\/wp-json\/wp\/v2\/comments?post=7361"}],"wp:featuredmedia":[{"embeddable":true,"href":"https:\/\/be-healthy.taniko.me\/uk\/wp-json\/wp\/v2\/media\/7363"}],"wp:attachment":[{"href":"https:\/\/be-healthy.taniko.me\/uk\/wp-json\/wp\/v2\/media?parent=7361"}],"wp:term":[{"taxonomy":"product_cat","embeddable":true,"href":"https:\/\/be-healthy.taniko.me\/uk\/wp-json\/wp\/v2\/product_cat?post=7361"},{"taxonomy":"product_tag","embeddable":true,"href":"https:\/\/be-healthy.taniko.me\/uk\/wp-json\/wp\/v2\/product_tag?post=7361"}],"curies":[{"name":"wp","href":"https:\/\/api.w.org\/{rel}","templated":true}]}}