{"id":7364,"date":"2024-03-03T15:48:09","date_gmt":"2024-03-03T15:48:09","guid":{"rendered":"https:\/\/be-healthy.taniko.me\/?post_type=product&#038;p=7364"},"modified":"2024-10-10T16:55:38","modified_gmt":"2024-10-10T16:55:38","slug":"carlson-vitamin-k2-mk-7-menaquinone-7-45-mcg-90-soft-gels","status":"publish","type":"product","link":"https:\/\/be-healthy.taniko.me\/uk\/product\/carlson-vitamin-k2-mk-7-menaquinone-7-45-mcg-90-soft-gels\/","title":{"rendered":"Carlson, Vitamin K2, MK-7 (Menaquinone-7) , 45 mcg, 90 Soft Gels"},"content":{"rendered":"<div class=\"col-xs-24 col-md-14\">\n<div class=\"row item-row\">\n<div class=\"col-xs-24\">\n<h3>\u041e\u043f\u0438\u0441<\/h3>\n<p>Vitamin K2 kao MK-7, dobiven iz slanutka, va\u017ean je za formiranje jakih, zdravih kostiju i promi\u010de zdravlje arterija.<\/p>\n<h4><strong>\u0420\u0435\u043a\u043e\u043c\u0435\u043d\u0434\u0430\u0446\u0456\u0457 \u0456\u0437 \u0437\u0430\u0441\u0442\u043e\u0441\u0443\u0432\u0430\u043d\u043d\u044f<\/strong><\/h4>\n<p>Odrasli: uzmite jedan meki gel dnevno uz obrok.<\/p>\n<h4>\u0406\u043d\u0448\u0456 \u0456\u043d\u0433\u0440\u0435\u0434\u0456\u0454\u043d\u0442\u0438<\/h4>\n<p>Ulje \u0161afranike, soft gel shell (gove\u0111a \u017eelatina, glicerin, voda, roga\u010d), suncokretovo ulje, mje\u0161avina antioksidansa (d-alfa tokoferol, ekstrakt ru\u017emarina).<\/p>\n<p><strong>\u041f\u043e\u043f\u0435\u0440\u0435\u0434\u0436\u0435\u043d\u043d\u044f<\/strong><\/p>\n<p>Vitamin K mo\u017ee antagonizirati u\u010dinak antikoagulansa, uklju\u010duju\u0107i varfarin. Nemojte uzimati ovaj proizvod ako uzimate varfarin ili ste trudni ili dojite bez prethodnog savjetovanja sa svojim lije\u010dnikom.<\/p>\n<p>\u010cuvati bo\u010dicu \u010dvrsto zatvorenu i pohraniti dalje od topline i vlage.<\/p>\n<\/div>\n<\/div>\n<\/div>\n<div class=\"col-xs-24 col-md-10\">\n<div class=\"supplement-facts-container\"><strong>\u041f\u043e\u0436\u0438\u0432\u043d\u0430 \u0446\u0456\u043d\u043d\u0456\u0441\u0442\u044c<\/strong><\/p>\n<table border=\"1\" width=\"100%\" cellspacing=\"0\" cellpadding=\"3\">\n<tbody>\n<tr align=\"left\" valign=\"top\">\n<td colspan=\"3\"><strong>Veli\u010dina porcije:<\/strong> 1 meki gel<\/td>\n<\/tr>\n<tr align=\"left\" valign=\"top\">\n<td colspan=\"3\"><strong>Porcija po spremniku:<\/strong> 90<\/td>\n<\/tr>\n<tr align=\"left\" valign=\"top\">\n<td width=\"70%\"><\/td>\n<td width=\"15%\"><strong>\u041a\u0456\u043b\u044c\u043a\u0456\u0441\u0442\u044c \u0432 1 \u043f\u043e\u0440\u0446\u0456\u0457<\/strong><\/td>\n<td width=\"15%\"><strong>% Dnevna vrijednost<\/strong><\/td>\n<\/tr>\n<tr align=\"left\" valign=\"top\">\n<td>Vitamin 2<br \/>\n[as MK-7 (menaquinone-7)]<\/td>\n<td>45 mcg<\/td>\n<td>\u2020<\/td>\n<\/tr>\n<tr align=\"left\" valign=\"top\">\n<td colspan=\"3\">\u2020Dnevna vrijednost (DV) nije utvr\u0111ena.<\/td>\n<\/tr>\n<\/tbody>\n<\/table>\n<\/div>\n<\/div>","protected":false},"excerpt":{"rendered":"<ul>\n<li id=\"tw-target-text\" class=\"tw-data-text tw-text-large tw-ta\" dir=\"ltr\" data-placeholder=\"\u041f\u0435\u0440\u0435\u043a\u043b\u0430\u0434\" data-ved=\"2ahUKEwiC3--HyoOJAxXP_7sIHW79MoMQ3ewLegQIExAU\" aria-label=\"\u041f\u0435\u0440\u0435\u043a\u043b\u0430\u0434\u0435\u043d\u0438\u0439 \u0442\u0435\u043a\u0441\u0442: Dodatak prehraniPodr\u0161ka za kostiKardiovaskularna funkcijaBioraspolo\u017eivost kalcijaBez glutenaBez umjetnih konzervansaJa\u010dina i kvaliteta zajam\u010denaMenaQ7\u00ae Vitamin K2 kao MK-7\">\u0414\u0456\u0454\u0442\u0438\u0447\u043d\u0430 \u0434\u043e\u0431\u0430\u0432\u043a\u0430<\/li>\n<li class=\"tw-data-text tw-text-large tw-ta\" dir=\"ltr\" data-placeholder=\"\u041f\u0435\u0440\u0435\u043a\u043b\u0430\u0434\" data-ved=\"2ahUKEwiC3--HyoOJAxXP_7sIHW79MoMQ3ewLegQIExAU\" aria-label=\"\u041f\u0435\u0440\u0435\u043a\u043b\u0430\u0434\u0435\u043d\u0438\u0439 \u0442\u0435\u043a\u0441\u0442: Dodatak prehraniPodr\u0161ka za kostiKardiovaskularna funkcijaBioraspolo\u017eivost kalcijaBez glutenaBez umjetnih konzervansaJa\u010dina i kvaliteta zajam\u010denaMenaQ7\u00ae Vitamin K2 kao MK-7\">Podr\u0161ka za kosti<\/li>\n<li class=\"tw-data-text tw-text-large tw-ta\" dir=\"ltr\" data-placeholder=\"\u041f\u0435\u0440\u0435\u043a\u043b\u0430\u0434\" data-ved=\"2ahUKEwiC3--HyoOJAxXP_7sIHW79MoMQ3ewLegQIExAU\" aria-label=\"\u041f\u0435\u0440\u0435\u043a\u043b\u0430\u0434\u0435\u043d\u0438\u0439 \u0442\u0435\u043a\u0441\u0442: Dodatak prehraniPodr\u0161ka za kostiKardiovaskularna funkcijaBioraspolo\u017eivost kalcijaBez glutenaBez umjetnih konzervansaJa\u010dina i kvaliteta zajam\u010denaMenaQ7\u00ae Vitamin K2 kao MK-7\">Kardiovaskularna funkcija<\/li>\n<li class=\"tw-data-text tw-text-large tw-ta\" dir=\"ltr\" data-placeholder=\"\u041f\u0435\u0440\u0435\u043a\u043b\u0430\u0434\" data-ved=\"2ahUKEwiC3--HyoOJAxXP_7sIHW79MoMQ3ewLegQIExAU\" aria-label=\"\u041f\u0435\u0440\u0435\u043a\u043b\u0430\u0434\u0435\u043d\u0438\u0439 \u0442\u0435\u043a\u0441\u0442: Dodatak prehraniPodr\u0161ka za kostiKardiovaskularna funkcijaBioraspolo\u017eivost kalcijaBez glutenaBez umjetnih konzervansaJa\u010dina i kvaliteta zajam\u010denaMenaQ7\u00ae Vitamin K2 kao MK-7\">Bioraspolo\u017eivost kalcija<\/li>\n<li class=\"tw-data-text tw-text-large tw-ta\" dir=\"ltr\" data-placeholder=\"\u041f\u0435\u0440\u0435\u043a\u043b\u0430\u0434\" data-ved=\"2ahUKEwiC3--HyoOJAxXP_7sIHW79MoMQ3ewLegQIExAU\" aria-label=\"\u041f\u0435\u0440\u0435\u043a\u043b\u0430\u0434\u0435\u043d\u0438\u0439 \u0442\u0435\u043a\u0441\u0442: Dodatak prehraniPodr\u0161ka za kostiKardiovaskularna funkcijaBioraspolo\u017eivost kalcijaBez glutenaBez umjetnih konzervansaJa\u010dina i kvaliteta zajam\u010denaMenaQ7\u00ae Vitamin K2 kao MK-7\">\u0411\u0435\u0437 \u0433\u043b\u044e\u0442\u0435\u043d\u0443<\/li>\n<li class=\"tw-data-text tw-text-large tw-ta\" dir=\"ltr\" data-placeholder=\"\u041f\u0435\u0440\u0435\u043a\u043b\u0430\u0434\" data-ved=\"2ahUKEwiC3--HyoOJAxXP_7sIHW79MoMQ3ewLegQIExAU\" aria-label=\"\u041f\u0435\u0440\u0435\u043a\u043b\u0430\u0434\u0435\u043d\u0438\u0439 \u0442\u0435\u043a\u0441\u0442: Dodatak prehraniPodr\u0161ka za kostiKardiovaskularna funkcijaBioraspolo\u017eivost kalcijaBez glutenaBez umjetnih konzervansaJa\u010dina i kvaliteta zajam\u010denaMenaQ7\u00ae Vitamin K2 kao MK-7\">Bez umjetnih konzervansa<\/li>\n<li class=\"tw-data-text tw-text-large tw-ta\" dir=\"ltr\" data-placeholder=\"\u041f\u0435\u0440\u0435\u043a\u043b\u0430\u0434\" data-ved=\"2ahUKEwiC3--HyoOJAxXP_7sIHW79MoMQ3ewLegQIExAU\" aria-label=\"\u041f\u0435\u0440\u0435\u043a\u043b\u0430\u0434\u0435\u043d\u0438\u0439 \u0442\u0435\u043a\u0441\u0442: Dodatak prehraniPodr\u0161ka za kostiKardiovaskularna funkcijaBioraspolo\u017eivost kalcijaBez glutenaBez umjetnih konzervansaJa\u010dina i kvaliteta zajam\u010denaMenaQ7\u00ae Vitamin K2 kao MK-7\">Ja\u010dina i kvaliteta zajam\u010dena<\/li>\n<li class=\"tw-data-text tw-text-large tw-ta\" dir=\"ltr\" data-placeholder=\"\u041f\u0435\u0440\u0435\u043a\u043b\u0430\u0434\" data-ved=\"2ahUKEwiC3--HyoOJAxXP_7sIHW79MoMQ3ewLegQIExAU\" aria-label=\"\u041f\u0435\u0440\u0435\u043a\u043b\u0430\u0434\u0435\u043d\u0438\u0439 \u0442\u0435\u043a\u0441\u0442: Dodatak prehraniPodr\u0161ka za kostiKardiovaskularna funkcijaBioraspolo\u017eivost kalcijaBez glutenaBez umjetnih konzervansaJa\u010dina i kvaliteta zajam\u010denaMenaQ7\u00ae Vitamin K2 kao MK-7\">MenaQ7\u00ae Vitamin K2 kao MK-7<\/li>\n<\/ul>","protected":false},"featured_media":7366,"comment_status":"open","ping_status":"closed","template":"","meta":{"inline_featured_image":false},"product_cat":[15,98],"product_tag":[],"class_list":{"0":"post-7364","1":"product","2":"type-product","3":"status-publish","4":"has-post-thumbnail","6":"product_cat-supplements","7":"product_cat-vitamin-a-b-c-d-e-k","9":"first","10":"instock","11":"shipping-taxable","12":"purchasable","13":"product-type-simple"},"_links":{"self":[{"href":"https:\/\/be-healthy.taniko.me\/uk\/wp-json\/wp\/v2\/product\/7364","targetHints":{"allow":["GET"]}}],"collection":[{"href":"https:\/\/be-healthy.taniko.me\/uk\/wp-json\/wp\/v2\/product"}],"about":[{"href":"https:\/\/be-healthy.taniko.me\/uk\/wp-json\/wp\/v2\/types\/product"}],"replies":[{"embeddable":true,"href":"https:\/\/be-healthy.taniko.me\/uk\/wp-json\/wp\/v2\/comments?post=7364"}],"wp:featuredmedia":[{"embeddable":true,"href":"https:\/\/be-healthy.taniko.me\/uk\/wp-json\/wp\/v2\/media\/7366"}],"wp:attachment":[{"href":"https:\/\/be-healthy.taniko.me\/uk\/wp-json\/wp\/v2\/media?parent=7364"}],"wp:term":[{"taxonomy":"product_cat","embeddable":true,"href":"https:\/\/be-healthy.taniko.me\/uk\/wp-json\/wp\/v2\/product_cat?post=7364"},{"taxonomy":"product_tag","embeddable":true,"href":"https:\/\/be-healthy.taniko.me\/uk\/wp-json\/wp\/v2\/product_tag?post=7364"}],"curies":[{"name":"wp","href":"https:\/\/api.w.org\/{rel}","templated":true}]}}