{"id":7367,"date":"2024-03-03T15:53:54","date_gmt":"2024-03-03T15:53:54","guid":{"rendered":"https:\/\/be-healthy.taniko.me\/?post_type=product&#038;p=7367"},"modified":"2024-10-10T16:35:25","modified_gmt":"2024-10-10T16:35:25","slug":"swanson-vitamin-e-400-iu-100-softgels","status":"publish","type":"product","link":"https:\/\/be-healthy.taniko.me\/uk\/product\/swanson-vitamin-e-400-iu-100-softgels\/","title":{"rendered":"Swanson, Vitamin E, 400 IU, 100 Softgels"},"content":{"rendered":"<div class=\"col-xs-24 col-md-14\">\n<div class=\"row item-row\">\n<div class=\"col-xs-24\">\n<h3>\u041e\u043f\u0438\u0441<\/h3>\n<p>Iako vitamin E pru\u017ea vrijednu nutritivnu potporu za sna\u017eno srce i kardiovaskularni sustav, on je vi\u0161e od obi\u010dnog vitamina za zdravlje srca. Antioksidativna svojstva vitamina E poma\u017eu u za\u0161titi vitalnih tkiva u cijelom tijelu od razaranja slobodnih radikala. Na\u0161e meke gelove visoke apsorpcije sadr\u017ee 100% d-alfa tokoferil vitamin E.<\/p>\n<h4>\u0420\u0435\u043a\u043e\u043c\u0435\u043d\u0434\u0430\u0446\u0456\u0457 \u0456\u0437 \u0437\u0430\u0441\u0442\u043e\u0441\u0443\u0432\u0430\u043d\u043d\u044f<\/h4>\n<p>Kao dodatak prehrani, uzmite jednu meku gel dnevno s vodom.<\/p>\n<h4>\u0406\u043d\u0448\u0456 \u0456\u043d\u0433\u0440\u0435\u0434\u0456\u0454\u043d\u0442\u0438<\/h4>\n<p>Sojino ulje, \u017eelatina, glicerin, pro\u010di\u0161\u0107ena voda.<\/p>\n<p>Sadr\u017ei soju.<\/p>\n<h4>\u041f\u043e\u043f\u0435\u0440\u0435\u0434\u0436\u0435\u043d\u043d\u044f<\/h4>\n<p>Samo za odrasle. Posavjetujte se sa svojim lije\u010dnikom prije kori\u0161tenja ovog ili bilo kojeg proizvoda ako ste trudni ili dojite, uzimate lijekove ili imate zdravstveno stanje.<\/p>\n<p>\u010cuvati izvan dohvata djece. Nemojte koristiti ako je pe\u010dat slomljen. \u010cuvati na hladnom i suhom mjestu. Nemojte hladiti.<\/p>\n<\/div>\n<\/div>\n<div class=\"row item-row\">\n<div class=\"col-xs-24\"><\/div>\n<\/div>\n<\/div>\n<div class=\"col-xs-24 col-md-10\">\n<div class=\"supplement-facts-container\">\n<table border=\"1\" width=\"100%\" cellspacing=\"0\" cellpadding=\"3\">\n<tbody>\n<tr align=\"left\" valign=\"top\">\n<td colspan=\"3\"><strong>\u041f\u043e\u0436\u0438\u0432\u043d\u0430 \u0446\u0456\u043d\u043d\u0456\u0441\u0442\u044c<\/strong><\/td>\n<\/tr>\n<tr align=\"left\" valign=\"top\">\n<td colspan=\"3\"><strong>Veli\u010dina porcije:<\/strong> 1 mekana gel tableta<\/td>\n<\/tr>\n<tr align=\"left\" valign=\"top\" data-id=\"froala_321\">\n<td width=\"70%\"><\/td>\n<td width=\"15%\"><strong>\u041a\u0456\u043b\u044c\u043a\u0456\u0441\u0442\u044c \u0432 1 \u043f\u043e\u0440\u0446\u0456\u0457<\/strong><\/td>\n<td width=\"15%\"><strong>% Dnevna vrijednost<\/strong><\/td>\n<\/tr>\n<tr align=\"left\" valign=\"top\" data-id=\"froala_322\">\n<td>Vitamin E (kao d-alfa tokoferil acetat)<\/td>\n<td>268 mg<\/td>\n<td>1,787%<\/td>\n<\/tr>\n<\/tbody>\n<\/table>\n<\/div>\n<\/div>","protected":false},"excerpt":{"rendered":"<ul>\n<li>Antioksidans i esencijalni nutrijent<\/li>\n<li>Vitaminski dodatak<\/li>\n<li>Vitamin E iz 100% D-alfa tokoferila<\/li>\n<li>Za dnevnu antioksidacijsku potporu<\/li>\n<li>Neophodan za zdravlje kardiovaskularnog sustava<\/li>\n<li>Znanstveno potkrijepljena kvaliteta od 1969<\/li>\n<\/ul>","protected":false},"featured_media":7369,"comment_status":"open","ping_status":"closed","template":"","meta":{"inline_featured_image":false},"product_cat":[15,98,73],"product_tag":[],"class_list":{"0":"post-7367","1":"product","2":"type-product","3":"status-publish","4":"has-post-thumbnail","6":"product_cat-supplements","7":"product_cat-vitamin-a-b-c-d-e-k","8":"product_cat-vitamin-e","10":"first","11":"instock","12":"shipping-taxable","13":"purchasable","14":"product-type-simple"},"_links":{"self":[{"href":"https:\/\/be-healthy.taniko.me\/uk\/wp-json\/wp\/v2\/product\/7367","targetHints":{"allow":["GET"]}}],"collection":[{"href":"https:\/\/be-healthy.taniko.me\/uk\/wp-json\/wp\/v2\/product"}],"about":[{"href":"https:\/\/be-healthy.taniko.me\/uk\/wp-json\/wp\/v2\/types\/product"}],"replies":[{"embeddable":true,"href":"https:\/\/be-healthy.taniko.me\/uk\/wp-json\/wp\/v2\/comments?post=7367"}],"wp:featuredmedia":[{"embeddable":true,"href":"https:\/\/be-healthy.taniko.me\/uk\/wp-json\/wp\/v2\/media\/7369"}],"wp:attachment":[{"href":"https:\/\/be-healthy.taniko.me\/uk\/wp-json\/wp\/v2\/media?parent=7367"}],"wp:term":[{"taxonomy":"product_cat","embeddable":true,"href":"https:\/\/be-healthy.taniko.me\/uk\/wp-json\/wp\/v2\/product_cat?post=7367"},{"taxonomy":"product_tag","embeddable":true,"href":"https:\/\/be-healthy.taniko.me\/uk\/wp-json\/wp\/v2\/product_tag?post=7367"}],"curies":[{"name":"wp","href":"https:\/\/api.w.org\/{rel}","templated":true}]}}