{"id":7371,"date":"2024-03-03T16:02:21","date_gmt":"2024-03-03T16:02:21","guid":{"rendered":"https:\/\/be-healthy.taniko.me\/?post_type=product&#038;p=7371"},"modified":"2024-10-10T16:30:06","modified_gmt":"2024-10-10T16:30:06","slug":"life-extension-super-vitamin-e-268-mg-400-iu-90-softgels","status":"publish","type":"product","link":"https:\/\/be-healthy.taniko.me\/uk\/product\/life-extension-super-vitamin-e-268-mg-400-iu-90-softgels\/","title":{"rendered":"Life Extension, Super Vitamin E, 268 mg (400 IU), 90 Softgels"},"content":{"rendered":"<div class=\"col-xs-24 col-md-14\">\n<div class=\"row item-row\">\n<div class=\"col-xs-24\">\n<h3>\u041e\u043f\u0438\u0441<\/h3>\n<p>Za ve\u0107inu formulacija vitamina postoji samo jedna vrsta vitamina E. Ali s na\u0161im super vitaminom E dobivate bioraspolo\u017eiviji oblik koji se pokazao daleko boljim. Super vitamin E se mnogo bolje distribuira kroz tijelo nego sintetski oblik.<\/p>\n<p>Razlog je taj \u0161to se specifi\u010dni proteini nosa\u010di u jetri selektivno ve\u017eu za oblik vitamina E koji se bolje apsorbira i prenose ga krvlju do stanica cijelog tijela. Ti prijenosni proteini prepoznaju samo dio sintetskog vitamina E, a ostatak zanemaruju.<\/p>\n<p>Japanski istra\u017eiva\u010di dali su bioraspolo\u017eivi ili sintetski vitamin E mladim \u017eenama kako bi izmjerili koliko je vitamina E dospjelo u njihovu krv. Bilo je potrebno samo 100 mg super vitamina E da se proizvedu razine u krvi koje zahtijevaju 300 mg sintetskog vitamina E.<\/p>\n<p>Life Extension Super Vitamin E meke gelove sadr\u017ee samo bolje iskori\u0161teni, bioraspolo\u017eivi oblik vitamina E.<\/p>\n<h3>\u0420\u0435\u043a\u043e\u043c\u0435\u043d\u0434\u0430\u0446\u0456\u0457 \u0456\u0437 \u0437\u0430\u0441\u0442\u043e\u0441\u0443\u0432\u0430\u043d\u043d\u044f<\/h3>\n<p>Pro\u010ditajte cijelu etiketu i pa\u017eljivo slijedite upute prije uporabe.<\/p>\n<p>Uzmite jednu (1) meku gel dnevno s hranom ili prema preporuci lije\u010dnika.<\/p>\n<h3>\u0406\u043d\u0448\u0456 \u0456\u043d\u0433\u0440\u0435\u0434\u0456\u0454\u043d\u0442\u0438<\/h3>\n<p>\u017delatina, glicerin, pro\u010di\u0161\u0107ena voda.<\/p>\n<h3>\u041f\u043e\u043f\u0435\u0440\u0435\u0434\u0436\u0435\u043d\u043d\u044f<\/h3>\n<p>Ako uzimate lijekove protiv zgru\u0161avanja krvi ili trombocita, ili imate poreme\u0107aj krvarenja, posavjetujte se sa svojim lije\u010dnikom prije uzimanja ovog proizvoda.<\/p>\n<ul>\n<li>\u010cuvati izvan dohvata djece<\/li>\n<li>Nemojte prekora\u010diti preporu\u010denu dozu<\/li>\n<li>Ne kupujte ako je vanjski pe\u010dat slomljen ili o\u0161te\u0107en<\/li>\n<li>Prilikom kori\u0161tenja dodataka prehrani posavjetujte se sa svojim lije\u010dnikom ako ste podvrgnuti lije\u010denju zbog nekog zdravstvenog stanja ili ako ste trudni ili dojite<\/li>\n<\/ul>\n<p>\u010cuvati dobro zatvoreno na hladnom i suhom mjestu.<\/p>\n<\/div>\n<\/div>\n<div class=\"row item-row\">\n<div class=\"col-xs-24\"><\/div>\n<\/div>\n<\/div>\n<div class=\"col-xs-24 col-md-10\">\n<div class=\"supplement-facts-container\">\n<p><strong>\u041f\u043e\u0436\u0438\u0432\u043d\u0430 \u0446\u0456\u043d\u043d\u0456\u0441\u0442\u044c<\/strong><\/p>\n<table border=\"1\" width=\"100%\" cellspacing=\"0\" cellpadding=\"3\">\n<tbody>\n<tr valign=\"top\">\n<td colspan=\"3\"><strong>Veli\u010dina porcije:<\/strong> 1 mekana gel tableta<\/td>\n<\/tr>\n<tr valign=\"top\">\n<td width=\"70%\"><\/td>\n<td width=\"15%\"><strong>Koli\u010dina po obroku:<\/strong><\/td>\n<td width=\"15%\"><strong>% Dnevna vrijednost<\/strong><\/td>\n<\/tr>\n<tr valign=\"top\">\n<td>Vitamin E (kao D-alfa tokoferol iz suncokretovog ulja)<\/td>\n<td>268 mg<\/td>\n<td class=\"fr-selected-cell\">1787%<\/td>\n<\/tr>\n<\/tbody>\n<\/table>\n<\/div>\n<\/div>","protected":false},"excerpt":{"rendered":"<ul>\n<li>Dobiva se iz suncokretovog ulja<\/li>\n<li>\u0414\u0456\u0454\u0442\u0438\u0447\u043d\u0430 \u0434\u043e\u0431\u0430\u0432\u043a\u0430<\/li>\n<li>Non-GMO LE certificiran<\/li>\n<li>\u0411\u0435\u0437 \u0433\u043b\u044e\u0442\u0435\u043d\u0443<\/li>\n<\/ul>","protected":false},"featured_media":7373,"comment_status":"open","ping_status":"closed","template":"","meta":{"inline_featured_image":false},"product_cat":[15,98],"product_tag":[],"class_list":{"0":"post-7371","1":"product","2":"type-product","3":"status-publish","4":"has-post-thumbnail","6":"product_cat-supplements","7":"product_cat-vitamin-a-b-c-d-e-k","9":"first","10":"instock","11":"shipping-taxable","12":"purchasable","13":"product-type-simple"},"_links":{"self":[{"href":"https:\/\/be-healthy.taniko.me\/uk\/wp-json\/wp\/v2\/product\/7371","targetHints":{"allow":["GET"]}}],"collection":[{"href":"https:\/\/be-healthy.taniko.me\/uk\/wp-json\/wp\/v2\/product"}],"about":[{"href":"https:\/\/be-healthy.taniko.me\/uk\/wp-json\/wp\/v2\/types\/product"}],"replies":[{"embeddable":true,"href":"https:\/\/be-healthy.taniko.me\/uk\/wp-json\/wp\/v2\/comments?post=7371"}],"wp:featuredmedia":[{"embeddable":true,"href":"https:\/\/be-healthy.taniko.me\/uk\/wp-json\/wp\/v2\/media\/7373"}],"wp:attachment":[{"href":"https:\/\/be-healthy.taniko.me\/uk\/wp-json\/wp\/v2\/media?parent=7371"}],"wp:term":[{"taxonomy":"product_cat","embeddable":true,"href":"https:\/\/be-healthy.taniko.me\/uk\/wp-json\/wp\/v2\/product_cat?post=7371"},{"taxonomy":"product_tag","embeddable":true,"href":"https:\/\/be-healthy.taniko.me\/uk\/wp-json\/wp\/v2\/product_tag?post=7371"}],"curies":[{"name":"wp","href":"https:\/\/api.w.org\/{rel}","templated":true}]}}