{"id":7378,"date":"2024-03-03T16:12:12","date_gmt":"2024-03-03T16:12:12","guid":{"rendered":"https:\/\/be-healthy.taniko.me\/?post_type=product&#038;p=7378"},"modified":"2024-11-05T13:47:06","modified_gmt":"2024-11-05T13:47:06","slug":"now-foods-c-1000-250-tablets","status":"publish","type":"product","link":"https:\/\/be-healthy.taniko.me\/uk\/product\/now-foods-c-1000-250-tablets\/","title":{"rendered":"NOW Foods, C-1000, 250 Tablets"},"content":{"rendered":"<div class=\"col-xs-24 col-md-14\">\n<div class=\"row item-row\">\n<div class=\"col-xs-24\">\n<p>\u041e\u043f\u0438\u0441<\/p>\n<p>Vitamin C je hranjiv topiv u vodi dobro poznat po svojoj vitalnoj ulozi u imunolo\u0161kom sustavu. Vitamin C tako\u0111er je neophodan za proizvodnju kolagena (strukturni protein u vezivnom tkivu) i stoga je va\u017ean za zdravlje ko\u017ee, kostiju i zglobova. Vitamin C potreban je za metabolizam aminokiselina, sintezu neurotransmitera i iskori\u0161tavanje mnogih hranjivih tvari, poput folne kiseline i \u017eeljeza. Tako\u0111er je vrlo u\u010dinkovit antioksidans koji mo\u017ee pomo\u0107i u odr\u017eavanju zdravih tkiva neutraliziraju\u0107i slobodne radikale koji nastaju tijekom normalnog metabolizma i izlo\u017eenosti stresorima iz okoli\u0161a. Ovaj proizvod je posebno formuliran kako bi omogu\u0107io kontinuirano osloba\u0111anje vitamina C i uklju\u010duje \u0161ipak kao dodatni izvor vitamina C.<\/p>\n<p>\u0420\u0435\u043a\u043e\u043c\u0435\u043d\u0434\u0430\u0446\u0456\u0457 \u0456\u0437 \u0437\u0430\u0441\u0442\u043e\u0441\u0443\u0432\u0430\u043d\u043d\u044f<\/p>\n<p>Uzimati 1 tabletu dnevno.<\/p>\n<p>Ovaj proizvod je dizajniran za osloba\u0111anje tijekom du\u017eeg vremenskog razdoblja.<\/p>\n<p>\u0406\u043d\u0448\u0456 \u0456\u043d\u0433\u0440\u0435\u0434\u0456\u0454\u043d\u0442\u0438<\/p>\n<p>Celuloza, vegetarijanski premaz i magnezijev stearat (biljni izvor).<\/p>\n<p>Nije proizvedeno sa sastojcima p\u0161enice, glutena, soje, mlijeka, jaja, ribe, \u0161koljka\u0161a ili ora\u0161astih plodova. Proizvedeno u GMP postrojenju koje obra\u0111uje druge sastojke koji sadr\u017ee te alergene.<\/p>\n<p>\u041f\u043e\u043f\u0435\u0440\u0435\u0434\u0436\u0435\u043d\u043d\u044f<\/p>\n<p>\u010cuvati na hladnom i suhom mjestu nakon otvaranja.<\/p>\n<p>Oprez: Samo za odrasle. Posavjetujte se s lije\u010dnikom ako ste trudni\/dojite, uzimajte lijekove ili imate zdravstveno stanje. \u010cuvati izvan dohvata djece.<\/p>\n<p>U ovom proizvodu mo\u017ee do\u0107i do prirodne varijacije boje.<\/p>\n<\/div>\n<\/div>\n<div class=\"row item-row\">\n<div class=\"col-xs-24\"><\/div>\n<\/div>\n<\/div>\n<div class=\"col-xs-24 col-md-10\">\n<div class=\"supplement-facts-container\">\n<table border=\"1\" width=\"100%\" cellspacing=\"0\" cellpadding=\"3\">\n<tbody>\n<tr>\n<td colspan=\"3\"><strong>\u041f\u043e\u0436\u0438\u0432\u043d\u0430 \u0446\u0456\u043d\u043d\u0456\u0441\u0442\u044c<\/strong><\/td>\n<\/tr>\n<tr>\n<td colspan=\"3\"><strong>Veli\u010dina porcije:<\/strong> 1 tableta<\/td>\n<\/tr>\n<tr>\n<td width=\"70%\"><\/td>\n<td width=\"15%\"><strong>\u041a\u0456\u043b\u044c\u043a\u0456\u0441\u0442\u044c \u0432 1 \u043f\u043e\u0440\u0446\u0456\u0457<\/strong><\/td>\n<td width=\"15%\"><strong>% Dnevna vrijednost<\/strong><\/td>\n<\/tr>\n<tr>\n<td>Vitamin C (kao askorbinska kiselina)<\/td>\n<td>1 g (1,000 mg)<\/td>\n<td>1111%<\/td>\n<\/tr>\n<tr>\n<td>\u0160ipak u prahu (Rosa canina) (vo\u0107e)<\/td>\n<td>25 mg<\/td>\n<td>\u2020<\/td>\n<\/tr>\n<tr>\n<td colspan=\"3\">\u2020 Dnevna vrijednost nije utvr\u0111ena.<\/td>\n<\/tr>\n<\/tbody>\n<\/table>\n<\/div>\n<\/div>","protected":false},"excerpt":{"rendered":"<ul>\n<li>Antioksidativna za\u0161tita<br \/>\nProdu\u017eeno otpu\u0161tanje<br \/>\nSa \u0161ipkom<br \/>\n\u0411\u0435\u0437 \u0413\u041c\u041e<br \/>\n\u0414\u0456\u0454\u0442\u0438\u0447\u043d\u0430 \u0434\u043e\u0431\u0430\u0432\u043a\u0430<br \/>\nVegetarijanac\/vegan<br \/>\nKo\u0161er<br \/>\nVitamini<br \/>\nU obiteljskom vlasni\u0161tvu od 1968<br \/>\nZajam\u010dena GMP kvaliteta<\/li>\n<\/ul>","protected":false},"featured_media":7380,"comment_status":"open","ping_status":"closed","template":"","meta":{"inline_featured_image":false},"product_cat":[15,98,71],"product_tag":[],"class_list":{"0":"post-7378","1":"product","2":"type-product","3":"status-publish","4":"has-post-thumbnail","6":"product_cat-supplements","7":"product_cat-vitamin-a-b-c-d-e-k","8":"product_cat-vitamin-c","10":"first","11":"instock","12":"featured","13":"shipping-taxable","14":"purchasable","15":"product-type-simple"},"_links":{"self":[{"href":"https:\/\/be-healthy.taniko.me\/uk\/wp-json\/wp\/v2\/product\/7378","targetHints":{"allow":["GET"]}}],"collection":[{"href":"https:\/\/be-healthy.taniko.me\/uk\/wp-json\/wp\/v2\/product"}],"about":[{"href":"https:\/\/be-healthy.taniko.me\/uk\/wp-json\/wp\/v2\/types\/product"}],"replies":[{"embeddable":true,"href":"https:\/\/be-healthy.taniko.me\/uk\/wp-json\/wp\/v2\/comments?post=7378"}],"wp:featuredmedia":[{"embeddable":true,"href":"https:\/\/be-healthy.taniko.me\/uk\/wp-json\/wp\/v2\/media\/7380"}],"wp:attachment":[{"href":"https:\/\/be-healthy.taniko.me\/uk\/wp-json\/wp\/v2\/media?parent=7378"}],"wp:term":[{"taxonomy":"product_cat","embeddable":true,"href":"https:\/\/be-healthy.taniko.me\/uk\/wp-json\/wp\/v2\/product_cat?post=7378"},{"taxonomy":"product_tag","embeddable":true,"href":"https:\/\/be-healthy.taniko.me\/uk\/wp-json\/wp\/v2\/product_tag?post=7378"}],"curies":[{"name":"wp","href":"https:\/\/api.w.org\/{rel}","templated":true}]}}