{"id":7381,"date":"2024-03-03T16:18:20","date_gmt":"2024-03-03T16:18:20","guid":{"rendered":"https:\/\/be-healthy.taniko.me\/?post_type=product&#038;p=7381"},"modified":"2024-11-05T13:45:27","modified_gmt":"2024-11-05T13:45:27","slug":"doctors-best-vitamin-c-with-q-c-1000-mg-360-veggie-caps","status":"publish","type":"product","link":"https:\/\/be-healthy.taniko.me\/uk\/product\/doctors-best-vitamin-c-with-q-c-1000-mg-360-veggie-caps\/","title":{"rendered":"Doctor&#8217;s Best, Vitamin C with Q-C, 1,000 mg, 360 Veggie Caps"},"content":{"rendered":"<div class=\"col-xs-24 col-md-14\">\n<div class=\"row item-row\">\n<div class=\"col-xs-24\">\n<p>\u041e\u043f\u0438\u0441<\/p>\n<p>Doctor&#8217;s Best Vitamin C sadr\u017ei Q\u00ae-C, koji se proizvodi u \u0160kotskoj i cijenjen je zbog svoje kvalitete i pouzdanosti. Vitamin C neophodan je tijelu zbog svoje uloge u sintezi kolagena, karnitina i odre\u0111enih kemijskih transmitera u mozgu. Brojna klini\u010dka istra\u017eivanja potvr\u0111uju temeljnu potporu vitamina C za imunolo\u0161ki sustav, mozak, o\u010di, srce i cirkulaciju te sve organske sustave.<\/p>\n<p>Vitamin C tako\u0111er je donor elektrona, podr\u017eava brojne enzime i pove\u0107ava ukupni antioksidativni potencijal tijela.<\/p>\n<p>Poma\u017ee u odr\u017eavanju zdravog imunolo\u0161kog sustava<br \/>\nPoma\u017ee u odr\u017eavanju antioksidativnog potencijala tijela<br \/>\nNeophodan kofaktor za va\u017ene enzimske sustave<br \/>\nNeophodan za zglobove i ostala vezivna tkiva<br \/>\n\u0420\u0435\u043a\u043e\u043c\u0435\u043d\u0434\u0430\u0446\u0456\u0457 \u0456\u0437 \u0437\u0430\u0441\u0442\u043e\u0441\u0443\u0432\u0430\u043d\u043d\u044f<br \/>\n\u0420\u0435\u043a\u043e\u043c\u0435\u043d\u0434\u0430\u0446\u0456\u0457 \u0456\u0437 \u0437\u0430\u0441\u0442\u043e\u0441\u0443\u0432\u0430\u043d\u043d\u044f<\/p>\n<p>Upotreba za odrasle: Uzmite 1 kapsulu dnevno, po mogu\u0107nosti bez hrane, ili prema preporuci nutricionista.<\/p>\n<p>\u0406\u043d\u0448\u0456 \u0456\u043d\u0433\u0440\u0435\u0434\u0456\u0454\u043d\u0442\u0438<\/p>\n<p>Hipromeloza (vegetarijanska kapsula).<\/p>\n<p>\u041f\u043e\u043f\u0435\u0440\u0435\u0434\u0436\u0435\u043d\u043d\u044f<\/p>\n<p>\u0417\u0431\u0435\u0440\u0456\u0433\u0430\u0442\u0438 \u0432 \u0441\u0443\u0445\u043e\u043c\u0443 \u043f\u0440\u043e\u0445\u043e\u043b\u043e\u0434\u043d\u043e\u043c\u0443 \u043c\u0456\u0441\u0446\u0456.<\/p>\n<div class=\"col-xs-24 col-md-14\">\n<div class=\"row item-row\">\n<div class=\"col-xs-24\"><\/div>\n<\/div>\n<\/div>\n<div class=\"col-xs-24 col-md-10\">\n<div class=\"supplement-facts-container\">\n<table style=\"height: 149px;\" border=\"1\" width=\"1301\" cellspacing=\"0\" cellpadding=\"3\">\n<tbody>\n<tr valign=\"top\">\n<td colspan=\"3\"><strong>\u041f\u043e\u0436\u0438\u0432\u043d\u0430 \u0446\u0456\u043d\u043d\u0456\u0441\u0442\u044c<\/strong><\/td>\n<\/tr>\n<tr valign=\"top\">\n<td colspan=\"3\"><strong>\u0420\u043e\u0437\u043c\u0456\u0440 \u043f\u043e\u0440\u0446\u0456\u0457:<\/strong> 1 softgel<\/td>\n<\/tr>\n<tr valign=\"top\">\n<td colspan=\"3\"><strong>\u041f\u043e\u0440\u0446\u0456\u0439 \u0432 \u0443\u043f\u0430\u043a\u043e\u0432\u0446\u0456<\/strong>\u00a0360<\/td>\n<\/tr>\n<tr valign=\"top\">\n<td width=\"70%\"><\/td>\n<td width=\"15%\"><strong>\u041a\u0456\u043b\u044c\u043a\u0456\u0441\u0442\u044c \u0432 1 \u043f\u043e\u0440\u0446\u0456\u0457<\/strong><\/td>\n<td width=\"15%\"><strong>% \u0432\u0456\u0434 \u0434\u043e\u0431\u043e\u0432\u043e\u0457 \u043d\u043e\u0440\u043c\u0438<\/strong><\/td>\n<\/tr>\n<tr valign=\"top\">\n<td class=\"fr-selected-cell\">Vitamin C (as Q\u00ae -C ascorbic acid)<\/td>\n<td>1,000 mg<\/td>\n<td>1,111%<\/td>\n<\/tr>\n<\/tbody>\n<\/table>\n<\/div>\n<\/div>\n<\/div>\n<\/div>\n<\/div>\n<div class=\"col-xs-24 col-md-10\"><\/div>","protected":false},"excerpt":{"rendered":"<ul>\n<li id=\"tw-target-text\" class=\"tw-data-text tw-text-large tw-ta\" dir=\"ltr\" data-placeholder=\"\u041f\u0435\u0440\u0435\u0432\u043e\u0434\" data-ved=\"2ahUKEwiS6sDphISJAxVc0QIHHV5PAIgQ3ewLegQIBxAW\" aria-label=\"\u041f\u0435\u0440\u0435\u0432\u0435\u0434\u0435\u043d\u043d\u044b\u0439 \u0442\u0435\u043a\u0441\u0442: Znanstveno utemeljena prehrana\u2122 Poma\u017ee u odr\u017eavanju zdravog imunolo\u0161kog sustava Dodatak prehrani veganska Bez GMO \/ bez glutena \/ bez soje\">\u041d\u0430\u0443\u043a\u043e\u0432\u043e \u043e\u0431\u0491\u0440\u0443\u043d\u0442\u043e\u0432\u0430\u043d\u0435 \u0445\u0430\u0440\u0447\u0443\u0432\u0430\u043d\u043d\u044f<br \/>\nPoma\u017ee u odr\u017eavanju zdravog imunolo\u0161kog sustava<br \/>\n\u0414\u0456\u0454\u0442\u0438\u0447\u043d\u0430 \u0434\u043e\u0431\u0430\u0432\u043a\u0430<br \/>\nVeganska<br \/>\nBez GMO \/ bez glutena \/ bez soje<\/li>\n<\/ul>","protected":false},"featured_media":7383,"comment_status":"open","ping_status":"closed","template":"","meta":{"inline_featured_image":false},"product_cat":[15,98],"product_tag":[],"class_list":{"0":"post-7381","1":"product","2":"type-product","3":"status-publish","4":"has-post-thumbnail","6":"product_cat-supplements","7":"product_cat-vitamin-a-b-c-d-e-k","9":"first","10":"instock","11":"featured","12":"shipping-taxable","13":"purchasable","14":"product-type-simple"},"_links":{"self":[{"href":"https:\/\/be-healthy.taniko.me\/uk\/wp-json\/wp\/v2\/product\/7381","targetHints":{"allow":["GET"]}}],"collection":[{"href":"https:\/\/be-healthy.taniko.me\/uk\/wp-json\/wp\/v2\/product"}],"about":[{"href":"https:\/\/be-healthy.taniko.me\/uk\/wp-json\/wp\/v2\/types\/product"}],"replies":[{"embeddable":true,"href":"https:\/\/be-healthy.taniko.me\/uk\/wp-json\/wp\/v2\/comments?post=7381"}],"wp:featuredmedia":[{"embeddable":true,"href":"https:\/\/be-healthy.taniko.me\/uk\/wp-json\/wp\/v2\/media\/7383"}],"wp:attachment":[{"href":"https:\/\/be-healthy.taniko.me\/uk\/wp-json\/wp\/v2\/media?parent=7381"}],"wp:term":[{"taxonomy":"product_cat","embeddable":true,"href":"https:\/\/be-healthy.taniko.me\/uk\/wp-json\/wp\/v2\/product_cat?post=7381"},{"taxonomy":"product_tag","embeddable":true,"href":"https:\/\/be-healthy.taniko.me\/uk\/wp-json\/wp\/v2\/product_tag?post=7381"}],"curies":[{"name":"wp","href":"https:\/\/api.w.org\/{rel}","templated":true}]}}