{"id":7384,"date":"2024-03-03T16:24:27","date_gmt":"2024-03-03T16:24:27","guid":{"rendered":"https:\/\/be-healthy.taniko.me\/?post_type=product&#038;p=7384"},"modified":"2024-11-05T13:43:48","modified_gmt":"2024-11-05T13:43:48","slug":"now-foods-vitamin-d-3-high-potency-5000-iu-120-softgels","status":"publish","type":"product","link":"https:\/\/be-healthy.taniko.me\/uk\/product\/now-foods-vitamin-d-3-high-potency-5000-iu-120-softgels\/","title":{"rendered":"NOW Foods, Vitamin D-3, High Potency, 120 Softgels"},"content":{"rendered":"<div class=\"col-xs-24 col-md-14\">\n<div class=\"row item-row\">\n<div class=\"col-xs-24\">\n<div class=\"row item-row\">\n<div class=\"col-xs-24\">\n<p>\u041e\u043f\u0438\u0441<\/p>\n<p>NOW\u00ae Vitamin D-3 meke gelove opskrbljuju ovaj klju\u010dni vitamin u obliku teku\u0107ih mekih gelova koji se mogu visoko apsorbirati. Vitamin D se obi\u010dno dobiva iz prehrane ili proizvoda u ko\u017ei iz ultraljubi\u010daste energije sunca. Me\u0111utim, nema ga u izobilju u hrani. Kako sve vi\u0161e ljudi izbjegava izlaganje suncu, suplementacija vitaminom D postaje jo\u0161 potrebna kako bi va\u0161e tijelo dobilo odgovaraju\u0107u opskrbu.<\/p>\n<p>\u0420\u0435\u043a\u043e\u043c\u0435\u043d\u0434\u0430\u0446\u0456\u0457 \u0456\u0437 \u0437\u0430\u0441\u0442\u043e\u0441\u0443\u0432\u0430\u043d\u043d\u044f<\/p>\n<p>Uzmite 1 meku gela svaka 3 dana s obrokom koji sadr\u017ei mast ili prema uputama lije\u010dnika.<\/p>\n<p>\u0406\u043d\u0448\u0456 \u0456\u043d\u0433\u0440\u0435\u0434\u0456\u0454\u043d\u0442\u0438<\/p>\n<p>Ekstra djevi\u010dansko maslinovo kapsulirano ulje, gove\u0111a \u017eelatina u softgelama (bez bse), glicerin, voda] i ulje \u0161afranike.<\/p>\n<p>Proizveden je od sastojaka kvasca, p\u0161enice, glutena, soje, kukuruza, mlijeka, jaja, ribe ili \u0161koljke ili sezama. Proizvedeno u GMP postrojenju koje obra\u0111uje druge sastojke koji sadr\u017ee ove alergene.<\/p>\n<p>\u041f\u043e\u043f\u0435\u0440\u0435\u0434\u0436\u0435\u043d\u043d\u044f<\/p>\n<p>Samo za odrasle. Nemojte prekora\u010diti preporu\u010denu dozu. Posavjetujte se s lije\u010dnikom ako ste trudni\/dojite, uzimajte lijekove (osobite lokalne lijekove za psorijazu ili tiazidne diuretike) ili imate zdravstveno stanje (osobito hiperkalcemiju, bolest bubrega ili hiperparatireozu). \u010cuvati izvan dohvata djece.<\/p>\n<p>U ovom proizvodu mo\u017ee do\u0107i do prirodne varijacije boje.<\/p>\n<p>\u010cuvati na hladnom i suhom mjestu nakon otvaranja.<\/p>\n<\/div>\n<\/div>\n<div class=\"row item-row\">\n<div class=\"col-xs-24 col-md-14\">\n<div class=\"row item-row\">\n<div class=\"col-xs-24\">Dopuna \u010dinjenicama<\/p>\n<pre id=\"tw-target-text\" class=\"tw-data-text tw-text-large tw-ta\" dir=\"ltr\" data-placeholder=\"\u041f\u0435\u0440\u0435\u0432\u043e\u0434\" data-ved=\"2ahUKEwjIt77Tp8WJAxV86wIHHXRYOZ8Q3ewLegQICRAW\" aria-label=\"\u041f\u0435\u0440\u0435\u0432\u0435\u0434\u0435\u043d\u043d\u044b\u0439 \u0442\u0435\u043a\u0441\u0442: Veli\u010dina porcije: 1 softgel\"><\/pre>\n<table border=\"1\" width=\"100%\" cellspacing=\"0\" cellpadding=\"3\">\n<tbody>\n<tr valign=\"top\">\n<td width=\"70%\"><\/td>\n<td width=\"15%\"><strong>\u041a\u0456\u043b\u044c\u043a\u0456\u0441\u0442\u044c \u0432 1 \u043f\u043e\u0440\u0446\u0456\u0457<\/strong><\/td>\n<td width=\"15%\"><strong>% dnevna vrijednost<\/strong><\/td>\n<\/tr>\n<tr valign=\"top\">\n<td>Vitamin D3 (kao kolekalciferol) (iz lanolina)<\/td>\n<td>125 mcg (5,000 IU)<\/td>\n<td>625%<\/td>\n<\/tr>\n<\/tbody>\n<\/table>\n<\/div>\n<\/div>\n<\/div>\n<div class=\"col-xs-24 col-md-10\">\n<div class=\"supplement-facts-container\"><\/div>\n<\/div>\n<\/div>\n<\/div>\n<\/div>\n<\/div>","protected":false},"excerpt":{"rendered":"<ul>\n<li>Zdravlje kostiju i imuniteta<br \/>\nPodr\u017eava zdrave zube<br \/>\nObe\u0107ava zdravlje mi\u0161i\u0107a<br \/>\n\u0411\u0435\u0437 \u0413\u041c\u041e<br \/>\n\u0414\u0456\u0454\u0442\u0438\u0447\u043d\u0430 \u0434\u043e\u0431\u0430\u0432\u043a\u0430<br \/>\nKo\u0161er &#8211; Sadr\u017ei \u017eelatinu<br \/>\nVitamini<br \/>\nU obiteljskom vlasni\u0161tvu od 1968<br \/>\nZajam\u010dena GMP kvaliteta<br \/>\nHalal<\/li>\n<\/ul>","protected":false},"featured_media":7386,"comment_status":"open","ping_status":"closed","template":"","meta":{"inline_featured_image":false},"product_cat":[15,98],"product_tag":[],"class_list":{"0":"post-7384","1":"product","2":"type-product","3":"status-publish","4":"has-post-thumbnail","6":"product_cat-supplements","7":"product_cat-vitamin-a-b-c-d-e-k","9":"first","10":"instock","11":"featured","12":"shipping-taxable","13":"purchasable","14":"product-type-variable"},"_links":{"self":[{"href":"https:\/\/be-healthy.taniko.me\/uk\/wp-json\/wp\/v2\/product\/7384","targetHints":{"allow":["GET"]}}],"collection":[{"href":"https:\/\/be-healthy.taniko.me\/uk\/wp-json\/wp\/v2\/product"}],"about":[{"href":"https:\/\/be-healthy.taniko.me\/uk\/wp-json\/wp\/v2\/types\/product"}],"replies":[{"embeddable":true,"href":"https:\/\/be-healthy.taniko.me\/uk\/wp-json\/wp\/v2\/comments?post=7384"}],"wp:featuredmedia":[{"embeddable":true,"href":"https:\/\/be-healthy.taniko.me\/uk\/wp-json\/wp\/v2\/media\/7386"}],"wp:attachment":[{"href":"https:\/\/be-healthy.taniko.me\/uk\/wp-json\/wp\/v2\/media?parent=7384"}],"wp:term":[{"taxonomy":"product_cat","embeddable":true,"href":"https:\/\/be-healthy.taniko.me\/uk\/wp-json\/wp\/v2\/product_cat?post=7384"},{"taxonomy":"product_tag","embeddable":true,"href":"https:\/\/be-healthy.taniko.me\/uk\/wp-json\/wp\/v2\/product_tag?post=7384"}],"curies":[{"name":"wp","href":"https:\/\/api.w.org\/{rel}","templated":true}]}}