{"id":7392,"date":"2024-03-03T16:38:00","date_gmt":"2024-03-03T16:38:00","guid":{"rendered":"https:\/\/be-healthy.taniko.me\/?post_type=product&#038;p=7392"},"modified":"2024-11-05T13:38:27","modified_gmt":"2024-11-05T13:38:27","slug":"doctors-best-vitamin-d3-125-mcg-5000-iu-360-softgels","status":"publish","type":"product","link":"https:\/\/be-healthy.taniko.me\/uk\/product\/doctors-best-vitamin-d3-125-mcg-5000-iu-360-softgels\/","title":{"rendered":"Doctor&#8217;s Best, Vitamin D3, 125 mcg (5,000 IU), 360 Softgels"},"content":{"rendered":"<div class=\"col-xs-24 col-md-14\">\n<div class=\"row item-row\">\n<div class=\"col-xs-24\">\n<h2><strong>\u041e\u043f\u0438\u0441<\/strong><\/h2>\n<div>\n<p>\u0414\u043e\u0431\u0430\u0432\u043a\u0430 \u0437 \u0432\u0456\u0442\u0430\u043c\u0456\u043d\u043e\u043c D3 Doctor's Best <span class=\"Y2IQFc\" lang=\"hr\">\u043c\u0456\u0441\u0442\u0438\u0442\u044c \u0432\u0456\u0442\u0430\u043c\u0456\u043d D3 (\u0443 \u0432\u0438\u0433\u043b\u044f\u0434\u0456 \u0445\u043e\u043b\u0435\u043a\u0430\u043b\u044c\u0446\u0438\u0444\u0435\u0440\u043e\u043b\u0443), \u043d\u0435\u043e\u0431\u0445\u0456\u0434\u043d\u0438\u0439 \u043e\u0440\u0433\u0430\u043d\u0456\u0437\u043c\u0443, \u0449\u043e\u0431 \u0440\u0435\u0433\u0443\u043b\u044e\u0432\u0430\u0442\u0438 \u0440\u0456\u0432\u0435\u043d\u044c \u0444\u043e\u0441\u0444\u043e\u0440\u0443 \u0442\u0430 \u043a\u0430\u043b\u044c\u0446\u0456\u044e \u0434\u043b\u044f \u0437\u0434\u043e\u0440\u043e\u0432\u2019\u044f \u043a\u0456\u0441\u0442\u043e\u043a, \u0437\u0443\u0431\u0456\u0432 \u0456 \u0441\u0435\u0440\u0446\u044f. \u0412\u0456\u0442\u0430\u043c\u0456\u043d D3 \u0432\u0438\u0440\u043e\u0431\u043b\u044f\u0454\u0442\u044c\u0441\u044f \u0432 \u0448\u043a\u0456\u0440\u0456 \u0448\u043b\u044f\u0445\u043e\u043c \u043f\u043e\u0433\u043b\u0438\u043d\u0430\u043d\u043d\u044f \u0443\u043b\u044c\u0442\u0440\u0430\u0444\u0456\u043e\u043b\u0435\u0442\u043e\u0432\u043e\u0433\u043e \u0441\u043e\u043d\u044f\u0447\u043d\u043e\u0433\u043e \u043f\u0440\u043e\u043c\u0456\u043d\u043d\u044f. \u0423 \u0457\u0436\u0456 \u0432\u0456\u043d \u043c\u0456\u0441\u0442\u0438\u0442\u044c\u0441\u044f \u0432 \u043e\u0431\u043c\u0435\u0436\u0435\u043d\u0456\u0439 \u043a\u0456\u043b\u044c\u043a\u043e\u0441\u0442\u0456. \u0417\u0430\u0445\u0438\u0441\u0442 \u0432\u0456\u0434 \u0441\u043e\u043d\u0446\u044f \u0442\u0430 \u043a\u043b\u0456\u043c\u0430\u0442\u0438\u0447\u043d\u0456 \u0444\u0430\u043a\u0442\u043e\u0440\u0438 \u043c\u043e\u0436\u0443\u0442\u044c \u0441\u043f\u0440\u0438\u0447\u0438\u043d\u044f\u0442\u0438 \u043d\u0438\u0437\u044c\u043a\u0438\u0439 \u0440\u0456\u0432\u0435\u043d\u044c \u0432\u0456\u0442\u0430\u043c\u0456\u043d\u0443 D3. \u0412\u0456\u0442\u0430\u043c\u0456\u043d D3 \u043a\u043e\u0440\u0438\u0441\u043d\u0438\u0439 \u0434\u043b\u044f \u0456\u043c\u0443\u043d\u043d\u043e\u0457 \u0442\u0430 \u0441\u0435\u0440\u0446\u0435\u0432\u043e-\u0441\u0443\u0434\u0438\u043d\u043d\u043e\u0457 \u0441\u0438\u0441\u0442\u0435\u043c, \u0430 \u0442\u0430\u043a\u043e\u0436 \u0434\u043b\u044f \u0449\u0456\u043b\u044c\u043d\u043e\u0441\u0442\u0456 \u0439 \u0441\u0442\u0440\u0443\u043a\u0442\u0443\u0440\u0438 \u043a\u0456\u0441\u0442\u043e\u043a \u0456 \u043f\u0440\u0430\u0432\u0438\u043b\u044c\u043d\u043e\u0457 \u0440\u043e\u0431\u043e\u0442\u0438 \u043a\u043b\u0456\u0442\u0438\u043d. \u0412\u0456\u043d \u0432\u0456\u0434\u0456\u0433\u0440\u0430\u0454 \u0432\u0430\u0436\u043b\u0438\u0432\u0443 \u0440\u043e\u043b\u044c \u0443 \u0431\u0456\u043b\u044c\u0448\u043e\u0441\u0442\u0456 \u043e\u0440\u0433\u0430\u043d\u0456\u0432 \u0456 \u0441\u0438\u0441\u0442\u0435\u043c \u043e\u0440\u0433\u0430\u043d\u0456\u0437\u043c\u0443 \u0442\u0430 \u0432\u043f\u043b\u0438\u0432\u0430\u0454 \u043d\u0430 \u0445\u0456\u043c\u0456\u0447\u043d\u0456 \u043f\u0440\u043e\u0446\u0435\u0441\u0438 \u0456\u043c\u0443\u043d\u043d\u043e\u0457 \u0441\u0438\u0441\u0442\u0435\u043c\u0438.<\/span><\/p>\n<ul>\n<li>\u0414\u043e\u043f\u043e\u043c\u0430\u0433\u0430\u0454 \u0440\u0435\u0433\u0443\u043b\u044e\u0432\u0430\u0442\u0438 \u0440\u0456\u0432\u0435\u043d\u044c \u043a\u0430\u043b\u044c\u0446\u0456\u044e \u0442\u0430 \u0444\u043e\u0441\u0444\u043e\u0440\u0443, \u043d\u0435\u043e\u0431\u0445\u0456\u0434\u043d\u0438\u0439 \u0434\u043b\u044f \u0437\u0434\u043e\u0440\u043e\u0432\u0438\u0445 \u043a\u0456\u0441\u0442\u043e\u043a \u0456 \u0437\u0443\u0431\u0456\u0432.<\/li>\n<li>\u0414\u043e\u043f\u043e\u043c\u0430\u0433\u0430\u0454 \u043f\u0456\u0434\u0442\u0440\u0438\u043c\u0443\u0432\u0430\u0442\u0438 \u0456\u043c\u0443\u043d\u0456\u0442\u0435\u0442 \u0456 \u0437\u0434\u043e\u0440\u043e\u0432\u0443 \u0440\u043e\u0431\u043e\u0442\u0443 \u0441\u0435\u0440\u0446\u044f.<\/li>\n<\/ul>\n<\/div>\n<\/div>\n<\/div>\n<div class=\"row item-row\">\n<div class=\"col-xs-24\">\n<h3 id=\"tw-target-text\" class=\"tw-data-text tw-text-large tw-ta\" dir=\"ltr\" data-placeholder=\"\u041f\u0435\u0440\u0435\u043a\u043b\u0430\u0434\" data-ved=\"2ahUKEwiC3--HyoOJAxXP_7sIHW79MoMQ3ewLegQIExAU\" aria-label=\"\u041f\u0435\u0440\u0435\u043a\u043b\u0430\u0434\u0435\u043d\u0438\u0439 \u0442\u0435\u043a\u0441\u0442: Preporu\u010dena uporaba\"><strong><span class=\"Y2IQFc\" lang=\"hr\">\u0420\u0435\u043a\u043e\u043c\u0435\u043d\u0434\u0430\u0446\u0456\u0457 \u0456\u0437 \u0437\u0430\u0441\u0442\u043e\u0441\u0443\u0432\u0430\u043d\u043d\u044f<\/span><\/strong><\/h3>\n<div class=\"prodOverviewDetail\">\n<p id=\"tw-target-text\" class=\"tw-data-text tw-text-large tw-ta\" dir=\"ltr\" data-placeholder=\"\u041f\u0435\u0440\u0435\u043a\u043b\u0430\u0434\" data-ved=\"2ahUKEwiC3--HyoOJAxXP_7sIHW79MoMQ3ewLegQIExAU\" aria-label=\"\u041f\u0435\u0440\u0435\u043a\u043b\u0430\u0434\u0435\u043d\u0438\u0439 \u0442\u0435\u043a\u0441\u0442: Primjena za odrasle:\u00a0Uzmite 1 meku gel dnevno s hranom ili prema preporuci nutricionista.\"><strong><span class=\"Y2IQFc\" lang=\"hr\">\u0414\u043e\u0440\u043e\u0441\u043b\u0438\u043c<\/span>:<\/strong> \u043f\u0440\u0438\u0439\u043c\u0430\u0442\u0438 \u043f\u043e 1 \u043a\u0430\u043f\u0441\u0443\u043b\u0456 \u043d\u0430 \u0434\u0435\u043d\u044c \u043f\u0456\u0434 \u0447\u0430\u0441 \u0457\u0434\u0438 \u0430\u0431\u043e \u0432\u0456\u0434\u043f\u043e\u0432\u0456\u0434\u043d\u043e \u0434\u043e \u0440\u0435\u043a\u043e\u043c\u0435\u043d\u0434\u0430\u0446\u0456\u0439 \u043b\u0456\u043a\u0430\u0440\u044f-\u0434\u0456\u0454\u0442\u043e\u043b\u043e\u0433\u0430.<\/p>\n<\/div>\n<\/div>\n<\/div>\n<div class=\"row item-row\">\n<div class=\"col-xs-24\">\n<h3>\u0406\u043d\u0448\u0456 \u0456\u043d\u0433\u0440\u0435\u0434\u0456\u0454\u043d\u0442\u0438<\/h3>\n<div class=\"prodOverviewIngred\">\n<p id=\"tw-target-text\" class=\"tw-data-text tw-text-large tw-ta\" dir=\"ltr\" data-placeholder=\"\u041f\u0435\u0440\u0435\u043a\u043b\u0430\u0434\" data-ved=\"2ahUKEwiC3--HyoOJAxXP_7sIHW79MoMQ3ewLegQIExAU\" aria-label=\"\u041f\u0435\u0440\u0435\u043a\u043b\u0430\u0434\u0435\u043d\u0438\u0439 \u0442\u0435\u043a\u0441\u0442: Ekstra djevi\u010dansko maslinovo ulje, softgel kapsula (\u017eelatina, glicerin, pro\u010di\u0161\u0107ena voda).\"><span class=\"Y2IQFc\" lang=\"hr\">\u041d\u0435\u0440\u0430\u0444\u0456\u043d\u043e\u0432\u0430\u043d\u0430 \u043e\u043b\u0438\u0432\u043a\u043e\u0432\u0430 \u043e\u043b\u0456\u044f \u043f\u0435\u0440\u0448\u043e\u0433\u043e \u0432\u0456\u0434\u0436\u0438\u043c\u0443, \u043a\u0430\u043f\u0441\u0443\u043b\u0430 (\u0431\u0438\u0447\u0430\u0447\u0438\u0439 \u0436\u0435\u043b\u0430\u0442\u0438\u043d, \u0433\u043b\u0456\u0446\u0435\u0440\u0438\u043d, \u043e\u0447\u0438\u0449\u0435\u043d\u0430 \u0432\u043e\u0434\u0430).<\/span><\/p>\n<\/div>\n<\/div>\n<\/div>\n<div class=\"row item-row\">\n<div class=\"col-xs-24\">\n<h3 id=\"tw-target-text\" class=\"tw-data-text tw-text-large tw-ta\" dir=\"ltr\" data-placeholder=\"\u041f\u0435\u0440\u0435\u043a\u043b\u0430\u0434\" data-ved=\"2ahUKEwiC3--HyoOJAxXP_7sIHW79MoMQ3ewLegQIExAU\" aria-label=\"\u041f\u0435\u0440\u0435\u043a\u043b\u0430\u0434\u0435\u043d\u0438\u0439 \u0442\u0435\u043a\u0441\u0442: Upozorenja\"><strong><span class=\"Y2IQFc\" lang=\"hr\">\u041f\u043e\u043f\u0435\u0440\u0435\u0434\u0436\u0435\u043d\u043d\u044f<\/span><\/strong><\/h3>\n<div class=\"prodOverviewDetail\">\n<p>\u0417\u0431\u0435\u0440\u0456\u0433\u0430\u0442\u0438 \u0432 \u0441\u0443\u0445\u043e\u043c\u0443 \u043f\u0440\u043e\u0445\u043e\u043b\u043e\u0434\u043d\u043e\u043c\u0443 \u043c\u0456\u0441\u0446\u0456.<\/p>\n<\/div>\n<\/div>\n<\/div>\n<div class=\"row item-row\">\n<div class=\"col-xs-24\"><\/div>\n<\/div>\n<\/div>\n<div class=\"col-xs-24 col-md-10\">\n<div class=\"supplement-facts-container\">\n<table style=\"height: 149px;\" border=\"1\" width=\"1301\" cellspacing=\"0\" cellpadding=\"3\">\n<tbody>\n<tr valign=\"top\">\n<td colspan=\"3\"><strong>\u041f\u043e\u0436\u0438\u0432\u043d\u0430 \u0446\u0456\u043d\u043d\u0456\u0441\u0442\u044c<\/strong><\/td>\n<\/tr>\n<tr valign=\"top\">\n<td colspan=\"3\"><strong>\u0420\u043e\u0437\u043c\u0456\u0440 \u043f\u043e\u0440\u0446\u0456\u0457:<\/strong> 1 softgel<\/td>\n<\/tr>\n<tr valign=\"top\">\n<td colspan=\"3\"><strong>\u041f\u043e\u0440\u0446\u0456\u0439 \u0432 \u0443\u043f\u0430\u043a\u043e\u0432\u0446\u0456<\/strong>\u00a0360<\/td>\n<\/tr>\n<tr valign=\"top\">\n<td width=\"70%\"><\/td>\n<td width=\"15%\"><strong>\u041a\u0456\u043b\u044c\u043a\u0456\u0441\u0442\u044c \u0432 1 \u043f\u043e\u0440\u0446\u0456\u0457<\/strong><\/td>\n<td width=\"15%\"><strong>% \u0432\u0456\u0434 \u0434\u043e\u0431\u043e\u0432\u043e\u0457 \u043d\u043e\u0440\u043c\u0438<\/strong><\/td>\n<\/tr>\n<tr valign=\"top\">\n<td class=\"fr-selected-cell\">\u0412\u0456\u0442\u0430\u043c\u0456\u043d D3 (\u0443 \u0432\u0438\u0433\u043b\u044f\u0434\u0456 \u0445\u043e\u043b\u0435\u043a\u0430\u043b\u044c\u0446\u0438\u0444\u0435\u0440\u043e\u043b\u0443)<\/td>\n<td>125 \u043c\u043a\u0433 (5000 \u041c\u041e)<\/td>\n<td>625%<\/td>\n<\/tr>\n<\/tbody>\n<\/table>\n<\/div>\n<\/div>","protected":false},"excerpt":{"rendered":"<ul>\n<li id=\"tw-target-text\" class=\"tw-data-text tw-text-large tw-ta\" dir=\"ltr\" data-placeholder=\"\u041f\u0435\u0440\u0435\u043a\u043b\u0430\u0434\" data-ved=\"2ahUKEwiC3--HyoOJAxXP_7sIHW79MoMQ3ewLegQIExAU\" aria-label=\"\u0411\u0435\u0437 \u0413\u041c\u041e\">\u041d\u0430\u0443\u043a\u043e\u0432\u043e \u043e\u0431\u0491\u0440\u0443\u043d\u0442\u043e\u0432\u0430\u043d\u0435 \u0445\u0430\u0440\u0447\u0443\u0432\u0430\u043d\u043d\u044f<\/li>\n<li class=\"tw-data-text tw-text-large tw-ta\" dir=\"ltr\" data-placeholder=\"\u041f\u0435\u0440\u0435\u043a\u043b\u0430\u0434\" data-ved=\"2ahUKEwiC3--HyoOJAxXP_7sIHW79MoMQ3ewLegQIExAU\" aria-label=\"\u0411\u0435\u0437 \u0413\u041c\u041e\">\u0414\u043e\u043f\u043e\u043c\u0430\u0433\u0430\u0454 \u043f\u0456\u0434\u0442\u0440\u0438\u043c\u0443\u0432\u0430\u0442\u0438 \u0437\u0434\u043e\u0440\u043e\u0432\u2019\u044f \u0456\u043c\u0443\u043d\u0456\u0442\u0435\u0442\u0443, \u0441\u0435\u0440\u0446\u044f \u0442\u0430 \u043a\u0456\u0441\u0442\u043e\u043a<\/li>\n<li class=\"tw-data-text tw-text-large tw-ta\" dir=\"ltr\" data-placeholder=\"\u041f\u0435\u0440\u0435\u043a\u043b\u0430\u0434\" data-ved=\"2ahUKEwiC3--HyoOJAxXP_7sIHW79MoMQ3ewLegQIExAU\" aria-label=\"\u0411\u0435\u0437 \u0413\u041c\u041e\">\u0414\u0456\u0454\u0442\u0438\u0447\u043d\u0430 \u0434\u043e\u0431\u0430\u0432\u043a\u0430<\/li>\n<li class=\"tw-data-text tw-text-large tw-ta\" dir=\"ltr\" data-placeholder=\"\u041f\u0435\u0440\u0435\u043a\u043b\u0430\u0434\" data-ved=\"2ahUKEwiC3--HyoOJAxXP_7sIHW79MoMQ3ewLegQIExAU\" aria-label=\"\u0411\u0435\u0437 \u0413\u041c\u041e\">\u0411\u0435\u0437 \u0413\u041c\u041e<\/li>\n<li class=\"tw-data-text tw-text-large tw-ta\" dir=\"ltr\" data-placeholder=\"\u041f\u0435\u0440\u0435\u043a\u043b\u0430\u0434\" data-ved=\"2ahUKEwiC3--HyoOJAxXP_7sIHW79MoMQ3ewLegQIExAU\" aria-label=\"\u0411\u0435\u0437 \u0413\u041c\u041e\">\u0411\u0435\u0437 \u0433\u043b\u044e\u0442\u0435\u043d\u0443<\/li>\n<li class=\"tw-data-text tw-text-large tw-ta\" dir=\"ltr\" data-placeholder=\"\u041f\u0435\u0440\u0435\u043a\u043b\u0430\u0434\" data-ved=\"2ahUKEwiC3--HyoOJAxXP_7sIHW79MoMQ3ewLegQIExAU\" aria-label=\"\u0411\u0435\u0437 \u0413\u041c\u041e\">\u0411\u0435\u0437 \u0441\u043e\u0457<\/li>\n<\/ul>","protected":false},"featured_media":7393,"comment_status":"open","ping_status":"closed","template":"","meta":{"inline_featured_image":false},"product_cat":[15,98],"product_tag":[],"class_list":{"0":"post-7392","1":"product","2":"type-product","3":"status-publish","4":"has-post-thumbnail","6":"product_cat-supplements","7":"product_cat-vitamin-a-b-c-d-e-k","9":"first","10":"instock","11":"featured","12":"shipping-taxable","13":"purchasable","14":"product-type-simple"},"_links":{"self":[{"href":"https:\/\/be-healthy.taniko.me\/uk\/wp-json\/wp\/v2\/product\/7392","targetHints":{"allow":["GET"]}}],"collection":[{"href":"https:\/\/be-healthy.taniko.me\/uk\/wp-json\/wp\/v2\/product"}],"about":[{"href":"https:\/\/be-healthy.taniko.me\/uk\/wp-json\/wp\/v2\/types\/product"}],"replies":[{"embeddable":true,"href":"https:\/\/be-healthy.taniko.me\/uk\/wp-json\/wp\/v2\/comments?post=7392"}],"wp:featuredmedia":[{"embeddable":true,"href":"https:\/\/be-healthy.taniko.me\/uk\/wp-json\/wp\/v2\/media\/7393"}],"wp:attachment":[{"href":"https:\/\/be-healthy.taniko.me\/uk\/wp-json\/wp\/v2\/media?parent=7392"}],"wp:term":[{"taxonomy":"product_cat","embeddable":true,"href":"https:\/\/be-healthy.taniko.me\/uk\/wp-json\/wp\/v2\/product_cat?post=7392"},{"taxonomy":"product_tag","embeddable":true,"href":"https:\/\/be-healthy.taniko.me\/uk\/wp-json\/wp\/v2\/product_tag?post=7392"}],"curies":[{"name":"wp","href":"https:\/\/api.w.org\/{rel}","templated":true}]}}